{"id":714721,"date":"2025-08-27T17:22:05","date_gmt":"2025-08-27T14:22:05","guid":{"rendered":"https:\/\/roveyayinevi.com.tr\/index.php\/urun\/gulistan-4\/"},"modified":"2026-04-16T02:22:56","modified_gmt":"2026-04-15T23:22:56","slug":"gulistan-4","status":"publish","type":"product","link":"https:\/\/roveyayinevi.com.tr\/index.php\/urun\/gulistan-4\/","title":{"rendered":"G\u00fclistan"},"content":{"rendered":"<p>S\u00e2d\u00ee-i \u015eir\u00e2z\u00ee\u2019nin \u00e7a\u011flar\u0131 a\u015fan ve \u0130ran\u2019dan yay\u0131larak b\u00fct\u00fcn d\u00fcnyada yank\u0131lanan eseri G\u00fclistan, Mehmet Kanar\u2019\u0131n yetkin \u00e7evirisi ve iki dilli bask\u0131s\u0131yla okura sunuluyor: &#8220;Ya\u011fmurun temiz tabiat\u0131nda yokken ayk\u0131r\u0131l\u0131k, bah\u00e7ede l\u00e2le biter, k\u0131ra\u00e7 toprakta diken. \u0130mk\u00e2ns\u0131z g\u00f6ru\u0308nen i\u015flerin \u00e7ekme kayg\u0131s\u0131n\u0131; olma umutsuz. Karanl\u0131ktad\u0131r \u00e7u\u0308nku\u0308 hayat suyu.\u201d<\/p>\n","protected":false},"excerpt":{"rendered":"<p>S\u00e2d\u00ee-i \u015eir\u00e2z\u00ee\u2019nin \u00e7a\u011flar\u0131 a\u015fan ve \u0130ran\u2019dan yay\u0131larak b\u00fct\u00fcn d\u00fcnyada yank\u0131lanan eseri G\u00fclistan, Mehmet Kanar\u2019\u0131n yetkin \u00e7evirisi ve iki dilli bask\u0131s\u0131yla okura sunuluyor: &#8220;Ya\u011fmurun temiz tabiat\u0131nda yokken<span class=\"excerpt-hellip\"> [\u2026]<\/span><\/p>\n","protected":false},"featured_media":0,"template":"","meta":{"_monsterinsights_skip_tracking":false,"_monsterinsights_sitenote_active":false,"_monsterinsights_sitenote_note":"","_monsterinsights_sitenote_category":0},"product_brand":[],"product_cat":[12291,12509],"product_tag":[],"class_list":{"0":"post-714721","1":"product","2":"type-product","3":"status-publish","5":"product_cat-edebiyat","6":"product_cat-siir","7":"pa_cilt-ciltsiz","8":"pa_tur-kitap","9":"pa_yayinevi-ayrinti-yayinlari","10":"pa_yazar-sadi-i-sirazi","12":"first","13":"instock","14":"sale","15":"shipping-taxable","16":"purchasable","17":"product-type-simple"},"_links":{"self":[{"href":"https:\/\/roveyayinevi.com.tr\/index.php\/wp-json\/wp\/v2\/product\/714721","targetHints":{"allow":["GET"]}}],"collection":[{"href":"https:\/\/roveyayinevi.com.tr\/index.php\/wp-json\/wp\/v2\/product"}],"about":[{"href":"https:\/\/roveyayinevi.com.tr\/index.php\/wp-json\/wp\/v2\/types\/product"}],"wp:attachment":[{"href":"https:\/\/roveyayinevi.com.tr\/index.php\/wp-json\/wp\/v2\/media?parent=714721"}],"wp:term":[{"taxonomy":"product_brand","embeddable":true,"href":"https:\/\/roveyayinevi.com.tr\/index.php\/wp-json\/wp\/v2\/product_brand?post=714721"},{"taxonomy":"product_cat","embeddable":true,"href":"https:\/\/roveyayinevi.com.tr\/index.php\/wp-json\/wp\/v2\/product_cat?post=714721"},{"taxonomy":"product_tag","embeddable":true,"href":"https:\/\/roveyayinevi.com.tr\/index.php\/wp-json\/wp\/v2\/product_tag?post=714721"}],"curies":[{"name":"wp","href":"https:\/\/api.w.org\/{rel}","templated":true}]}}