{"id":714720,"date":"2025-08-27T17:22:04","date_gmt":"2025-08-27T14:22:04","guid":{"rendered":"https:\/\/roveyayinevi.com.tr\/index.php\/urun\/dusun-bakalim-filozoflar-icin-bir-ilham-kaynagi\/"},"modified":"2026-04-16T02:22:56","modified_gmt":"2026-04-15T23:22:56","slug":"dusun-bakalim-filozoflar-icin-bir-ilham-kaynagi","status":"publish","type":"product","link":"https:\/\/roveyayinevi.com.tr\/index.php\/urun\/dusun-bakalim-filozoflar-icin-bir-ilham-kaynagi\/","title":{"rendered":"D\u00fc\u015f\u00fcn Bakal\u0131m &#8211; Filozoflar \u0130\u00e7in Bir \u0130lham Kayna\u011f\u0131"},"content":{"rendered":"<p>Neleri Merak Ediyorsun? Du\u0308nyay\u0131, insan\u0131, ya\u015fam\u0131? Mutlulu\u011fun ne oldu\u011funu, nedenvaroldu\u011fumuzu, du\u0308\u015fu\u0308ncelerimizinbizinas\u0131ly\u00f6nlendirdi\u011finiyada \u201cdo\u011fru\u201d olan\u0131n ne oldu\u011funumerakediyormusun? B\u00f6yle\u015feylerisormayaba\u015flad\u0131ysanfelsefeyehi\u00e7 de uzakde\u011filsin. Meraketti\u011findendahafazlas\u0131n\u0131bilmeki\u00e7insab\u0131rs\u0131zl\u0131kduydu\u011fundafelsefe hep yan\u0131nda. D\u00fc\u015f\u00fcn Bakal\u0131m? felsefeninger\u00e7ekte ne oldu\u011fuylailgilianla\u015f\u0131lmas\u0131kolayvee\u011flencelibirbak\u0131\u015fsunuyor. Kitap, klasikd\u00f6nemfilozoflar\u0131n\u0131n en bilinenisimleriniyak\u0131ndantan\u0131tarakokurunufelsefeyapman\u0131ntemelini\u00f6\u011fretenbirdizisoruylabulu\u015fturuyor. Filozofolmaki\u00e7inge\u00e7kalmad\u0131ngen\u00e7filozof! Neredenba\u015flayacaks\u0131ndu\u0308\u015fu\u0308nbakal\u0131m&#8230; Bilgeliki\u00e7inmu\u0308kemmelbiryolg\u00f6sterenbu ilk felsefekitab\u0131nda, Peter Ekberg\u2019inmetinlerineesprili\u00e7izimleriyle Sven Nordqviste\u015flikediyor<\/p>\n","protected":false},"excerpt":{"rendered":"<p>Neleri Merak Ediyorsun? Du\u0308nyay\u0131, insan\u0131, ya\u015fam\u0131? Mutlulu\u011fun ne oldu\u011funu, nedenvaroldu\u011fumuzu, du\u0308\u015fu\u0308ncelerimizinbizinas\u0131ly\u00f6nlendirdi\u011finiyada \u201cdo\u011fru\u201d olan\u0131n ne oldu\u011funumerakediyormusun? B\u00f6yle\u015feylerisormayaba\u015flad\u0131ysanfelsefeyehi\u00e7 de uzakde\u011filsin. Meraketti\u011findendahafazlas\u0131n\u0131bilmeki\u00e7insab\u0131rs\u0131zl\u0131kduydu\u011fundafelsefe hep yan\u0131nda. D\u00fc\u015f\u00fcn Bakal\u0131m? felsefeninger\u00e7ekte ne oldu\u011fuylailgilianla\u015f\u0131lmas\u0131kolayvee\u011flencelibirbak\u0131\u015fsunuyor.<span class=\"excerpt-hellip\"> [\u2026]<\/span><\/p>\n","protected":false},"featured_media":0,"template":"","meta":{"_monsterinsights_skip_tracking":false,"_monsterinsights_sitenote_active":false,"_monsterinsights_sitenote_note":"","_monsterinsights_sitenote_category":0},"product_brand":[],"product_cat":[12274,12284],"product_tag":[],"class_list":{"0":"post-714720","1":"product","2":"type-product","3":"status-publish","5":"product_cat-cocuk-ve-genclik-kitaplari","6":"product_cat-hikayeler","7":"pa_cilt-ciltsiz","8":"pa_tur-kitap","9":"pa_yayinevi-dinozor-cocuk","10":"pa_yazar-peter-ekberg-sven-nordqvist","12":"first","13":"instock","14":"sale","15":"shipping-taxable","16":"purchasable","17":"product-type-simple"},"_links":{"self":[{"href":"https:\/\/roveyayinevi.com.tr\/index.php\/wp-json\/wp\/v2\/product\/714720","targetHints":{"allow":["GET"]}}],"collection":[{"href":"https:\/\/roveyayinevi.com.tr\/index.php\/wp-json\/wp\/v2\/product"}],"about":[{"href":"https:\/\/roveyayinevi.com.tr\/index.php\/wp-json\/wp\/v2\/types\/product"}],"wp:attachment":[{"href":"https:\/\/roveyayinevi.com.tr\/index.php\/wp-json\/wp\/v2\/media?parent=714720"}],"wp:term":[{"taxonomy":"product_brand","embeddable":true,"href":"https:\/\/roveyayinevi.com.tr\/index.php\/wp-json\/wp\/v2\/product_brand?post=714720"},{"taxonomy":"product_cat","embeddable":true,"href":"https:\/\/roveyayinevi.com.tr\/index.php\/wp-json\/wp\/v2\/product_cat?post=714720"},{"taxonomy":"product_tag","embeddable":true,"href":"https:\/\/roveyayinevi.com.tr\/index.php\/wp-json\/wp\/v2\/product_tag?post=714720"}],"curies":[{"name":"wp","href":"https:\/\/api.w.org\/{rel}","templated":true}]}}