{"id":714718,"date":"2025-08-27T17:22:02","date_gmt":"2025-08-27T14:22:02","guid":{"rendered":"https:\/\/roveyayinevi.com.tr\/index.php\/urun\/bustan\/"},"modified":"2026-04-16T02:22:56","modified_gmt":"2026-04-15T23:22:56","slug":"bustan","status":"publish","type":"product","link":"https:\/\/roveyayinevi.com.tr\/index.php\/urun\/bustan\/","title":{"rendered":"B\u00fcstan"},"content":{"rendered":"<p>S\u00e2d\u00ee-i \u015eir\u00e2z\u00ee\u2019nin \u00f6l\u00fcms\u00fcz eseri B\u00fbstan, iki dilde (Fars\u00e7a-T\u00fcrk\u00e7e) haz\u0131rlanarak, Naci Tokmak\u2019\u0131n yetkin \u00e7evirisiyle okura sunuluyor. \u201cD\u00fcnya \u00e7alkaland\u0131ktan sonra durulmad\u0131 m\u0131? Sa\u2018d\u00ee arzusuna ula\u015fana kadar dola\u015fmad\u0131 m\u0131? Mur\u00e2da eremedim diye \u00fcz\u00fclmekten ne \u00e7\u0131kar? Geceler gebedir, g\u00fcn do\u011fmadan neler do\u011far.\u201d <\/p>\n","protected":false},"excerpt":{"rendered":"<p>S\u00e2d\u00ee-i \u015eir\u00e2z\u00ee\u2019nin \u00f6l\u00fcms\u00fcz eseri B\u00fbstan, iki dilde (Fars\u00e7a-T\u00fcrk\u00e7e) haz\u0131rlanarak, Naci Tokmak\u2019\u0131n yetkin \u00e7evirisiyle okura sunuluyor. \u201cD\u00fcnya \u00e7alkaland\u0131ktan sonra durulmad\u0131 m\u0131? Sa\u2018d\u00ee arzusuna ula\u015fana kadar dola\u015fmad\u0131 m\u0131?<span class=\"excerpt-hellip\"> [\u2026]<\/span><\/p>\n","protected":false},"featured_media":0,"template":"","meta":{"_monsterinsights_skip_tracking":false,"_monsterinsights_sitenote_active":false,"_monsterinsights_sitenote_note":"","_monsterinsights_sitenote_category":0},"product_brand":[],"product_cat":[12291,12509],"product_tag":[],"class_list":{"0":"post-714718","1":"product","2":"type-product","3":"status-publish","5":"product_cat-edebiyat","6":"product_cat-siir","7":"pa_cilt-ciltsiz","8":"pa_tur-kitap","9":"pa_yayinevi-ayrinti-yayinlari","10":"pa_yazar-sadi-i-sirazi","12":"first","13":"instock","14":"sale","15":"shipping-taxable","16":"purchasable","17":"product-type-simple"},"_links":{"self":[{"href":"https:\/\/roveyayinevi.com.tr\/index.php\/wp-json\/wp\/v2\/product\/714718","targetHints":{"allow":["GET"]}}],"collection":[{"href":"https:\/\/roveyayinevi.com.tr\/index.php\/wp-json\/wp\/v2\/product"}],"about":[{"href":"https:\/\/roveyayinevi.com.tr\/index.php\/wp-json\/wp\/v2\/types\/product"}],"wp:attachment":[{"href":"https:\/\/roveyayinevi.com.tr\/index.php\/wp-json\/wp\/v2\/media?parent=714718"}],"wp:term":[{"taxonomy":"product_brand","embeddable":true,"href":"https:\/\/roveyayinevi.com.tr\/index.php\/wp-json\/wp\/v2\/product_brand?post=714718"},{"taxonomy":"product_cat","embeddable":true,"href":"https:\/\/roveyayinevi.com.tr\/index.php\/wp-json\/wp\/v2\/product_cat?post=714718"},{"taxonomy":"product_tag","embeddable":true,"href":"https:\/\/roveyayinevi.com.tr\/index.php\/wp-json\/wp\/v2\/product_tag?post=714718"}],"curies":[{"name":"wp","href":"https:\/\/api.w.org\/{rel}","templated":true}]}}