{"id":714715,"date":"2025-08-27T17:22:00","date_gmt":"2025-08-27T14:22:00","guid":{"rendered":"https:\/\/roveyayinevi.com.tr\/index.php\/urun\/degerli-masallar-kolleksiyonlari-grimm-masallari\/"},"modified":"2026-04-16T02:22:56","modified_gmt":"2026-04-15T23:22:56","slug":"degerli-masallar-kolleksiyonlari-grimm-masallari","status":"publish","type":"product","link":"https:\/\/roveyayinevi.com.tr\/index.php\/urun\/degerli-masallar-kolleksiyonlari-grimm-masallari\/","title":{"rendered":"De\u011ferli Masallar Kolleksiyonlar\u0131 &#8211; Grimm Masallar\u0131"},"content":{"rendered":"<p>Pamuk Prenses Kahraman Terzi Rapunzel Hansel ve Gretel Bremen M\u0131z\u0131kac\u0131lar\u0131 \u00dc\u00e7 \u0130plik\u00e7i Kad\u0131n   \u00c7ocuklar\u0131n dinlemekten keyif alaca\u011f\u0131, ilgi \u00e7ekici \u00e7izimleri ve etkileyici anlat\u0131mlar\u0131yla en g\u00fczel Grimm masallar\u0131\u2026<\/p>\n","protected":false},"excerpt":{"rendered":"<p>Pamuk Prenses Kahraman Terzi Rapunzel Hansel ve Gretel Bremen M\u0131z\u0131kac\u0131lar\u0131 \u00dc\u00e7 \u0130plik\u00e7i Kad\u0131n \u00c7ocuklar\u0131n dinlemekten keyif alaca\u011f\u0131, ilgi \u00e7ekici \u00e7izimleri ve etkileyici anlat\u0131mlar\u0131yla en g\u00fczel Grimm<span class=\"excerpt-hellip\"> [\u2026]<\/span><\/p>\n","protected":false},"featured_media":0,"template":"","meta":{"_monsterinsights_skip_tracking":false,"_monsterinsights_sitenote_active":false,"_monsterinsights_sitenote_note":"","_monsterinsights_sitenote_category":0},"product_brand":[],"product_cat":[12274,12284],"product_tag":[],"class_list":{"0":"post-714715","1":"product","2":"type-product","3":"status-publish","5":"product_cat-cocuk-ve-genclik-kitaplari","6":"product_cat-hikayeler","7":"pa_cilt-ciltsiz","8":"pa_tur-kitap","9":"pa_yayinevi-1001-cicek-kitaplar","10":"pa_yazar-maryvonne-rippert","12":"first","13":"instock","14":"sale","15":"shipping-taxable","16":"purchasable","17":"product-type-simple"},"_links":{"self":[{"href":"https:\/\/roveyayinevi.com.tr\/index.php\/wp-json\/wp\/v2\/product\/714715","targetHints":{"allow":["GET"]}}],"collection":[{"href":"https:\/\/roveyayinevi.com.tr\/index.php\/wp-json\/wp\/v2\/product"}],"about":[{"href":"https:\/\/roveyayinevi.com.tr\/index.php\/wp-json\/wp\/v2\/types\/product"}],"wp:attachment":[{"href":"https:\/\/roveyayinevi.com.tr\/index.php\/wp-json\/wp\/v2\/media?parent=714715"}],"wp:term":[{"taxonomy":"product_brand","embeddable":true,"href":"https:\/\/roveyayinevi.com.tr\/index.php\/wp-json\/wp\/v2\/product_brand?post=714715"},{"taxonomy":"product_cat","embeddable":true,"href":"https:\/\/roveyayinevi.com.tr\/index.php\/wp-json\/wp\/v2\/product_cat?post=714715"},{"taxonomy":"product_tag","embeddable":true,"href":"https:\/\/roveyayinevi.com.tr\/index.php\/wp-json\/wp\/v2\/product_tag?post=714715"}],"curies":[{"name":"wp","href":"https:\/\/api.w.org\/{rel}","templated":true}]}}