{"id":714711,"date":"2025-08-27T17:21:58","date_gmt":"2025-08-27T14:21:58","guid":{"rendered":"https:\/\/roveyayinevi.com.tr\/index.php\/urun\/bu-olumsuz\/"},"modified":"2026-04-14T02:29:35","modified_gmt":"2026-04-13T23:29:35","slug":"bu-olumsuz","status":"publish","type":"product","link":"https:\/\/roveyayinevi.com.tr\/index.php\/urun\/bu-olumsuz\/","title":{"rendered":"Bu \u00d6l\u00fcms\u00fcz"},"content":{"rendered":"<p>Zelazny, beni ve yazd\u0131klar\u0131m\u0131 en \u00e7ok etkileyen yazar.\u201d Neil Gaiman \u201cE\u015fsiz bir hik\u00e2yeci. T\u00fcr\u00fcm\u00fcz\u00fcn hi\u00e7 g\u00f6rmedi\u011fi kadar renkli, egzotik ve unutulmaz d\u00fcnyalar\u0131n yarat\u0131c\u0131s\u0131.\u201d George R. R. Martin \u201cZelazny, on parma\u011f\u0131nda on marifet olan nadir yazarlardan.\u201d Samuel R. Delany Hugo En \u0130yi Roman \u00d6d\u00fcl\u00fc BURADA, BU GEZEGENDEK\u0130 HAYATIN SON G\u00dcNLER\u0130NDE, YA\u015eAMLA EFSANEN\u0130N KES\u0130\u015eMEKTE OLDUKLARINI G\u00d6REM\u0130YOR MUSUN?\u201d Roger Zelazny, farkl\u0131 mitolojileri bilimkurgu romanlar\u0131na uyarlamas\u0131yla pek \u00e7ok yazar\u0131n yaln\u0131zca hayal edebildi\u011fi bir \u015feyi al\u0131\u015fkanl\u0131k haline getirmi\u015f e\u015fsiz bir yazar. Yunan mitolojisiyle harmanlanan Bu \u00d6l\u00fcms\u00fcz ise hem Zelazny\u2019nin ilk roman\u0131 olmas\u0131 hem de Hugo En \u0130yi Roman \u00d6d\u00fcl\u00fc\u2019n\u00fc Dune gibi bir ba\u015fyap\u0131tla payla\u015fmas\u0131 sebebiyle bilimkurgudaki kilometre ta\u015flar\u0131ndan biri. N\u00fckleer sava\u015f D\u00fcnya\u2019y\u0131 neredeyse yerle bir etmi\u015f, yaln\u0131zca d\u00f6rt milyon insan ve bundan \u00e7ok daha fazla say\u0131da mutasyona u\u011fram\u0131\u015f canl\u0131 t\u00fcr\u00fc geride kalm\u0131\u015ft\u0131r. Evrenin en g\u00fc\u00e7l\u00fc uzayl\u0131 \u0131rklar\u0131ndan biri olan Vegal\u0131lar i\u00e7in bu harabe gezegen art\u0131k turistik bir b\u00f6lgeden farks\u0131zd\u0131r. N\u00fcfuzlu bir Vegal\u0131y\u0131, D\u00fcnya\u2019da gezdirme g\u00f6revi verildi\u011finde t\u00fcm bilinmezliklerin d\u00fc\u011f\u00fcm noktas\u0131ndaki Conrad Nomikos bu buyru\u011fu g\u00f6n\u00fcls\u00fczce kabul eder. Bu yolculukta Conrad\u2019\u0131n ve D\u00fcnya\u2019n\u0131n kaderi yeniden \u015fekillenecektir zira ne Conrad sadece bir insand\u0131r ne de bu yolculuk yaln\u0131zca turistik bir gezidir. \u00d6l\u00fcm\u00fcn pen\u00e7esinde olan D\u00fcnya\u2019y\u0131 bir \u00f6l\u00fcml\u00fc kurtarabilir mi? Yok olmak, esarete d\u00fc\u015fmekten daha m\u0131 iyidir? <\/p>\n","protected":false},"excerpt":{"rendered":"<p>Zelazny, beni ve yazd\u0131klar\u0131m\u0131 en \u00e7ok etkileyen yazar.\u201d Neil Gaiman \u201cE\u015fsiz bir hik\u00e2yeci. T\u00fcr\u00fcm\u00fcz\u00fcn hi\u00e7 g\u00f6rmedi\u011fi kadar renkli, egzotik ve unutulmaz d\u00fcnyalar\u0131n yarat\u0131c\u0131s\u0131.\u201d George R. R.<span class=\"excerpt-hellip\"> [\u2026]<\/span><\/p>\n","protected":false},"featured_media":0,"template":"","meta":{"_monsterinsights_skip_tracking":false,"_monsterinsights_sitenote_active":false,"_monsterinsights_sitenote_note":"","_monsterinsights_sitenote_category":0},"product_brand":[],"product_cat":[12540,12291],"product_tag":[],"class_list":{"0":"post-714711","1":"product","2":"type-product","3":"status-publish","5":"product_cat-bilim-kurgu","6":"product_cat-edebiyat","7":"pa_cilt-ciltsiz","8":"pa_tur-kitap","9":"pa_yayinevi-ithaki-yayinlari","10":"pa_yazar-roger-zelazny","12":"first","13":"instock","14":"sale","15":"shipping-taxable","16":"purchasable","17":"product-type-simple"},"_links":{"self":[{"href":"https:\/\/roveyayinevi.com.tr\/index.php\/wp-json\/wp\/v2\/product\/714711","targetHints":{"allow":["GET"]}}],"collection":[{"href":"https:\/\/roveyayinevi.com.tr\/index.php\/wp-json\/wp\/v2\/product"}],"about":[{"href":"https:\/\/roveyayinevi.com.tr\/index.php\/wp-json\/wp\/v2\/types\/product"}],"wp:attachment":[{"href":"https:\/\/roveyayinevi.com.tr\/index.php\/wp-json\/wp\/v2\/media?parent=714711"}],"wp:term":[{"taxonomy":"product_brand","embeddable":true,"href":"https:\/\/roveyayinevi.com.tr\/index.php\/wp-json\/wp\/v2\/product_brand?post=714711"},{"taxonomy":"product_cat","embeddable":true,"href":"https:\/\/roveyayinevi.com.tr\/index.php\/wp-json\/wp\/v2\/product_cat?post=714711"},{"taxonomy":"product_tag","embeddable":true,"href":"https:\/\/roveyayinevi.com.tr\/index.php\/wp-json\/wp\/v2\/product_tag?post=714711"}],"curies":[{"name":"wp","href":"https:\/\/api.w.org\/{rel}","templated":true}]}}