{"id":714710,"date":"2025-08-27T17:21:57","date_gmt":"2025-08-27T14:21:57","guid":{"rendered":"https:\/\/roveyayinevi.com.tr\/index.php\/urun\/temettu-duyurularinin-hisse-senedi-getirilerine-olan-etkilerinin-analizi\/"},"modified":"2026-04-16T02:22:56","modified_gmt":"2026-04-15T23:22:56","slug":"temettu-duyurularinin-hisse-senedi-getirilerine-olan-etkilerinin-analizi","status":"publish","type":"product","link":"https:\/\/roveyayinevi.com.tr\/index.php\/urun\/temettu-duyurularinin-hisse-senedi-getirilerine-olan-etkilerinin-analizi\/","title":{"rendered":"Temett\u00fc Duyurular\u0131n\u0131n Hisse Senedi Getirilerine Olan Etkilerinin Analizi"},"content":{"rendered":"<p>Temett\u00fc Kavram\u0131, Da\u011f\u0131t\u0131m Politikalar\u0131 ve Etkileyen Fakt\u00f6rler Temett\u00fc \u0130le Hisse Senedi Fiyat\u0131 ve Getirilerine Y\u00f6nelik Literat\u00fcr Taramas\u0131 Temett\u00fc Duyurular\u0131n\u0131n Hisse Senedi Getirisine Olan Etkilerinin Analizi Genel De\u011ferlendirme ve Sonu\u00e7 <\/p>\n","protected":false},"excerpt":{"rendered":"<p>Temett\u00fc Kavram\u0131, Da\u011f\u0131t\u0131m Politikalar\u0131 ve Etkileyen Fakt\u00f6rler Temett\u00fc \u0130le Hisse Senedi Fiyat\u0131 ve Getirilerine Y\u00f6nelik Literat\u00fcr Taramas\u0131 Temett\u00fc Duyurular\u0131n\u0131n Hisse Senedi Getirisine Olan Etkilerinin Analizi Genel<span class=\"excerpt-hellip\"> [\u2026]<\/span><\/p>\n","protected":false},"featured_media":0,"template":"","meta":{"_monsterinsights_skip_tracking":false,"_monsterinsights_sitenote_active":false,"_monsterinsights_sitenote_note":"","_monsterinsights_sitenote_category":0},"product_brand":[],"product_cat":[13043,17647],"product_tag":[],"class_list":{"0":"post-714710","1":"product","2":"type-product","3":"status-publish","5":"product_cat-ekonomi","6":"product_cat-is-dunyasi","7":"pa_cilt-ciltsiz","8":"pa_tur-kitap","9":"pa_yayinevi-gazi-kitabevi","10":"pa_yazar-ayhan-kirbas","12":"first","13":"instock","14":"sale","15":"shipping-taxable","16":"purchasable","17":"product-type-simple"},"_links":{"self":[{"href":"https:\/\/roveyayinevi.com.tr\/index.php\/wp-json\/wp\/v2\/product\/714710","targetHints":{"allow":["GET"]}}],"collection":[{"href":"https:\/\/roveyayinevi.com.tr\/index.php\/wp-json\/wp\/v2\/product"}],"about":[{"href":"https:\/\/roveyayinevi.com.tr\/index.php\/wp-json\/wp\/v2\/types\/product"}],"wp:attachment":[{"href":"https:\/\/roveyayinevi.com.tr\/index.php\/wp-json\/wp\/v2\/media?parent=714710"}],"wp:term":[{"taxonomy":"product_brand","embeddable":true,"href":"https:\/\/roveyayinevi.com.tr\/index.php\/wp-json\/wp\/v2\/product_brand?post=714710"},{"taxonomy":"product_cat","embeddable":true,"href":"https:\/\/roveyayinevi.com.tr\/index.php\/wp-json\/wp\/v2\/product_cat?post=714710"},{"taxonomy":"product_tag","embeddable":true,"href":"https:\/\/roveyayinevi.com.tr\/index.php\/wp-json\/wp\/v2\/product_tag?post=714710"}],"curies":[{"name":"wp","href":"https:\/\/api.w.org\/{rel}","templated":true}]}}