{"id":714706,"date":"2025-08-27T17:21:55","date_gmt":"2025-08-27T14:21:55","guid":{"rendered":"https:\/\/roveyayinevi.com.tr\/index.php\/urun\/iceri-girmez-miydiniz\/"},"modified":"2026-04-16T02:22:56","modified_gmt":"2026-04-15T23:22:56","slug":"iceri-girmez-miydiniz","status":"publish","type":"product","link":"https:\/\/roveyayinevi.com.tr\/index.php\/urun\/iceri-girmez-miydiniz\/","title":{"rendered":"\u0130\u00e7eri Girmez miydiniz ?"},"content":{"rendered":"<p>\u0130\u00e7eri girmez miydiniz, diyor. Y\u00fcz\u00fcnde yar\u0131m bir g\u00fcl\u00fcmseme. Onu b\u00fct\u00fcne mi tamamlasa yoksa y\u00fcz\u00fcne daha ba\u015fka bir ifade mi oturtsa, karar veremiyor. Daha \u00fczg\u00fcn g\u00f6r\u00fcnebilir belki ya da daha \u00f6fkeli. Bu duruma hepsi uyar. Hay\u0131r sa\u011f olun, otob\u00fcse yeti\u015fmem laz\u0131m, diyorum. Yalan. Birlikte ya\u015fad\u0131klar\u0131 evi, onun benim hayat\u0131mda olmad\u0131\u011f\u0131 zamanlarda ka\u00e7\u0131p sakland\u0131\u011f\u0131 yeri ne kadar \u00e7ok merak ettim. Ona bizden ba\u015fka bir hayat\u0131 i\u00e7ine s\u0131\u011fd\u0131rabilece\u011fi bir ev yaratt\u0131m. Odalar\u0131nda, banyosunda, mutfa\u011f\u0131nda defalarca dola\u015ft\u0131m. \u015eimdi e\u015fi\u011finde durdu\u011fum bu evin, o d\u00fc\u015fsel eve ne kadar benzedi\u011fini g\u00f6rmek ilgin\u00e7 olabilirdi. \u0130\u00e7eri Girmez miydiniz?\u2019le Haldun Taner \u00d6yk\u00fc \u00d6d\u00fcl\u00fc\u2019n\u00fc kazanan \u00d6ndero\u011flu, \u00f6yk\u00fclerinde farkl\u0131 hayatlar\u0131, farkl\u0131 insanlar\u0131 bir araya getiriyor. Yal\u0131n ve \u00e7arp\u0131c\u0131 anlat\u0131m\u0131yla dikkatleri \u00fczerine \u00e7eken Neslihan \u00d6ndero\u011flu, bu kitab\u0131nda da g\u00fcnl\u00fck hayat\u0131n derdini, tasas\u0131n\u0131 y\u00fcklenen, ya\u015famdan yaralar al\u0131p kabuklar\u0131na \u00e7ekilen insanlar\u0131 anlat\u0131yor. Yazar, yo\u011fun bir h\u00fcz\u00fcn duygusunun sar\u0131p sarmalad\u0131\u011f\u0131 bu \u00f6yk\u00fclerde okurun bamteline dokunuyor. <\/p>\n","protected":false},"excerpt":{"rendered":"<p>\u0130\u00e7eri girmez miydiniz, diyor. Y\u00fcz\u00fcnde yar\u0131m bir g\u00fcl\u00fcmseme. Onu b\u00fct\u00fcne mi tamamlasa yoksa y\u00fcz\u00fcne daha ba\u015fka bir ifade mi oturtsa, karar veremiyor. Daha \u00fczg\u00fcn g\u00f6r\u00fcnebilir belki<span class=\"excerpt-hellip\"> [\u2026]<\/span><\/p>\n","protected":false},"featured_media":0,"template":"","meta":{"_monsterinsights_skip_tracking":false,"_monsterinsights_sitenote_active":false,"_monsterinsights_sitenote_note":"","_monsterinsights_sitenote_category":0},"product_brand":[],"product_cat":[12291,12711],"product_tag":[],"class_list":{"0":"post-714706","1":"product","2":"type-product","3":"status-publish","5":"product_cat-edebiyat","6":"product_cat-roman-oyku","7":"pa_cilt-ciltsiz","8":"pa_tur-kitap","9":"pa_yayinevi-can-yayinlari","10":"pa_yazar-neslihan-onderoglu","12":"first","13":"instock","14":"sale","15":"shipping-taxable","16":"purchasable","17":"product-type-simple"},"_links":{"self":[{"href":"https:\/\/roveyayinevi.com.tr\/index.php\/wp-json\/wp\/v2\/product\/714706","targetHints":{"allow":["GET"]}}],"collection":[{"href":"https:\/\/roveyayinevi.com.tr\/index.php\/wp-json\/wp\/v2\/product"}],"about":[{"href":"https:\/\/roveyayinevi.com.tr\/index.php\/wp-json\/wp\/v2\/types\/product"}],"wp:attachment":[{"href":"https:\/\/roveyayinevi.com.tr\/index.php\/wp-json\/wp\/v2\/media?parent=714706"}],"wp:term":[{"taxonomy":"product_brand","embeddable":true,"href":"https:\/\/roveyayinevi.com.tr\/index.php\/wp-json\/wp\/v2\/product_brand?post=714706"},{"taxonomy":"product_cat","embeddable":true,"href":"https:\/\/roveyayinevi.com.tr\/index.php\/wp-json\/wp\/v2\/product_cat?post=714706"},{"taxonomy":"product_tag","embeddable":true,"href":"https:\/\/roveyayinevi.com.tr\/index.php\/wp-json\/wp\/v2\/product_tag?post=714706"}],"curies":[{"name":"wp","href":"https:\/\/api.w.org\/{rel}","templated":true}]}}