{"id":714705,"date":"2025-08-27T17:21:54","date_gmt":"2025-08-27T14:21:54","guid":{"rendered":"https:\/\/roveyayinevi.com.tr\/index.php\/urun\/sen-yanimda-ol-yeter\/"},"modified":"2026-04-16T02:22:56","modified_gmt":"2026-04-15T23:22:56","slug":"sen-yanimda-ol-yeter","status":"publish","type":"product","link":"https:\/\/roveyayinevi.com.tr\/index.php\/urun\/sen-yanimda-ol-yeter\/","title":{"rendered":"Sen Yan\u0131mda Ol Yeter"},"content":{"rendered":"<p>Kitap yazmak i\u00e7in odama kapand\u0131\u011f\u0131m bir g\u00fcn kendime e\u011fitmen yapt\u0131\u011f\u0131m k\u0131z\u0131m Zuhal yan\u0131ma geldi: \u201cBaba, senin bir s\u00f6z\u00fcn var ya.\u201d \u201cHangisi?\u201d \u201cE\u011fitim \u00f6\u011frenciye sayg\u0131yla ba\u015flar.\u201d \u201cEvet k\u0131z\u0131m.\u201d \u201cBen de diyorum ki, yazarl\u0131k okuyucuya sayg\u0131yla ba\u015flar.\u201d \u201cNas\u0131l yavrum?\u201d \u201cKitab\u0131n\u0131n ilk sayfas\u0131nda okuyucunun g\u00f6zlerine dokunmak i\u00e7in izin iste.\u201d K\u0131z\u0131mdan ald\u0131\u011f\u0131m o muhte\u015fem ilhamla diyorum ki, e\u011fer izin verirsen \u00f6nce g\u00f6zlerine dokunmak, sonra da y\u00fcre\u011fine misafir olmak istiyorum.<\/p>\n","protected":false},"excerpt":{"rendered":"<p>Kitap yazmak i\u00e7in odama kapand\u0131\u011f\u0131m bir g\u00fcn kendime e\u011fitmen yapt\u0131\u011f\u0131m k\u0131z\u0131m Zuhal yan\u0131ma geldi: \u201cBaba, senin bir s\u00f6z\u00fcn var ya.\u201d \u201cHangisi?\u201d \u201cE\u011fitim \u00f6\u011frenciye sayg\u0131yla ba\u015flar.\u201d \u201cEvet<span class=\"excerpt-hellip\"> [\u2026]<\/span><\/p>\n","protected":false},"featured_media":0,"template":"","meta":{"_monsterinsights_skip_tracking":false,"_monsterinsights_sitenote_active":false,"_monsterinsights_sitenote_note":"","_monsterinsights_sitenote_category":0},"product_brand":[],"product_cat":[12364,12376],"product_tag":[],"class_list":{"0":"post-714705","1":"product","2":"type-product","3":"status-publish","5":"product_cat-genel-konular","6":"product_cat-kisisel-gelisim","7":"pa_cilt-ciltsiz","8":"pa_tur-kitap","9":"pa_yayinevi-yediveren-yayinlari","10":"pa_yazar-alisan-kapaklikaya","12":"first","13":"instock","14":"sale","15":"shipping-taxable","16":"purchasable","17":"product-type-simple"},"_links":{"self":[{"href":"https:\/\/roveyayinevi.com.tr\/index.php\/wp-json\/wp\/v2\/product\/714705","targetHints":{"allow":["GET"]}}],"collection":[{"href":"https:\/\/roveyayinevi.com.tr\/index.php\/wp-json\/wp\/v2\/product"}],"about":[{"href":"https:\/\/roveyayinevi.com.tr\/index.php\/wp-json\/wp\/v2\/types\/product"}],"wp:attachment":[{"href":"https:\/\/roveyayinevi.com.tr\/index.php\/wp-json\/wp\/v2\/media?parent=714705"}],"wp:term":[{"taxonomy":"product_brand","embeddable":true,"href":"https:\/\/roveyayinevi.com.tr\/index.php\/wp-json\/wp\/v2\/product_brand?post=714705"},{"taxonomy":"product_cat","embeddable":true,"href":"https:\/\/roveyayinevi.com.tr\/index.php\/wp-json\/wp\/v2\/product_cat?post=714705"},{"taxonomy":"product_tag","embeddable":true,"href":"https:\/\/roveyayinevi.com.tr\/index.php\/wp-json\/wp\/v2\/product_tag?post=714705"}],"curies":[{"name":"wp","href":"https:\/\/api.w.org\/{rel}","templated":true}]}}