{"id":714704,"date":"2025-08-27T17:21:53","date_gmt":"2025-08-27T14:21:53","guid":{"rendered":"https:\/\/roveyayinevi.com.tr\/index.php\/urun\/elmali-turta\/"},"modified":"2026-04-16T02:22:56","modified_gmt":"2026-04-15T23:22:56","slug":"elmali-turta","status":"publish","type":"product","link":"https:\/\/roveyayinevi.com.tr\/index.php\/urun\/elmali-turta\/","title":{"rendered":"Elmal\u0131 Turta"},"content":{"rendered":"<p>\u201cBu; kanatlar\u0131n\u0131 arkas\u0131nda b\u0131rakm\u0131\u015f kelebe\u011fin de\u011fi\u015fim hikayesi.\u201dSahra\u2019y\u0131 Ahmet\u2019ten uzakla\u015ft\u0131ran Yasemin, Emir ile aras\u0131na giren Cennet, Mutlu Kelebek\u2019e yakla\u015fmas\u0131n\u0131 engelleyen \u015f\u00fcpheleri varken, kalbinin sesini duymas\u0131 pek de kolay olmaz. De\u011fi\u015fmeyen tek \u015fey boynundaki ay\u00e7\u00f6re\u011fi kolyesidir ama ona dokundu\u011funda hala ayn\u0131 \u015feyleri hissetti\u011finden ise emin de\u011fildir.\u00d6zg\u00fcr kalmas\u0131 i\u00e7in kelebek kanatlar\u0131n\u0131 yakmal\u0131 m\u0131, yoksa ka\u00e7maya devam m\u0131 etmeli? Kanatlar\u0131n\u0131n kaderini se\u00e7erken hesaba katmad\u0131\u011f\u0131 \u015feyler, Sahra kadar okuyucu da \u015fa\u015f\u0131rtacak. Romeo ve Juliet al\u0131nt\u0131lar\u0131 ile s\u00fcslenen bu devam kitab\u0131 sizi soluksuz b\u0131rakacak&#8230;\u201c\u0130nsan, yaras\u0131 yaras\u0131na denk geleni severmi\u015f&#8230;\u201d<\/p>\n","protected":false},"excerpt":{"rendered":"<p>\u201cBu; kanatlar\u0131n\u0131 arkas\u0131nda b\u0131rakm\u0131\u015f kelebe\u011fin de\u011fi\u015fim hikayesi.\u201dSahra\u2019y\u0131 Ahmet\u2019ten uzakla\u015ft\u0131ran Yasemin, Emir ile aras\u0131na giren Cennet, Mutlu Kelebek\u2019e yakla\u015fmas\u0131n\u0131 engelleyen \u015f\u00fcpheleri varken, kalbinin sesini duymas\u0131 pek de<span class=\"excerpt-hellip\"> [\u2026]<\/span><\/p>\n","protected":false},"featured_media":0,"template":"","meta":{"_monsterinsights_skip_tracking":false,"_monsterinsights_sitenote_active":false,"_monsterinsights_sitenote_note":"","_monsterinsights_sitenote_category":0},"product_brand":[],"product_cat":[14643,12291],"product_tag":[],"class_list":{"0":"post-714704","1":"product","2":"type-product","3":"status-publish","5":"product_cat-ask","6":"product_cat-edebiyat","7":"pa_cilt-ciltsiz","8":"pa_tur-kitap","9":"pa_yayinevi-ren-kitap","10":"pa_yazar-zeynep-sahra","12":"first","13":"instock","14":"sale","15":"shipping-taxable","16":"purchasable","17":"product-type-simple"},"_links":{"self":[{"href":"https:\/\/roveyayinevi.com.tr\/index.php\/wp-json\/wp\/v2\/product\/714704","targetHints":{"allow":["GET"]}}],"collection":[{"href":"https:\/\/roveyayinevi.com.tr\/index.php\/wp-json\/wp\/v2\/product"}],"about":[{"href":"https:\/\/roveyayinevi.com.tr\/index.php\/wp-json\/wp\/v2\/types\/product"}],"wp:attachment":[{"href":"https:\/\/roveyayinevi.com.tr\/index.php\/wp-json\/wp\/v2\/media?parent=714704"}],"wp:term":[{"taxonomy":"product_brand","embeddable":true,"href":"https:\/\/roveyayinevi.com.tr\/index.php\/wp-json\/wp\/v2\/product_brand?post=714704"},{"taxonomy":"product_cat","embeddable":true,"href":"https:\/\/roveyayinevi.com.tr\/index.php\/wp-json\/wp\/v2\/product_cat?post=714704"},{"taxonomy":"product_tag","embeddable":true,"href":"https:\/\/roveyayinevi.com.tr\/index.php\/wp-json\/wp\/v2\/product_tag?post=714704"}],"curies":[{"name":"wp","href":"https:\/\/api.w.org\/{rel}","templated":true}]}}