{"id":714700,"date":"2025-08-27T17:21:51","date_gmt":"2025-08-27T14:21:51","guid":{"rendered":"https:\/\/roveyayinevi.com.tr\/index.php\/urun\/bisikletciler-iki-tekerlek-ustunde-gecen-200-yil\/"},"modified":"2026-04-16T02:22:56","modified_gmt":"2026-04-15T23:22:56","slug":"bisikletciler-iki-tekerlek-ustunde-gecen-200-yil","status":"publish","type":"product","link":"https:\/\/roveyayinevi.com.tr\/index.php\/urun\/bisikletciler-iki-tekerlek-ustunde-gecen-200-yil\/","title":{"rendered":"Bisiklet\u00e7iler &#8211; \u0130ki Tekerlek \u00dcst\u00fcnde Ge\u00e7en 200 Y\u0131l"},"content":{"rendered":"<p>\u201cBisiklet tarihi hakk\u0131nda okuyabilece\u011finiz en sade, g\u00fc\u00e7l\u00fc ve isabetli eser\u201d Chris Boardman &#8220;Bisikletin d\u00fcnyay\u0131 nas\u0131l kas\u0131p kavurdu\u011funu g\u00f6rmek i\u00e7in mutlaka okumal\u0131s\u0131n\u0131z\u201d Sir Chris Hoy Bundan 200 y\u0131l kadar \u00f6nce, Alman ormanlar\u0131ndan birinde, y\u00fczy\u0131llard\u0131r ya\u015fanan en karanl\u0131k ve s\u0131cak yaz mevsiminde ba\u015flad\u0131 bisikletin tarih\u00e7esi. Onu yasaklama e\u011filimi de \u00f6yle. Bisiklet\u00e7iler, size sonraki 200 y\u0131l i\u00e7erisinde, \u015fehirlerden \u00fclkelere dek s\u00fcren bir \u00f6yk\u00fcy\u00fc; demiryolu \u00e7a\u011f\u0131ndaki \u2018y\u00fcksek tekerlekli\u2019 penny-farthing s\u00fcr\u00fcc\u00fclerini, 1890\u2019lar\u0131n Victoria D\u00f6nemi\u2019ndeki y\u00fcksek sosyeteyi kas\u0131p kavuran bisiklet \u00e7\u0131lg\u0131nl\u0131\u011f\u0131n\u0131, hatta 1960\u2019larda bisikletin az kals\u0131n t\u00fcmden yok olu\u015fundan tutun da 21. y\u00fczy\u0131ldaki ak\u0131l almaz dirili\u015fine kadar her detay\u0131 anlat\u0131yor. Bu \u00f6yk\u00fcy\u00fc incelerken, asl\u0131nda bisikletin de t\u0131pk\u0131 futbol ve basketbol gibi, ba\u015flarda bir \u00e7ocuk oyunu veya delilik olarak alg\u0131land\u0131\u011f\u0131n\u0131, sonralar\u0131 gitgide yeti\u015fkinleri de at g\u00f6zl\u00fc\u011f\u00fc takm\u0131\u015f insanlar\u0131 da girdab\u0131na \u00e7ekti\u011fini, organize bir spor dal\u0131na ve sanayiye d\u00f6n\u00fc\u015ft\u00fc\u011f\u00fcn\u00fc ve g\u00fcn\u00fcm\u00fczde amat\u00f6rl\u00fckten uzakla\u015f\u0131p profesyonel bir yar\u0131\u015f sekt\u00f6r\u00fc haline geldi\u011fini g\u00f6rmek zor de\u011fil. Ama tabi bisikletin ula\u015f\u0131ma, ka\u015fifli\u011fe ve sa\u011fl\u0131\u011fa y\u00f6nelik sonu gelmez faydalar\u0131 da var; ve bu y\u00fczden her zaman, basit bir oyun veya spor t\u00fcr\u00fc olmaktan \u00e7ok daha \u00f6te bir anlam ta\u015f\u0131d\u0131; kar\u015f\u0131la\u015ft\u0131\u011f\u0131 engeller ve atlatt\u0131\u011f\u0131 s\u00fcre\u00e7ler de, di\u011fer sporlara nazaran bir hayli farkl\u0131yd\u0131. Peki, bir vakitler herkesin \u2018ihtiya\u00e7\u2019 g\u00f6z\u00fcyle bakt\u0131\u011f\u0131 bu icat, bug\u00fcn sadece bir spora ve hobiye mi d\u00f6n\u00fc\u015ft\u00fc? Oras\u0131 bilinmez; ama aradan 200 y\u0131l ge\u00e7se bile, iki tekerlekli \u00f6zg\u00fcrl\u00fc\u011f\u00fcn \u00fczerinde giderken y\u00fcz\u00fcn\u00fcz\u00fc ok\u015fayan o meltemin yaratt\u0131\u011f\u0131 mutluluk hissi, hi\u00e7 de\u011fi\u015fmedi\u2026 \u201cKapsaml\u0131 ve ba\u015f d\u00f6nd\u00fcr\u00fcc\u00fc bir metin, tam da Hutchinson\u2019dan beklenece\u011fi gibi. Bizim bug\u00fcn hi\u00e7 teredd\u00fcts\u00fcz kabul etti\u011fimiz bir \u015feyin, bisikletin ne kadar haval\u0131 oldu\u011fu ger\u00e7e\u011finin ispat\u0131 ve evrimi anlat\u0131l\u0131yor bu eserde&#8230;\u201d Ned Boulting <\/p>\n","protected":false},"excerpt":{"rendered":"<p>\u201cBisiklet tarihi hakk\u0131nda okuyabilece\u011finiz en sade, g\u00fc\u00e7l\u00fc ve isabetli eser\u201d Chris Boardman &#8220;Bisikletin d\u00fcnyay\u0131 nas\u0131l kas\u0131p kavurdu\u011funu g\u00f6rmek i\u00e7in mutlaka okumal\u0131s\u0131n\u0131z\u201d Sir Chris Hoy Bundan 200<span class=\"excerpt-hellip\"> [\u2026]<\/span><\/p>\n","protected":false},"featured_media":0,"template":"","meta":{"_monsterinsights_skip_tracking":false,"_monsterinsights_sitenote_active":false,"_monsterinsights_sitenote_note":"","_monsterinsights_sitenote_category":0},"product_brand":[],"product_cat":[15563,15564],"product_tag":[],"class_list":{"0":"post-714700","1":"product","2":"type-product","3":"status-publish","5":"product_cat-hobi","6":"product_cat-spor","7":"pa_cilt-ciltsiz","8":"pa_tur-kitap","9":"pa_yayinevi-profil-kitap","10":"pa_yazar-michael-hutchinson","12":"first","13":"instock","14":"sale","15":"shipping-taxable","16":"purchasable","17":"product-type-simple"},"_links":{"self":[{"href":"https:\/\/roveyayinevi.com.tr\/index.php\/wp-json\/wp\/v2\/product\/714700","targetHints":{"allow":["GET"]}}],"collection":[{"href":"https:\/\/roveyayinevi.com.tr\/index.php\/wp-json\/wp\/v2\/product"}],"about":[{"href":"https:\/\/roveyayinevi.com.tr\/index.php\/wp-json\/wp\/v2\/types\/product"}],"wp:attachment":[{"href":"https:\/\/roveyayinevi.com.tr\/index.php\/wp-json\/wp\/v2\/media?parent=714700"}],"wp:term":[{"taxonomy":"product_brand","embeddable":true,"href":"https:\/\/roveyayinevi.com.tr\/index.php\/wp-json\/wp\/v2\/product_brand?post=714700"},{"taxonomy":"product_cat","embeddable":true,"href":"https:\/\/roveyayinevi.com.tr\/index.php\/wp-json\/wp\/v2\/product_cat?post=714700"},{"taxonomy":"product_tag","embeddable":true,"href":"https:\/\/roveyayinevi.com.tr\/index.php\/wp-json\/wp\/v2\/product_tag?post=714700"}],"curies":[{"name":"wp","href":"https:\/\/api.w.org\/{rel}","templated":true}]}}