{"id":714697,"date":"2025-08-27T17:21:49","date_gmt":"2025-08-27T14:21:49","guid":{"rendered":"https:\/\/roveyayinevi.com.tr\/index.php\/urun\/sakar-kahraman-uzun-kol\/"},"modified":"2026-04-16T02:22:56","modified_gmt":"2026-04-15T23:22:56","slug":"sakar-kahraman-uzun-kol","status":"publish","type":"product","link":"https:\/\/roveyayinevi.com.tr\/index.php\/urun\/sakar-kahraman-uzun-kol\/","title":{"rendered":"Sakar Kahraman Uzun Kol"},"content":{"rendered":"<p>Sevimli ufak bir \u00e7ocuk. \u00c7ok uzuuuuuuuun bir kol. Devasa bir macera! Tuhaf bir tuvalet temizli\u011fi kazas\u0131ndan sonra (sormasan\u0131z daha iyi), s\u0131radan bir \u00f6\u011frenci olan Ricky Mitre, UZUN KOL\u2019a d\u00f6n\u00fc\u015f\u00fcyor \u2013 zorbalar\u0131n d\u00fc\u015fman\u0131, k\u0131salar\u0131n koruyucusu ve her y\u00f6n\u00fcyle maceraya haz\u0131r, her an her yere uzanabilecek bir kahraman!<\/p>\n","protected":false},"excerpt":{"rendered":"<p>Sevimli ufak bir \u00e7ocuk. \u00c7ok uzuuuuuuuun bir kol. Devasa bir macera! Tuhaf bir tuvalet temizli\u011fi kazas\u0131ndan sonra (sormasan\u0131z daha iyi), s\u0131radan bir \u00f6\u011frenci olan Ricky Mitre,<span class=\"excerpt-hellip\"> [\u2026]<\/span><\/p>\n","protected":false},"featured_media":0,"template":"","meta":{"_monsterinsights_skip_tracking":false,"_monsterinsights_sitenote_active":false,"_monsterinsights_sitenote_note":"","_monsterinsights_sitenote_category":0},"product_brand":[],"product_cat":[12275,12274],"product_tag":[],"class_list":{"0":"post-714697","1":"product","2":"type-product","3":"status-publish","5":"product_cat-6-12-yas-kitaplari","6":"product_cat-cocuk-ve-genclik-kitaplari","7":"pa_cilt-ciltsiz","8":"pa_tur-kitap","9":"pa_yayinevi-is-bankasi-kultur-yayinlari","10":"pa_yazar-sam-nixon-mark-rhores","12":"first","13":"instock","14":"sale","15":"shipping-taxable","16":"purchasable","17":"product-type-simple"},"_links":{"self":[{"href":"https:\/\/roveyayinevi.com.tr\/index.php\/wp-json\/wp\/v2\/product\/714697","targetHints":{"allow":["GET"]}}],"collection":[{"href":"https:\/\/roveyayinevi.com.tr\/index.php\/wp-json\/wp\/v2\/product"}],"about":[{"href":"https:\/\/roveyayinevi.com.tr\/index.php\/wp-json\/wp\/v2\/types\/product"}],"wp:attachment":[{"href":"https:\/\/roveyayinevi.com.tr\/index.php\/wp-json\/wp\/v2\/media?parent=714697"}],"wp:term":[{"taxonomy":"product_brand","embeddable":true,"href":"https:\/\/roveyayinevi.com.tr\/index.php\/wp-json\/wp\/v2\/product_brand?post=714697"},{"taxonomy":"product_cat","embeddable":true,"href":"https:\/\/roveyayinevi.com.tr\/index.php\/wp-json\/wp\/v2\/product_cat?post=714697"},{"taxonomy":"product_tag","embeddable":true,"href":"https:\/\/roveyayinevi.com.tr\/index.php\/wp-json\/wp\/v2\/product_tag?post=714697"}],"curies":[{"name":"wp","href":"https:\/\/api.w.org\/{rel}","templated":true}]}}