{"id":714696,"date":"2025-08-27T17:21:49","date_gmt":"2025-08-27T14:21:49","guid":{"rendered":"https:\/\/roveyayinevi.com.tr\/index.php\/urun\/17-yuzyil-istanbulunda-lonca-dinamikleri\/"},"modified":"2026-04-16T02:22:56","modified_gmt":"2026-04-15T23:22:56","slug":"17-yuzyil-istanbulunda-lonca-dinamikleri","status":"publish","type":"product","link":"https:\/\/roveyayinevi.com.tr\/index.php\/urun\/17-yuzyil-istanbulunda-lonca-dinamikleri\/","title":{"rendered":"17. Y\u00fczy\u0131l \u0130stanbul&#8217;unda Lonca Dinamikleri"},"content":{"rendered":"<p>Osmanl\u0131 \u0130mparatorlu\u011fu\u2019nda \u015fehzadelerin do\u011fum ve s\u00fcnnet t\u00f6renleriyle, padi\u015fah k\u0131zlar\u0131n\u0131n d\u00fc\u011f\u00fcnlerinde b\u00fcy\u00fck \u015fenlikler (s\u00fbr) d\u00fczenlenir, bunlar\u0131n en \u00f6nemli par\u00e7alar\u0131ndan birini de esnaf alaylar\u0131 olu\u015ftururdu. Osmanl\u0131 gelene\u011finde bu \u015fenlikleri yans\u0131tan \u201cs\u00fbrn\u00e2meler\u201d i\u00e7indeki en renkli sayfalar da ku\u015fkusuz \u0130stanbul loncalar\u0131n\u0131n ge\u00e7it alaylar\u0131n\u0131n tasvirleridir. Prof. Dr. Eunjeong Yi de 17. Y\u00fczy\u0131l \u0130stanbul\u2019unda Lonca Dinamikleri adl\u0131 \u00e7al\u0131\u015fmas\u0131na ba\u015flarken, s\u00fbrn\u00e2melerdeki o nefis minyat\u00fcrlere de g\u00f6nderme yapan bir \u00e7eli\u015fkiden yola \u00e7\u0131k\u0131yor: Osmanl\u0131 loncalar\u0131na ili\u015fkin \u00e7al\u0131\u015fmalarda \u00e7izilen \u201cb\u00fcy\u00fck resim\u201d olduk\u00e7a kasvetli tonlar ta\u015f\u0131maktad\u0131r. S\u00f6z konusu yap\u0131tlarda, genel olarak Osmanl\u0131 loncalar\u0131n\u0131n, \u00f6zel olarak da \u0130stanbul loncalar\u0131n\u0131n ellerinin kollar\u0131n\u0131n geleneklerle ba\u011fland\u0131\u011f\u0131 ve\/veya devletin \u00e7ok s\u0131k\u0131 denetimi alt\u0131nda olduklar\u0131 yarg\u0131s\u0131, de\u011fi\u015fime ve adaptasyona tamamen kapal\u0131 bir lonca betimlemesi \u00f6ne \u00e7\u0131kmaktad\u0131r. Capcanl\u0131 minyat\u00fcrler ile bu tekd\u00fcze \u201cb\u00fcy\u00fck resimler\u201d aras\u0131ndaki \u00e7eli\u015fki nas\u0131l izah edilebilir? \u0130stanbul loncalar\u0131 ger\u00e7ekten de bu kadar verimsiz, at\u0131l, zay\u0131f birimler miydi? <\/p>\n","protected":false},"excerpt":{"rendered":"<p>Osmanl\u0131 \u0130mparatorlu\u011fu\u2019nda \u015fehzadelerin do\u011fum ve s\u00fcnnet t\u00f6renleriyle, padi\u015fah k\u0131zlar\u0131n\u0131n d\u00fc\u011f\u00fcnlerinde b\u00fcy\u00fck \u015fenlikler (s\u00fbr) d\u00fczenlenir, bunlar\u0131n en \u00f6nemli par\u00e7alar\u0131ndan birini de esnaf alaylar\u0131 olu\u015ftururdu. Osmanl\u0131 gelene\u011finde bu<span class=\"excerpt-hellip\"> [\u2026]<\/span><\/p>\n","protected":false},"featured_media":0,"template":"","meta":{"_monsterinsights_skip_tracking":false,"_monsterinsights_sitenote_active":false,"_monsterinsights_sitenote_note":"","_monsterinsights_sitenote_category":0},"product_brand":[],"product_cat":[12370,12304],"product_tag":[],"class_list":{"0":"post-714696","1":"product","2":"type-product","3":"status-publish","5":"product_cat-arastirma-inceleme","6":"product_cat-tarih","7":"pa_cilt-ciltsiz","8":"pa_tur-kitap","9":"pa_yayinevi-is-bankasi-kultur-yayinlari","10":"pa_yazar-eunjeong-yi","12":"first","13":"instock","14":"sale","15":"shipping-taxable","16":"purchasable","17":"product-type-simple"},"_links":{"self":[{"href":"https:\/\/roveyayinevi.com.tr\/index.php\/wp-json\/wp\/v2\/product\/714696","targetHints":{"allow":["GET"]}}],"collection":[{"href":"https:\/\/roveyayinevi.com.tr\/index.php\/wp-json\/wp\/v2\/product"}],"about":[{"href":"https:\/\/roveyayinevi.com.tr\/index.php\/wp-json\/wp\/v2\/types\/product"}],"wp:attachment":[{"href":"https:\/\/roveyayinevi.com.tr\/index.php\/wp-json\/wp\/v2\/media?parent=714696"}],"wp:term":[{"taxonomy":"product_brand","embeddable":true,"href":"https:\/\/roveyayinevi.com.tr\/index.php\/wp-json\/wp\/v2\/product_brand?post=714696"},{"taxonomy":"product_cat","embeddable":true,"href":"https:\/\/roveyayinevi.com.tr\/index.php\/wp-json\/wp\/v2\/product_cat?post=714696"},{"taxonomy":"product_tag","embeddable":true,"href":"https:\/\/roveyayinevi.com.tr\/index.php\/wp-json\/wp\/v2\/product_tag?post=714696"}],"curies":[{"name":"wp","href":"https:\/\/api.w.org\/{rel}","templated":true}]}}