{"id":714693,"date":"2025-08-27T17:21:47","date_gmt":"2025-08-27T14:21:47","guid":{"rendered":"https:\/\/roveyayinevi.com.tr\/index.php\/urun\/kucuk-seyler-gunumuz-turkcesiyle\/"},"modified":"2026-04-16T02:22:56","modified_gmt":"2026-04-15T23:22:56","slug":"kucuk-seyler-gunumuz-turkcesiyle","status":"publish","type":"product","link":"https:\/\/roveyayinevi.com.tr\/index.php\/urun\/kucuk-seyler-gunumuz-turkcesiyle\/","title":{"rendered":"K\u00fc\u00e7\u00fck \u015eeyler (G\u00fcn\u00fcm\u00fcz T\u00fcrk\u00e7esiyle)"},"content":{"rendered":"<p>K\u00fc\u00e7\u00fck \u015eeyler s\u0131radan insan\u0131n ba\u015f\u0131na gelmesi muhtemel s\u0131radan olaylar\u0131, ac\u0131lar\u0131, \u00fcmitleri, hayal k\u0131r\u0131kl\u0131klar\u0131n\u0131, yani kimi hayat ger\u00e7eklerini ve bu ger\u00e7ekler kar\u015f\u0131s\u0131nda ya\u015fanan duygular\u0131 ele al\u0131yor. A\u011fa\u00e7lar\u0131n kesilmesine \u00fcz\u00fcnt\u00fc duymam\u0131z, ku\u015f sesleriyle ne\u015felenip a\u015fk u\u011fruna ac\u0131 \u00e7ekmemiz, bir tebess\u00fcmle umutlan\u0131p kurdu\u011fumuz hayallerin y\u0131k\u0131l\u0131vermesi gibi ola\u011fan ama okuru derinden etkilemeyi ba\u015faran hik\u00e2yelerdir bunlar. T\u00fcrk edebiyat\u0131na modern anlamda hik\u00e2yenin ilk \u00f6rneklerini kazand\u0131ran Samipa\u015fazade Sezai, K\u00fc\u00e7\u00fck \u015eeyler i\u00e7in yazd\u0131\u011f\u0131 \u00f6ns\u00f6zde, neyin anlat\u0131ld\u0131\u011f\u0131n\u0131n de\u011fil, nas\u0131l anlat\u0131ld\u0131\u011f\u0131n\u0131n \u00f6nemli oldu\u011funu vurgulayarak hik\u00e2yenin g\u00fcc\u00fcn\u00fcn ayr\u0131nt\u0131da gizli oldu\u011funu ve g\u00fczel yaz\u0131ld\u0131\u011f\u0131 s\u00fcrece basit konular\u0131n da \u00f6nem kazanaca\u011f\u0131n\u0131 s\u00f6yler. Samipa\u015fazade Sezai (1859-1936) \u0130stanbul\u2019da do\u011fan Sezai\u2019nin \u00e7ocukluk ve ilkgen\u00e7lik y\u0131llar\u0131 Maarif naz\u0131rl\u0131\u011f\u0131 da yapm\u0131\u015f olan babas\u0131 Sami Pa\u015fa\u2019n\u0131n Ta\u015fkasap\u2019taki b\u00fcy\u00fck kona\u011f\u0131nda ge\u00e7er. Bu konak d\u00f6nemin me\u015fhur fikir adamlar\u0131na, yazar ve \u015fairlerine ev sahipli\u011fi yapan \u00f6nemli bir bulu\u015fma noktas\u0131d\u0131r. Sezai burada pek \u00e7ok yazar ve \u015fairle tan\u0131\u015f\u0131r. \u00d6zel hocalardan Arap\u00e7a, Fars\u00e7a ve Frans\u0131zca dersleri al\u0131r. Gen\u00e7lik y\u0131llar\u0131nda olduk\u00e7a etkilendi\u011fi Nam\u0131k Kemal ve yak\u0131n dostu Abd\u00fclhak Hamit\u2019in yenilik\u00e7i d\u00fc\u015f\u00fcncelerini benimseyen Sezai, 1880\u2019de Londra Sefaretine ikinci k\u00e2tip olarak atan\u0131r. Burada Bat\u0131 edebiyat\u0131n\u0131, \u00f6zellikle Shakespeare\u2019in eserlerini inceleme imk\u00e2n\u0131 bulur. Londra\u2019da ge\u00e7irdi\u011fi bu zaman onun d\u00fc\u015f\u00fcnce d\u00fcnyas\u0131n\u0131 ve edebi ufkunu geni\u015fletir. 1901\u2019e kadar \u0130stanbul\u2019da Hariciye Nezareti\u2019nde muavinlik g\u00f6revini s\u00fcrd\u00fcr\u00fcr. \u0130stanbul\u2019da ge\u00e7irdi\u011fi 1886-1901 y\u0131llar\u0131nda Serg\u00fcze\u015ft\u2019i, K\u00fc\u00e7\u00fck \u015eeyler\u2019i ve Rum\u00fbz\u00fc\u2019l-Edeb\u2019i yay\u0131mlar. \u0130stanbul\u2019un alafranga d\u00fcnyas\u0131na y\u00f6nelik ilk k\u00f6kl\u00fc saptamalar onun eserlerinde belirir. Serg\u00fcze\u015ft\u2019te esirlik ve \u00f6zg\u00fcrl\u00fck kavramlar\u0131n\u0131 i\u015flemesi h\u00fck\u00fcmetin takip \u00e7emberine girmesine neden olur ve 1901\u2019de Paris\u2019e ka\u00e7ar, burada J\u00f6n T\u00fcrkler\u2019e kat\u0131l\u0131r. Tanzimat d\u00f6nemi yenilik\u00e7i edebiyat\u0131n \u00f6nc\u00fclerinden Samipa\u015fazade Sezai\u2019nin se\u00e7me eserlerine T\u00fcrk Edebiyat\u0131 Klasikleri Dizimizde yer vermeyi s\u00fcrd\u00fcrece\u011fiz. <\/p>\n","protected":false},"excerpt":{"rendered":"<p>K\u00fc\u00e7\u00fck \u015eeyler s\u0131radan insan\u0131n ba\u015f\u0131na gelmesi muhtemel s\u0131radan olaylar\u0131, ac\u0131lar\u0131, \u00fcmitleri, hayal k\u0131r\u0131kl\u0131klar\u0131n\u0131, yani kimi hayat ger\u00e7eklerini ve bu ger\u00e7ekler kar\u015f\u0131s\u0131nda ya\u015fanan duygular\u0131 ele al\u0131yor. A\u011fa\u00e7lar\u0131n<span class=\"excerpt-hellip\"> [\u2026]<\/span><\/p>\n","protected":false},"featured_media":0,"template":"","meta":{"_monsterinsights_skip_tracking":false,"_monsterinsights_sitenote_active":false,"_monsterinsights_sitenote_note":"","_monsterinsights_sitenote_category":0},"product_brand":[],"product_cat":[12274,20117],"product_tag":[],"class_list":{"0":"post-714693","1":"product","2":"type-product","3":"status-publish","5":"product_cat-cocuk-ve-genclik-kitaplari","6":"product_cat-turk-klasikleri","7":"pa_cilt-ciltsiz","8":"pa_tur-kitap","9":"pa_yayinevi-is-bankasi-kultur-yayinlari","10":"pa_yazar-samipasazade-sezai","12":"first","13":"instock","14":"sale","15":"shipping-taxable","16":"purchasable","17":"product-type-simple"},"_links":{"self":[{"href":"https:\/\/roveyayinevi.com.tr\/index.php\/wp-json\/wp\/v2\/product\/714693","targetHints":{"allow":["GET"]}}],"collection":[{"href":"https:\/\/roveyayinevi.com.tr\/index.php\/wp-json\/wp\/v2\/product"}],"about":[{"href":"https:\/\/roveyayinevi.com.tr\/index.php\/wp-json\/wp\/v2\/types\/product"}],"wp:attachment":[{"href":"https:\/\/roveyayinevi.com.tr\/index.php\/wp-json\/wp\/v2\/media?parent=714693"}],"wp:term":[{"taxonomy":"product_brand","embeddable":true,"href":"https:\/\/roveyayinevi.com.tr\/index.php\/wp-json\/wp\/v2\/product_brand?post=714693"},{"taxonomy":"product_cat","embeddable":true,"href":"https:\/\/roveyayinevi.com.tr\/index.php\/wp-json\/wp\/v2\/product_cat?post=714693"},{"taxonomy":"product_tag","embeddable":true,"href":"https:\/\/roveyayinevi.com.tr\/index.php\/wp-json\/wp\/v2\/product_tag?post=714693"}],"curies":[{"name":"wp","href":"https:\/\/api.w.org\/{rel}","templated":true}]}}