{"id":714692,"date":"2025-08-27T17:21:46","date_gmt":"2025-08-27T14:21:46","guid":{"rendered":"https:\/\/roveyayinevi.com.tr\/index.php\/urun\/sosonun-kompost-kitabi\/"},"modified":"2026-04-16T02:22:56","modified_gmt":"2026-04-15T23:22:56","slug":"sosonun-kompost-kitabi","status":"publish","type":"product","link":"https:\/\/roveyayinevi.com.tr\/index.php\/urun\/sosonun-kompost-kitabi\/","title":{"rendered":"Soso&#8217;nun Kompost Kitab\u0131"},"content":{"rendered":"<p>Soso, bir apartman\u0131n arka bah\u00e7esindeki sand\u0131kta ya\u015fayan k\u00fc\u00e7\u00fck bir solucan. Nil ad\u0131ndaki k\u00fc\u00e7\u00fck bir k\u0131z her \u00f6\u011f\u00fcnden sonra yiyecek art\u0131klar\u0131n\u0131 sand\u0131\u011f\u0131na atarak onu besliyor. \u00c7\u00fcnk\u00fc Soso bir kompost sand\u0131\u011f\u0131nda ya\u015f\u0131yor!Bu kitapta, solucan Soso bize hayat hik\u00e2yesini anlat\u0131yor ve biz de bu s\u0131rada nas\u0131l kompost yapabilece\u011fimizi \u00f6\u011freniyoruz. Bitkiler i\u00e7in \u00e7ok faydal\u0131 olan bu do\u011fal g\u00fcbre ne i\u015fe yar\u0131yor ve nas\u0131l yap\u0131l\u0131yor?Asl\u0131nda her g\u00fcn yediklerimizin art\u0131klar\u0131yla kolayca kompost yapabilece\u011fimizi, k\u00fc\u00e7\u00fck ya\u015ftaki \u00e7ocuklara basit bir dille anlat\u0131yor Sima \u00d6zkan. Kompost sayesinde do\u011fan\u0131n kendini s\u00fcrekli yeniledi\u011fini \u00f6\u011freniyor; evimizin arka bah\u00e7esinde veya balkonda yapabilece\u011fimiz bu bilimsel deneyle bu duruma tan\u0131k oluyoruz. \u00c7ocuklar da evde veya okullar\u0131nda kompost yapmay\u0131 deneyerek k\u00fc\u00e7\u00fck ya\u015fta gerid\u00f6n\u00fc\u015f\u00fcm ile tan\u0131\u015fm\u0131\u015f olacaklar.<\/p>\n","protected":false},"excerpt":{"rendered":"<p>Soso, bir apartman\u0131n arka bah\u00e7esindeki sand\u0131kta ya\u015fayan k\u00fc\u00e7\u00fck bir solucan. Nil ad\u0131ndaki k\u00fc\u00e7\u00fck bir k\u0131z her \u00f6\u011f\u00fcnden sonra yiyecek art\u0131klar\u0131n\u0131 sand\u0131\u011f\u0131na atarak onu besliyor. \u00c7\u00fcnk\u00fc Soso<span class=\"excerpt-hellip\"> [\u2026]<\/span><\/p>\n","protected":false},"featured_media":0,"template":"","meta":{"_monsterinsights_skip_tracking":false,"_monsterinsights_sitenote_active":false,"_monsterinsights_sitenote_note":"","_monsterinsights_sitenote_category":0},"product_brand":[],"product_cat":[12913,12274],"product_tag":[],"class_list":{"0":"post-714692","1":"product","2":"type-product","3":"status-publish","5":"product_cat-3-6-yas-kitaplari","6":"product_cat-cocuk-ve-genclik-kitaplari","7":"pa_cilt-ciltsiz","8":"pa_tur-kitap","9":"pa_yayinevi-redhouse-kidz-yayinlari","10":"pa_yazar-sima-ozkan","12":"first","13":"instock","14":"sale","15":"shipping-taxable","16":"purchasable","17":"product-type-simple"},"_links":{"self":[{"href":"https:\/\/roveyayinevi.com.tr\/index.php\/wp-json\/wp\/v2\/product\/714692","targetHints":{"allow":["GET"]}}],"collection":[{"href":"https:\/\/roveyayinevi.com.tr\/index.php\/wp-json\/wp\/v2\/product"}],"about":[{"href":"https:\/\/roveyayinevi.com.tr\/index.php\/wp-json\/wp\/v2\/types\/product"}],"wp:attachment":[{"href":"https:\/\/roveyayinevi.com.tr\/index.php\/wp-json\/wp\/v2\/media?parent=714692"}],"wp:term":[{"taxonomy":"product_brand","embeddable":true,"href":"https:\/\/roveyayinevi.com.tr\/index.php\/wp-json\/wp\/v2\/product_brand?post=714692"},{"taxonomy":"product_cat","embeddable":true,"href":"https:\/\/roveyayinevi.com.tr\/index.php\/wp-json\/wp\/v2\/product_cat?post=714692"},{"taxonomy":"product_tag","embeddable":true,"href":"https:\/\/roveyayinevi.com.tr\/index.php\/wp-json\/wp\/v2\/product_tag?post=714692"}],"curies":[{"name":"wp","href":"https:\/\/api.w.org\/{rel}","templated":true}]}}