{"id":714689,"date":"2025-08-27T17:21:45","date_gmt":"2025-08-27T14:21:45","guid":{"rendered":"https:\/\/roveyayinevi.com.tr\/index.php\/urun\/minimalizm\/"},"modified":"2026-04-13T02:28:37","modified_gmt":"2026-04-12T23:28:37","slug":"minimalizm","status":"publish","type":"product","link":"https:\/\/roveyayinevi.com.tr\/index.php\/urun\/minimalizm\/","title":{"rendered":"Minimalizm"},"content":{"rendered":"<p>\u201cMinimalist olmak i\u00e7in y\u00fczden daha az \u015feyle ya\u015famal\u0131s\u0131n\u0131z ve araban\u0131z, eviniz ya da televizyonunuz olamaz, bir kariyeriniz de. T\u00fcm d\u00fcnyadaki egzotik yerlerde ya\u015fayabilmelisiniz ve bir blog yazmak zorundas\u0131n\u0131z. \u00c7ocuklar\u0131n\u0131z olamaz ve ayr\u0131cal\u0131kl\u0131 bir ge\u00e7mi\u015fi olan elit, gen\u00e7 bir adam olmal\u0131s\u0131n\u0131z.\u201d Tamam, \u015faka yap\u0131yoruz\u2026Bu kitab\u0131n arka kapak yaz\u0131s\u0131n\u0131 yazabilmek i\u00e7in \u00e7ok d\u00fc\u015f\u00fcnd\u00fck. Vurgulamak istedi\u011fimiz o kadar \u00e7ok \u015fey vard\u0131 ki hepsini yazamayaca\u011f\u0131m\u0131za karar verdik. En iyisi mi siz kitab\u0131 okuyun.The Minimalists\u2019in minimalizm yolculu\u011fu ve ya\u015famlar\u0131 hakk\u0131nda daha fazlas\u0131 i\u00e7in Netflix\u2019te yay\u0131nlanan belgeselini izleyebilirsiniz.\u00d6nemli Not: E\u015fyalar\u0131n\u0131z\u0131 d\u00fczenlemenin en iyi yolu \u00e7o\u011fundan kurtulmakt\u0131r. E\u011fer bu kitab\u0131 yasalara ayk\u0131r\u0131 bir \u015fekilde indirdiyseniz ya da bas\u0131lm\u0131\u015f h\u00e2lini bir k\u00fct\u00fcphane ya da benzeri bir yerden \u00e7ald\u0131ysan\u0131z ay\u0131p size! Ama en az\u0131ndan y\u00fcr\u00fctt\u00fc\u011f\u00fcn\u00fcz kopyay\u0131 bir arkada\u015f\u0131n\u0131z, d\u00fc\u015fman\u0131n\u0131z ya da i\u00e7inde yazanlardan faydalanabilecek herhangi biriyle payla\u015f\u0131n bari.<\/p>\n","protected":false},"excerpt":{"rendered":"<p>\u201cMinimalist olmak i\u00e7in y\u00fczden daha az \u015feyle ya\u015famal\u0131s\u0131n\u0131z ve araban\u0131z, eviniz ya da televizyonunuz olamaz, bir kariyeriniz de. T\u00fcm d\u00fcnyadaki egzotik yerlerde ya\u015fayabilmelisiniz ve bir blog<span class=\"excerpt-hellip\"> [\u2026]<\/span><\/p>\n","protected":false},"featured_media":0,"template":"","meta":{"_monsterinsights_skip_tracking":false,"_monsterinsights_sitenote_active":false,"_monsterinsights_sitenote_note":"","_monsterinsights_sitenote_category":0},"product_brand":[],"product_cat":[12364,12376],"product_tag":[],"class_list":{"0":"post-714689","1":"product","2":"type-product","3":"status-publish","5":"product_cat-genel-konular","6":"product_cat-kisisel-gelisim","7":"pa_cilt-ciltsiz","8":"pa_tur-kitap","9":"pa_yayinevi-eksik-parca-yayinlari","10":"pa_yazar-joshua-fields-millburn-ryan-nicodemus","12":"first","13":"instock","14":"sale","15":"shipping-taxable","16":"purchasable","17":"product-type-simple"},"_links":{"self":[{"href":"https:\/\/roveyayinevi.com.tr\/index.php\/wp-json\/wp\/v2\/product\/714689","targetHints":{"allow":["GET"]}}],"collection":[{"href":"https:\/\/roveyayinevi.com.tr\/index.php\/wp-json\/wp\/v2\/product"}],"about":[{"href":"https:\/\/roveyayinevi.com.tr\/index.php\/wp-json\/wp\/v2\/types\/product"}],"wp:attachment":[{"href":"https:\/\/roveyayinevi.com.tr\/index.php\/wp-json\/wp\/v2\/media?parent=714689"}],"wp:term":[{"taxonomy":"product_brand","embeddable":true,"href":"https:\/\/roveyayinevi.com.tr\/index.php\/wp-json\/wp\/v2\/product_brand?post=714689"},{"taxonomy":"product_cat","embeddable":true,"href":"https:\/\/roveyayinevi.com.tr\/index.php\/wp-json\/wp\/v2\/product_cat?post=714689"},{"taxonomy":"product_tag","embeddable":true,"href":"https:\/\/roveyayinevi.com.tr\/index.php\/wp-json\/wp\/v2\/product_tag?post=714689"}],"curies":[{"name":"wp","href":"https:\/\/api.w.org\/{rel}","templated":true}]}}