{"id":714687,"date":"2025-08-27T17:21:43","date_gmt":"2025-08-27T14:21:43","guid":{"rendered":"https:\/\/roveyayinevi.com.tr\/index.php\/urun\/kirmizi-elbisenin-hatiralari\/"},"modified":"2026-04-16T02:22:56","modified_gmt":"2026-04-15T23:22:56","slug":"kirmizi-elbisenin-hatiralari","status":"publish","type":"product","link":"https:\/\/roveyayinevi.com.tr\/index.php\/urun\/kirmizi-elbisenin-hatiralari\/","title":{"rendered":"K\u0131rm\u0131z\u0131 Elbisenin Hat\u0131ralar\u0131"},"content":{"rendered":"<p>&#8220;Bir g\u00fcn umar\u0131m \u00e2\u015f\u0131k olursun&#8230; kalbini ayd\u0131nlatan bir kad\u0131na. Daha az\u0131yla yetinme. \u00d6nemli olan tek \u015fey bu.&#8221; \u201cZek\u00e2, tutku ve macera\u2026 Elizabeth Boyle hepsine sahip.\u201d -JULIA QUINN \u201cPippin ve Dash, a\u015fk\u0131n mesafelere, ihanete, sava\u015fa ve k\u00f6t\u00fc zamanlamaya ra\u011fmen baki kalabilece\u011fini ispatl\u0131yorlar. Okuru tatmin eden bu harika eserde, Bayan Boyle hayat verdi\u011fi karakterlerle insana mutlu mutlu i\u00e7 ge\u00e7irtiyor.\u201d -Amazon \u201cHarika i\u015flenmi\u015f, kalbe dokunan bir roman\u2026 Boyle\u2019un yaratt\u0131\u011f\u0131 harika \u00f6yk\u00fc, okurlar\u0131 esir al\u0131yor ve gen\u00e7 \u00e2\u015f\u0131klardan tutkulu yeti\u015fkinlere evrilen karakterlerle mutlu ediyor.\u201d -RT Book Reviews Leydi Phillippa Knolles, Kaptan Thomas Dashwell\u2019i \u2013yani Dash\u2019i\u2013 ilk \u00f6p\u00fc\u015fmelerinden sonra hi\u00e7 unutamaz. Bir \u00f6m\u00fcr gibi gelen bekleyi\u015ften sonra, Pippin\u2019in eline Dash\u2019le olan bu skandal ili\u015fkisini tazeleme f\u0131rsat\u0131 ge\u00e7er. Ama Dash art\u0131k o ilk ate\u015fli \u00f6p\u00fcc\u00fckteki adamdan \u00e7ok uzakt\u0131r. Pippin\u2019in dolab\u0131n\u0131n k\u00f6\u015fesindeki k\u0131rm\u0131z\u0131 elbise, ge\u00e7mi\u015fte Dash\u2019in kalbini \u00e7almas\u0131na yard\u0131m etmi\u015fti\u2026 Elbisenin ta\u015f\u0131d\u0131\u011f\u0131 hat\u0131ralar, hi\u00e7 unutulmayan tutkular\u0131 yeniden alevlendirebilir mi? <\/p>\n","protected":false},"excerpt":{"rendered":"<p>&#8220;Bir g\u00fcn umar\u0131m \u00e2\u015f\u0131k olursun&#8230; kalbini ayd\u0131nlatan bir kad\u0131na. Daha az\u0131yla yetinme. \u00d6nemli olan tek \u015fey bu.&#8221; \u201cZek\u00e2, tutku ve macera\u2026 Elizabeth Boyle hepsine sahip.\u201d -JULIA<span class=\"excerpt-hellip\"> [\u2026]<\/span><\/p>\n","protected":false},"featured_media":0,"template":"","meta":{"_monsterinsights_skip_tracking":false,"_monsterinsights_sitenote_active":false,"_monsterinsights_sitenote_note":"","_monsterinsights_sitenote_category":0},"product_brand":[],"product_cat":[12291,12711],"product_tag":[],"class_list":{"0":"post-714687","1":"product","2":"type-product","3":"status-publish","5":"product_cat-edebiyat","6":"product_cat-roman-oyku","7":"pa_cilt-ciltsiz","8":"pa_tur-kitap","9":"pa_yayinevi-epsilon-yayinlari","10":"pa_yazar-elizabeth-boyle","12":"first","13":"instock","14":"sale","15":"shipping-taxable","16":"purchasable","17":"product-type-simple"},"_links":{"self":[{"href":"https:\/\/roveyayinevi.com.tr\/index.php\/wp-json\/wp\/v2\/product\/714687","targetHints":{"allow":["GET"]}}],"collection":[{"href":"https:\/\/roveyayinevi.com.tr\/index.php\/wp-json\/wp\/v2\/product"}],"about":[{"href":"https:\/\/roveyayinevi.com.tr\/index.php\/wp-json\/wp\/v2\/types\/product"}],"wp:attachment":[{"href":"https:\/\/roveyayinevi.com.tr\/index.php\/wp-json\/wp\/v2\/media?parent=714687"}],"wp:term":[{"taxonomy":"product_brand","embeddable":true,"href":"https:\/\/roveyayinevi.com.tr\/index.php\/wp-json\/wp\/v2\/product_brand?post=714687"},{"taxonomy":"product_cat","embeddable":true,"href":"https:\/\/roveyayinevi.com.tr\/index.php\/wp-json\/wp\/v2\/product_cat?post=714687"},{"taxonomy":"product_tag","embeddable":true,"href":"https:\/\/roveyayinevi.com.tr\/index.php\/wp-json\/wp\/v2\/product_tag?post=714687"}],"curies":[{"name":"wp","href":"https:\/\/api.w.org\/{rel}","templated":true}]}}