{"id":714685,"date":"2025-08-27T17:21:42","date_gmt":"2025-08-27T14:21:42","guid":{"rendered":"https:\/\/roveyayinevi.com.tr\/index.php\/urun\/mutfak-sirlari\/"},"modified":"2026-04-16T02:22:55","modified_gmt":"2026-04-15T23:22:55","slug":"mutfak-sirlari","status":"publish","type":"product","link":"https:\/\/roveyayinevi.com.tr\/index.php\/urun\/mutfak-sirlari\/","title":{"rendered":"Mutfak S\u0131rlar\u0131"},"content":{"rendered":"<p>\u201cV\u00fccudunuz bir tap\u0131nak de\u011fil, bir e\u011flence park\u0131. Tad\u0131n\u0131 \u00e7\u0131kar\u0131n\u2026\u201d\u201cPazartesileri deniz mahsul\u00fc sipari\u015f etme!\u201d Anthony Bourdain\u2019in ac\u0131mas\u0131zca d\u00fcr\u00fcst, bir o kadar da komik bir dille anlatt\u0131\u011f\u0131 hat\u0131ralar\u0131ndaki en masum tavsiyelerden biri bu. Sahil barlar\u0131ndan zirvedeki restoranlara, bula\u015f\u0131k\u00e7\u0131l\u0131ktan b\u00fcy\u00fck \u015fefli\u011fe, Tokyo\u2019dan Paris\u2019e oradan New York\u2019a, isyanlar ve alevlerle dolu bir mesle\u011fin sunabilece\u011fi hemen her \u015feyi ya\u015fayan Anthony Bourdain, bunlar\u0131 anlatmaya karar verince ortaya Mutfak S\u0131rlar\u0131 \u00e7\u0131kt\u0131: mutfak kap\u0131s\u0131n\u0131n ard\u0131na, a\u015f\u00e7\u0131l\u0131k d\u00fcnyas\u0131n\u0131n karanl\u0131k taraf\u0131na do\u011fru macera dolu bir yolculuk. A\u011fz\u0131n\u0131z\u0131 suland\u0131racak kadar lezzetli, g\u00fclmekten karn\u0131n\u0131z\u0131 a\u011fr\u0131tacak kadar e\u011flenceli.Mutfak S\u0131rlar\u0131 yay\u0131mlan\u0131r yay\u0131mlanmaz k\u00fclt bir esere d\u00f6n\u00fc\u015ft\u00fc ve Bourdain\u2019e a\u015f\u00e7\u0131l\u0131k kariyerinin \u00e7ok daha \u00f6tesinde bir tan\u0131n\u0131rl\u0131k sa\u011flad\u0131. Elinizdeki bask\u0131, kendisinin \u00f6l\u00fcm\u00fcnden \u00f6nce kitaba elyaz\u0131s\u0131yla yapt\u0131\u011f\u0131 k\u00fc\u00e7\u00fck eklemeleri, yorumlar\u0131 da i\u00e7eren \u00f6zel bir edisyon.\u201cBir Stephen King roman\u0131ndan daha s\u00fcr\u00fckleyici.\u201d- Sunday Times\u201cOnun sesini duyan herkes yeni bir \u015feyler duyaca\u011f\u0131n\u0131, hayatta tan\u0131\u015famayaca\u011f\u0131 insanlar\u0131n hik\u00e2yesine \u015fahit olaca\u011f\u0131n\u0131 biliyordu.\u201d- Elif Key, Cumhuriyet<\/p>\n","protected":false},"excerpt":{"rendered":"<p>\u201cV\u00fccudunuz bir tap\u0131nak de\u011fil, bir e\u011flence park\u0131. Tad\u0131n\u0131 \u00e7\u0131kar\u0131n\u2026\u201d\u201cPazartesileri deniz mahsul\u00fc sipari\u015f etme!\u201d Anthony Bourdain\u2019in ac\u0131mas\u0131zca d\u00fcr\u00fcst, bir o kadar da komik bir dille anlatt\u0131\u011f\u0131 hat\u0131ralar\u0131ndaki<span class=\"excerpt-hellip\"> [\u2026]<\/span><\/p>\n","protected":false},"featured_media":0,"template":"","meta":{"_monsterinsights_skip_tracking":false,"_monsterinsights_sitenote_active":false,"_monsterinsights_sitenote_note":"","_monsterinsights_sitenote_category":0},"product_brand":[],"product_cat":[22706,12457],"product_tag":[],"class_list":{"0":"post-714685","1":"product","2":"type-product","3":"status-publish","5":"product_cat-dunya-mutfagi","6":"product_cat-yemek-kitaplari","7":"pa_cilt-ciltsiz","8":"pa_tur-kitap","9":"pa_yayinevi-domingo-yayinevi","10":"pa_yazar-anthony-bourdain","12":"first","13":"instock","14":"sale","15":"shipping-taxable","16":"purchasable","17":"product-type-simple"},"_links":{"self":[{"href":"https:\/\/roveyayinevi.com.tr\/index.php\/wp-json\/wp\/v2\/product\/714685","targetHints":{"allow":["GET"]}}],"collection":[{"href":"https:\/\/roveyayinevi.com.tr\/index.php\/wp-json\/wp\/v2\/product"}],"about":[{"href":"https:\/\/roveyayinevi.com.tr\/index.php\/wp-json\/wp\/v2\/types\/product"}],"wp:attachment":[{"href":"https:\/\/roveyayinevi.com.tr\/index.php\/wp-json\/wp\/v2\/media?parent=714685"}],"wp:term":[{"taxonomy":"product_brand","embeddable":true,"href":"https:\/\/roveyayinevi.com.tr\/index.php\/wp-json\/wp\/v2\/product_brand?post=714685"},{"taxonomy":"product_cat","embeddable":true,"href":"https:\/\/roveyayinevi.com.tr\/index.php\/wp-json\/wp\/v2\/product_cat?post=714685"},{"taxonomy":"product_tag","embeddable":true,"href":"https:\/\/roveyayinevi.com.tr\/index.php\/wp-json\/wp\/v2\/product_tag?post=714685"}],"curies":[{"name":"wp","href":"https:\/\/api.w.org\/{rel}","templated":true}]}}