{"id":714683,"date":"2025-08-27T17:21:41","date_gmt":"2025-08-27T14:21:41","guid":{"rendered":"https:\/\/roveyayinevi.com.tr\/index.php\/urun\/vanessanin-yanindayim-bir-iyiligin-oykusu\/"},"modified":"2026-04-16T02:22:55","modified_gmt":"2026-04-15T23:22:55","slug":"vanessanin-yanindayim-bir-iyiligin-oykusu","status":"publish","type":"product","link":"https:\/\/roveyayinevi.com.tr\/index.php\/urun\/vanessanin-yanindayim-bir-iyiligin-oykusu\/","title":{"rendered":"Vanessa&#8217;n\u0131n Yan\u0131nday\u0131m Bir \u0130yili\u011fin \u00d6yk\u00fcs\u00fc"},"content":{"rendered":"<p>Vanessa s\u0131n\u0131fa yeni gelen \u00f6\u011frencidir. Okul \u00e7\u0131k\u0131\u015f\u0131nda zorba bir \u00e7ocuk taraf\u0131ndan d\u0131\u015flanarak kalbi k\u0131r\u0131l\u0131r. Bu olay\u0131 g\u00f6ren Vanessa\u2019n\u0131n s\u0131n\u0131f arkada\u015f\u0131 ise ona destek olmak i\u00e7in ne yapabilece\u011fini d\u00fc\u015f\u00fcn\u00fcr ve sonunda yarat\u0131c\u0131 bir yol bulur.Zorbal\u0131\u011fa seyirci kalmak yerine nas\u0131l kar\u015f\u0131 durabilece\u011fimiz, bu sessiz kitapta tek bir s\u00f6zc\u00fck bile kullanmadan anlat\u0131l\u0131yor. Bir ki\u015finin toplulu\u011fa nas\u0131l \u00f6rnek olabilece\u011fi, Kerasco\u00ebt\u2019in sevimli karakterleriyle g\u00f6steriliyor. Kitab\u0131n sonunda yer alan k\u0131lavuzda ise zorbal\u0131k edilen birine nas\u0131l yard\u0131mc\u0131 olabilece\u011fimizle ilgili \u00f6neriler sunuluyor. Vanessa\u2019n\u0131n Yan\u0131nday\u0131m, ya\u015fanm\u0131\u015f bir olaydan ilham alan bir \u00f6yk\u00fc. Amerika\u2019da bir \u00fcniversite \u00f6\u011frencisinin zorbal\u0131\u011fa u\u011framas\u0131 ve ertesi g\u00fcn 300 s\u0131n\u0131f arkada\u015f\u0131n\u0131n ona okul yolunda e\u015flik etmesi Kerasco\u00ebt\u2019in \u00e7\u0131k\u0131\u015f noktas\u0131 olmu\u015f.Resimledikleri Karanl\u0131k G\u00fczel adl\u0131 \u00e7izgi romanla New York Times \u00e7oksatanlar listesine giren Kerasco\u00ebt, \u00e7izer kar\u0131 koca \u00e7ift Marie Pommepuy ve S\u00e9bastien Cosset\u2019in kendilerine takt\u0131klar\u0131 ad.<\/p>\n","protected":false},"excerpt":{"rendered":"<p>Vanessa s\u0131n\u0131fa yeni gelen \u00f6\u011frencidir. Okul \u00e7\u0131k\u0131\u015f\u0131nda zorba bir \u00e7ocuk taraf\u0131ndan d\u0131\u015flanarak kalbi k\u0131r\u0131l\u0131r. Bu olay\u0131 g\u00f6ren Vanessa\u2019n\u0131n s\u0131n\u0131f arkada\u015f\u0131 ise ona destek olmak i\u00e7in ne<span class=\"excerpt-hellip\"> [\u2026]<\/span><\/p>\n","protected":false},"featured_media":0,"template":"","meta":{"_monsterinsights_skip_tracking":false,"_monsterinsights_sitenote_active":false,"_monsterinsights_sitenote_note":"","_monsterinsights_sitenote_category":0},"product_brand":[],"product_cat":[12913,12274],"product_tag":[],"class_list":{"0":"post-714683","1":"product","2":"type-product","3":"status-publish","5":"product_cat-3-6-yas-kitaplari","6":"product_cat-cocuk-ve-genclik-kitaplari","7":"pa_cilt-ciltsiz","8":"pa_tur-kitap","9":"pa_yayinevi-redhouse-kidz-yayinlari","10":"pa_yazar-kerascoet","12":"first","13":"instock","14":"sale","15":"shipping-taxable","16":"purchasable","17":"product-type-simple"},"_links":{"self":[{"href":"https:\/\/roveyayinevi.com.tr\/index.php\/wp-json\/wp\/v2\/product\/714683","targetHints":{"allow":["GET"]}}],"collection":[{"href":"https:\/\/roveyayinevi.com.tr\/index.php\/wp-json\/wp\/v2\/product"}],"about":[{"href":"https:\/\/roveyayinevi.com.tr\/index.php\/wp-json\/wp\/v2\/types\/product"}],"wp:attachment":[{"href":"https:\/\/roveyayinevi.com.tr\/index.php\/wp-json\/wp\/v2\/media?parent=714683"}],"wp:term":[{"taxonomy":"product_brand","embeddable":true,"href":"https:\/\/roveyayinevi.com.tr\/index.php\/wp-json\/wp\/v2\/product_brand?post=714683"},{"taxonomy":"product_cat","embeddable":true,"href":"https:\/\/roveyayinevi.com.tr\/index.php\/wp-json\/wp\/v2\/product_cat?post=714683"},{"taxonomy":"product_tag","embeddable":true,"href":"https:\/\/roveyayinevi.com.tr\/index.php\/wp-json\/wp\/v2\/product_tag?post=714683"}],"curies":[{"name":"wp","href":"https:\/\/api.w.org\/{rel}","templated":true}]}}