{"id":714682,"date":"2025-08-27T17:21:40","date_gmt":"2025-08-27T14:21:40","guid":{"rendered":"https:\/\/roveyayinevi.com.tr\/index.php\/urun\/adan-zye-buraya-nasil-geldik\/"},"modified":"2026-04-16T02:22:55","modified_gmt":"2026-04-15T23:22:55","slug":"adan-zye-buraya-nasil-geldik","status":"publish","type":"product","link":"https:\/\/roveyayinevi.com.tr\/index.php\/urun\/adan-zye-buraya-nasil-geldik\/","title":{"rendered":"A&#8217;dan Z&#8217;ye Buraya Nas\u0131l Geldik"},"content":{"rendered":"<p>T\u00fcrkiye\u2019nin son on be\u015f y\u0131l\u0131, birbirini kovalayan skandallar\u0131n, ac\u0131lar\u0131n, utanc\u0131n y\u00fckselen dozuna toplum olarak ba\u011f\u0131\u015f\u0131kl\u0131k geli\u015ftirip duyars\u0131zla\u015fmakla ge\u00e7ti. Asla unutulmaz, haf\u0131zalardan silinmez zannetti\u011fimiz ne \u00e7ok \u015fey hal\u0131n\u0131n alt\u0131nda kal\u0131p ad\u0131mlar\u0131m\u0131z\u0131n t\u00fcmse\u011fi haline geldi&#8230; K\u00f6k\u00fcnden kopar\u0131lan a\u011fa\u00e7lar, y\u00fckselen g\u00f6kdelenler, grizular, ayakkab\u0131 kutular\u0131, talimat alan yarg\u0131, cinayetler, katliamlar\u2026 Gazeteci-yazar Mehve\u015f Evin, sahalardan kitaplara t\u00fcm kaynaklar\u0131 tarayarak hal\u0131y\u0131 kald\u0131rd\u0131; birikmi\u015f tozu A\u2019dan Z\u2019ye s\u0131n\u0131fland\u0131rarak bir zamanlar \u00fczerine bast\u0131\u011f\u0131m\u0131z zeminin rengini g\u00f6rebilece\u011fimiz yeni bir kaynak olu\u015fturdu. A\u2019dan Z\u2019ye Buraya Nas\u0131l Geldik, ya\u015fananlar\u0131n unutulmamas\u0131 ve b\u00f6ylece tekrarlanmamas\u0131 umuduyla haz\u0131rlanm\u0131\u015f, ger\u00e7ek bir ara\u015ft\u0131rmac\u0131-gazetecilik \u00e7al\u0131\u015fmas\u0131. <\/p>\n","protected":false},"excerpt":{"rendered":"<p>T\u00fcrkiye\u2019nin son on be\u015f y\u0131l\u0131, birbirini kovalayan skandallar\u0131n, ac\u0131lar\u0131n, utanc\u0131n y\u00fckselen dozuna toplum olarak ba\u011f\u0131\u015f\u0131kl\u0131k geli\u015ftirip duyars\u0131zla\u015fmakla ge\u00e7ti. Asla unutulmaz, haf\u0131zalardan silinmez zannetti\u011fimiz ne \u00e7ok \u015fey<span class=\"excerpt-hellip\"> [\u2026]<\/span><\/p>\n","protected":false},"featured_media":0,"template":"","meta":{"_monsterinsights_skip_tracking":false,"_monsterinsights_sitenote_active":false,"_monsterinsights_sitenote_note":"","_monsterinsights_sitenote_category":0},"product_brand":[],"product_cat":[13590,12337],"product_tag":[],"class_list":{"0":"post-714682","1":"product","2":"type-product","3":"status-publish","5":"product_cat-arastirma-inceleme-politika-siyaset","6":"product_cat-politika-siyaset","7":"pa_cilt-ciltsiz","8":"pa_tur-kitap","9":"pa_yayinevi-kara-karga-yayinlari","10":"pa_yazar-mehves-evin","12":"first","13":"instock","14":"sale","15":"shipping-taxable","16":"purchasable","17":"product-type-simple"},"_links":{"self":[{"href":"https:\/\/roveyayinevi.com.tr\/index.php\/wp-json\/wp\/v2\/product\/714682","targetHints":{"allow":["GET"]}}],"collection":[{"href":"https:\/\/roveyayinevi.com.tr\/index.php\/wp-json\/wp\/v2\/product"}],"about":[{"href":"https:\/\/roveyayinevi.com.tr\/index.php\/wp-json\/wp\/v2\/types\/product"}],"wp:attachment":[{"href":"https:\/\/roveyayinevi.com.tr\/index.php\/wp-json\/wp\/v2\/media?parent=714682"}],"wp:term":[{"taxonomy":"product_brand","embeddable":true,"href":"https:\/\/roveyayinevi.com.tr\/index.php\/wp-json\/wp\/v2\/product_brand?post=714682"},{"taxonomy":"product_cat","embeddable":true,"href":"https:\/\/roveyayinevi.com.tr\/index.php\/wp-json\/wp\/v2\/product_cat?post=714682"},{"taxonomy":"product_tag","embeddable":true,"href":"https:\/\/roveyayinevi.com.tr\/index.php\/wp-json\/wp\/v2\/product_tag?post=714682"}],"curies":[{"name":"wp","href":"https:\/\/api.w.org\/{rel}","templated":true}]}}