{"id":714681,"date":"2025-08-27T17:21:40","date_gmt":"2025-08-27T14:21:40","guid":{"rendered":"https:\/\/roveyayinevi.com.tr\/index.php\/urun\/markethink-ya-da-farkethink\/"},"modified":"2025-11-19T16:52:01","modified_gmt":"2025-11-19T13:52:01","slug":"markethink-ya-da-farkethink","status":"publish","type":"product","link":"https:\/\/roveyayinevi.com.tr\/index.php\/urun\/markethink-ya-da-farkethink\/","title":{"rendered":"Markethink ya da Farkethink"},"content":{"rendered":"<p>Deneyim, Pazarlama, Perakendecilik ve Trendler \u00fczerine e\u015fsiz bir okuma deneyimi! Harvard Business Review T\u00fcrkiye Deneyimsel pazarlama, duyusal markalama ve m\u00fc\u015fteri deneyiminin kusursuz birle\u015fimi! The Bloomberg Businessweek T\u00fcrkiye M\u00fc\u015fteri bilimi ve m\u00fc\u015fteri deneyimi hakk\u0131nda ilham verici bir kitap m\u0131 ar\u0131yorsunuz? Grafik Tasar\u0131m Deneyim tasar\u0131m\u0131, y\u00f6netimi ve m\u00fc\u015fteri hakk\u0131nda yeni d\u00fcnya tasar\u0131m\u0131! Brand Map <\/p>\n","protected":false},"excerpt":{"rendered":"<p>Deneyim, Pazarlama, Perakendecilik ve Trendler \u00fczerine e\u015fsiz bir okuma deneyimi! Harvard Business Review T\u00fcrkiye Deneyimsel pazarlama, duyusal markalama ve m\u00fc\u015fteri deneyiminin kusursuz birle\u015fimi! The Bloomberg Businessweek<span class=\"excerpt-hellip\"> [\u2026]<\/span><\/p>\n","protected":false},"featured_media":0,"template":"","meta":{"_monsterinsights_skip_tracking":false,"_monsterinsights_sitenote_active":false,"_monsterinsights_sitenote_note":"","_monsterinsights_sitenote_category":0},"product_brand":[],"product_cat":[13043,17492],"product_tag":[],"class_list":{"0":"post-714681","1":"product","2":"type-product","3":"status-publish","5":"product_cat-ekonomi","6":"product_cat-pazarlama-satis-reklam","7":"pa_cilt-ciltsiz","8":"pa_tur-kitap","9":"pa_yayinevi-destek-yayinlari","10":"pa_yazar-ugur-bati","12":"first","13":"instock","14":"sale","15":"shipping-taxable","16":"purchasable","17":"product-type-simple"},"_links":{"self":[{"href":"https:\/\/roveyayinevi.com.tr\/index.php\/wp-json\/wp\/v2\/product\/714681","targetHints":{"allow":["GET"]}}],"collection":[{"href":"https:\/\/roveyayinevi.com.tr\/index.php\/wp-json\/wp\/v2\/product"}],"about":[{"href":"https:\/\/roveyayinevi.com.tr\/index.php\/wp-json\/wp\/v2\/types\/product"}],"wp:attachment":[{"href":"https:\/\/roveyayinevi.com.tr\/index.php\/wp-json\/wp\/v2\/media?parent=714681"}],"wp:term":[{"taxonomy":"product_brand","embeddable":true,"href":"https:\/\/roveyayinevi.com.tr\/index.php\/wp-json\/wp\/v2\/product_brand?post=714681"},{"taxonomy":"product_cat","embeddable":true,"href":"https:\/\/roveyayinevi.com.tr\/index.php\/wp-json\/wp\/v2\/product_cat?post=714681"},{"taxonomy":"product_tag","embeddable":true,"href":"https:\/\/roveyayinevi.com.tr\/index.php\/wp-json\/wp\/v2\/product_tag?post=714681"}],"curies":[{"name":"wp","href":"https:\/\/api.w.org\/{rel}","templated":true}]}}