{"id":714678,"date":"2025-08-27T17:21:38","date_gmt":"2025-08-27T14:21:38","guid":{"rendered":"https:\/\/roveyayinevi.com.tr\/index.php\/urun\/akilli-ol-insan-ol\/"},"modified":"2025-10-30T11:44:14","modified_gmt":"2025-10-30T08:44:14","slug":"akilli-ol-insan-ol","status":"publish","type":"product","link":"https:\/\/roveyayinevi.com.tr\/index.php\/urun\/akilli-ol-insan-ol\/","title":{"rendered":"Ak\u0131ll\u0131 Ol \u0130nsan Ol"},"content":{"rendered":"<p>Sahip olunmaya de\u011fer her \u015fey, u\u011frunda \u00e7al\u0131\u015fmaya da de\u011fer! Galibiyetlerin bedeli a\u011f\u0131rd\u0131r. Kolay ve ucuz yoldan gelmezler&#8230; Zaten zafer duygusunun tad\u0131 a\u015f\u0131nd\u0131r\u0131lan yollar\u0131n \u00e7etinli\u011finden do\u011far. Ustal\u0131\u011fa ula\u015fman\u0131n yolu \u00e7al\u0131\u015fmaktan, tutkudan, pes etmemekten ve adanm\u0131\u015fl\u0131ktan ge\u00e7er. \u00d6zg\u00fcnl\u00fc\u011f\u00fcn\u00fcz imzan\u0131z, rakiplerinize sayg\u0131n\u0131z tac\u0131n\u0131zd\u0131r. D\u00fc\u015fledi\u011finiz her \u015fey kural\u0131na uygun oynarsan\u0131z sizin olur. Gelece\u011fe ad\u0131m atarken, yeni zaferlere ve hedeflere ko\u015farken kalbinizde k\u00fckreyen aslan\u0131 hissedin. Hayat oyununu daima aslan tarz\u0131 oynay\u0131n. <\/p>\n","protected":false},"excerpt":{"rendered":"<p>Sahip olunmaya de\u011fer her \u015fey, u\u011frunda \u00e7al\u0131\u015fmaya da de\u011fer! Galibiyetlerin bedeli a\u011f\u0131rd\u0131r. Kolay ve ucuz yoldan gelmezler&#8230; Zaten zafer duygusunun tad\u0131 a\u015f\u0131nd\u0131r\u0131lan yollar\u0131n \u00e7etinli\u011finden do\u011far. Ustal\u0131\u011fa<span class=\"excerpt-hellip\"> [\u2026]<\/span><\/p>\n","protected":false},"featured_media":0,"template":"","meta":{"_monsterinsights_skip_tracking":false,"_monsterinsights_sitenote_active":false,"_monsterinsights_sitenote_note":"","_monsterinsights_sitenote_category":0},"product_brand":[],"product_cat":[12364,12376],"product_tag":[],"class_list":{"0":"post-714678","1":"product","2":"type-product","3":"status-publish","5":"product_cat-genel-konular","6":"product_cat-kisisel-gelisim","7":"pa_cilt-ciltsiz","8":"pa_tur-kitap","9":"pa_yayinevi-destek-yayinlari","10":"pa_yazar-cem-kinay","12":"first","13":"instock","14":"sale","15":"shipping-taxable","16":"purchasable","17":"product-type-simple"},"_links":{"self":[{"href":"https:\/\/roveyayinevi.com.tr\/index.php\/wp-json\/wp\/v2\/product\/714678","targetHints":{"allow":["GET"]}}],"collection":[{"href":"https:\/\/roveyayinevi.com.tr\/index.php\/wp-json\/wp\/v2\/product"}],"about":[{"href":"https:\/\/roveyayinevi.com.tr\/index.php\/wp-json\/wp\/v2\/types\/product"}],"wp:attachment":[{"href":"https:\/\/roveyayinevi.com.tr\/index.php\/wp-json\/wp\/v2\/media?parent=714678"}],"wp:term":[{"taxonomy":"product_brand","embeddable":true,"href":"https:\/\/roveyayinevi.com.tr\/index.php\/wp-json\/wp\/v2\/product_brand?post=714678"},{"taxonomy":"product_cat","embeddable":true,"href":"https:\/\/roveyayinevi.com.tr\/index.php\/wp-json\/wp\/v2\/product_cat?post=714678"},{"taxonomy":"product_tag","embeddable":true,"href":"https:\/\/roveyayinevi.com.tr\/index.php\/wp-json\/wp\/v2\/product_tag?post=714678"}],"curies":[{"name":"wp","href":"https:\/\/api.w.org\/{rel}","templated":true}]}}