{"id":714672,"date":"2025-08-27T17:21:34","date_gmt":"2025-08-27T14:21:34","guid":{"rendered":"https:\/\/roveyayinevi.com.tr\/index.php\/urun\/yasamin-kurallari\/"},"modified":"2026-04-16T02:22:55","modified_gmt":"2026-04-15T23:22:55","slug":"yasamin-kurallari","status":"publish","type":"product","link":"https:\/\/roveyayinevi.com.tr\/index.php\/urun\/yasamin-kurallari\/","title":{"rendered":"Ya\u015fam\u0131n Kurallar\u0131"},"content":{"rendered":"<p>Ya\u015fam\u0131n Kurallar\u0131 Daha iyi, daha mutlu, daha ba\u015far\u0131l\u0131 bir hayat s\u00fcrmek i\u00e7in bilmeniz gereken her \u015fey! Baz\u0131 insanlar i\u00e7in hayat ne kolay! \u0130\u00e7inde bulunduklar\u0131 durum ne olursa olsun, ister iyiye ister k\u00f6t\u00fcye gidiyorlar olsunlar, her h\u00e2l\u00fck\u00e2rda do\u011fru \u015feyleri yap\u0131yorlar sanki. Herkes onlar\u0131 seviyor; onlarla birlikte ya\u015famak ve \u00e7al\u0131\u015fmak \u00e7ok keyifli. Mutlular, \u00e7evrelerindeki insanlara vakit ay\u0131rabiliyorlar ve neyin \u00f6nemli oldu\u011funu hep bilir gibiler. Acaba bu insanlar\u0131n fark\u0131nda oldu\u011fu ve bizim fark edemedi\u011fimiz bir \u015feyler mi var? Acaba bir \u015feyler \u00f6\u011frenebilir miyiz bu insanlardan? Tabii ki\u2026 Bu insanlar hayat\u0131n kurallar\u0131n\u0131 biliyor. Hayat\u0131n kurallar\u0131; hayattan daha fazla keyif alman\u0131z\u0131, zorluklarla daha kolay ba\u015fa \u00e7\u0131kman\u0131z\u0131 ve genel anlamda daha mutlu olman\u0131z\u0131 sa\u011flayacak. Hayat sizin ve onu daha iyi ya\u015famak elinizde! <\/p>\n","protected":false},"excerpt":{"rendered":"<p>Ya\u015fam\u0131n Kurallar\u0131 Daha iyi, daha mutlu, daha ba\u015far\u0131l\u0131 bir hayat s\u00fcrmek i\u00e7in bilmeniz gereken her \u015fey! Baz\u0131 insanlar i\u00e7in hayat ne kolay! \u0130\u00e7inde bulunduklar\u0131 durum ne<span class=\"excerpt-hellip\"> [\u2026]<\/span><\/p>\n","protected":false},"featured_media":0,"template":"","meta":{"_monsterinsights_skip_tracking":false,"_monsterinsights_sitenote_active":false,"_monsterinsights_sitenote_note":"","_monsterinsights_sitenote_category":0},"product_brand":[],"product_cat":[12364,12376],"product_tag":[],"class_list":{"0":"post-714672","1":"product","2":"type-product","3":"status-publish","5":"product_cat-genel-konular","6":"product_cat-kisisel-gelisim","7":"pa_cilt-ciltsiz","8":"pa_tur-kitap","9":"pa_yayinevi-akil-celen-kitaplar","10":"pa_yazar-richard-templar","12":"first","13":"instock","14":"sale","15":"shipping-taxable","16":"purchasable","17":"product-type-simple"},"_links":{"self":[{"href":"https:\/\/roveyayinevi.com.tr\/index.php\/wp-json\/wp\/v2\/product\/714672","targetHints":{"allow":["GET"]}}],"collection":[{"href":"https:\/\/roveyayinevi.com.tr\/index.php\/wp-json\/wp\/v2\/product"}],"about":[{"href":"https:\/\/roveyayinevi.com.tr\/index.php\/wp-json\/wp\/v2\/types\/product"}],"wp:attachment":[{"href":"https:\/\/roveyayinevi.com.tr\/index.php\/wp-json\/wp\/v2\/media?parent=714672"}],"wp:term":[{"taxonomy":"product_brand","embeddable":true,"href":"https:\/\/roveyayinevi.com.tr\/index.php\/wp-json\/wp\/v2\/product_brand?post=714672"},{"taxonomy":"product_cat","embeddable":true,"href":"https:\/\/roveyayinevi.com.tr\/index.php\/wp-json\/wp\/v2\/product_cat?post=714672"},{"taxonomy":"product_tag","embeddable":true,"href":"https:\/\/roveyayinevi.com.tr\/index.php\/wp-json\/wp\/v2\/product_tag?post=714672"}],"curies":[{"name":"wp","href":"https:\/\/api.w.org\/{rel}","templated":true}]}}