{"id":714664,"date":"2025-08-27T17:21:29","date_gmt":"2025-08-27T14:21:29","guid":{"rendered":"https:\/\/roveyayinevi.com.tr\/index.php\/urun\/bob-ve-gaga-sanati\/"},"modified":"2026-04-16T02:22:55","modified_gmt":"2026-04-15T23:22:55","slug":"bob-ve-gaga-sanati","status":"publish","type":"product","link":"https:\/\/roveyayinevi.com.tr\/index.php\/urun\/bob-ve-gaga-sanati\/","title":{"rendered":"Bob ve Gaga Sanat\u0131"},"content":{"rendered":"<p>Arka kapaktan;Bob\u2019un s\u0131ska bacaklar\u0131 onu \u00e7ok \u00fcz\u00fcyordu.Ama ne gelirdi ki gagas\u0131ndan?Marion Deuchars, Bob ve Gaga Sanat\u0131\u2019yla, kendini sanatla ifade etmeye ve kendin olmay\u0131 g\u00f6ze alacak kadar cesur olmaya \u00e7a\u011f\u0131r\u0131yor k\u00fc\u00e7\u00fck ku\u015flar\u0131<\/p>\n","protected":false},"excerpt":{"rendered":"<p>Arka kapaktan;Bob\u2019un s\u0131ska bacaklar\u0131 onu \u00e7ok \u00fcz\u00fcyordu.Ama ne gelirdi ki gagas\u0131ndan?Marion Deuchars, Bob ve Gaga Sanat\u0131\u2019yla, kendini sanatla ifade etmeye ve kendin olmay\u0131 g\u00f6ze alacak kadar<span class=\"excerpt-hellip\"> [\u2026]<\/span><\/p>\n","protected":false},"featured_media":0,"template":"","meta":{"_monsterinsights_skip_tracking":false,"_monsterinsights_sitenote_active":false,"_monsterinsights_sitenote_note":"","_monsterinsights_sitenote_category":0},"product_brand":[],"product_cat":[12913,12274],"product_tag":[],"class_list":{"0":"post-714664","1":"product","2":"type-product","3":"status-publish","5":"product_cat-3-6-yas-kitaplari","6":"product_cat-cocuk-ve-genclik-kitaplari","7":"pa_cilt-ciltsiz","8":"pa_tur-kitap","9":"pa_yayinevi-fom-kitap","10":"pa_yazar-marion-deuchars","12":"first","13":"instock","14":"sale","15":"shipping-taxable","16":"purchasable","17":"product-type-simple"},"_links":{"self":[{"href":"https:\/\/roveyayinevi.com.tr\/index.php\/wp-json\/wp\/v2\/product\/714664","targetHints":{"allow":["GET"]}}],"collection":[{"href":"https:\/\/roveyayinevi.com.tr\/index.php\/wp-json\/wp\/v2\/product"}],"about":[{"href":"https:\/\/roveyayinevi.com.tr\/index.php\/wp-json\/wp\/v2\/types\/product"}],"wp:attachment":[{"href":"https:\/\/roveyayinevi.com.tr\/index.php\/wp-json\/wp\/v2\/media?parent=714664"}],"wp:term":[{"taxonomy":"product_brand","embeddable":true,"href":"https:\/\/roveyayinevi.com.tr\/index.php\/wp-json\/wp\/v2\/product_brand?post=714664"},{"taxonomy":"product_cat","embeddable":true,"href":"https:\/\/roveyayinevi.com.tr\/index.php\/wp-json\/wp\/v2\/product_cat?post=714664"},{"taxonomy":"product_tag","embeddable":true,"href":"https:\/\/roveyayinevi.com.tr\/index.php\/wp-json\/wp\/v2\/product_tag?post=714664"}],"curies":[{"name":"wp","href":"https:\/\/api.w.org\/{rel}","templated":true}]}}