{"id":714662,"date":"2025-08-27T17:21:27","date_gmt":"2025-08-27T14:21:27","guid":{"rendered":"https:\/\/roveyayinevi.com.tr\/index.php\/urun\/10-sinif-tum-dersler-konu-ozetli-cozumlu-soru-bankasi\/"},"modified":"2026-04-16T02:22:55","modified_gmt":"2026-04-15T23:22:55","slug":"10-sinif-tum-dersler-konu-ozetli-cozumlu-soru-bankasi","status":"publish","type":"product","link":"https:\/\/roveyayinevi.com.tr\/index.php\/urun\/10-sinif-tum-dersler-konu-ozetli-cozumlu-soru-bankasi\/","title":{"rendered":"10. S\u0131n\u0131f T\u00fcm Dersler Konu \u00d6zetli \u00c7\u00f6z\u00fcml\u00fc Soru Bankas\u0131"},"content":{"rendered":"<p>MEB\u2019in 2020 e\u011fitim-\u00f6\u011fretim y\u0131l\u0131nda de\u011fi\u015fen 10. s\u0131n\u0131f kazan\u0131mlar\u0131n\u0131n t\u00fcm\u00fcne y\u00f6nelik haz\u0131rlanm\u0131\u015ft\u0131r. 10. S\u0131n\u0131f m\u00fcfredat\u0131n\u0131n b\u00fct\u00fcn bran\u015flar\u0131n\u0131 kapsar.Konular\u0131n m\u00fcfredata uygun bir dizili\u015fle verildi\u011fi kitap, konu \u00f6zetleri, g\u00fcncel sorular, \u00d6SYM tarz\u0131 yeni nesil sorular, her \u00f6\u011frencinin ihtiyac\u0131na ve seviyesine uygun \u00fcniversite s\u0131navlar\u0131nda \u00e7\u0131km\u0131\u015f veya \u00e7\u0131kabilecek sorulardan olu\u015fmaktad\u0131r.Bu kitaptaki sorular\u0131 \u00e7\u00f6zerek okul ve s\u0131navlardaki ba\u015far\u0131n\u0131z, sorular\u0131 \u00e7\u00f6zme h\u0131z\u0131n\u0131z artacakt\u0131r.Sorular\u0131n tamam\u0131 video \u00e7\u00f6z\u00fcml\u00fcd\u00fcr. Video \u00e7\u00f6z\u00fcmleri \u00f6\u011frencilerin konu tekrar\u0131 yapmalar\u0131n\u0131 sa\u011flayarak bilgilerini peki\u015ftirir. Soru \u00e7\u00f6z\u00fcmlerine Evrensel Dijital uygulamas\u0131ndan ula\u015f\u0131labilir. Uygulamay\u0131 PC \u00fczerinden www.evrenseldijital.com adresinden, ak\u0131ll\u0131 telefondan \u201cevrenseldijital\u201d uygulamas\u0131n\u0131 indirerek kullanabilirler.Ak\u0131ll\u0131 telefonlar\u0131n Android ve IOS platformlar\u0131nda \u00fccretsiz ve \u00fcyelik gerektirmeden kullanabilirler.Ak\u0131ll\u0131 tahtaya tam uyumludur.<\/p>\n","protected":false},"excerpt":{"rendered":"<p>MEB\u2019in 2020 e\u011fitim-\u00f6\u011fretim y\u0131l\u0131nda de\u011fi\u015fen 10. s\u0131n\u0131f kazan\u0131mlar\u0131n\u0131n t\u00fcm\u00fcne y\u00f6nelik haz\u0131rlanm\u0131\u015ft\u0131r. 10. S\u0131n\u0131f m\u00fcfredat\u0131n\u0131n b\u00fct\u00fcn bran\u015flar\u0131n\u0131 kapsar.Konular\u0131n m\u00fcfredata uygun bir dizili\u015fle verildi\u011fi kitap, konu \u00f6zetleri, g\u00fcncel<span class=\"excerpt-hellip\"> [\u2026]<\/span><\/p>\n","protected":false},"featured_media":0,"template":"","meta":{"_monsterinsights_skip_tracking":false,"_monsterinsights_sitenote_active":false,"_monsterinsights_sitenote_note":"","_monsterinsights_sitenote_category":0},"product_brand":[],"product_cat":[56032,56714,56713,12566,43675,13473],"product_tag":[],"class_list":{"0":"post-714662","1":"product","2":"type-product","3":"status-publish","5":"product_cat-10-sinif","6":"product_cat-10-sinif-tum-dersler-soru-bankasi","7":"product_cat-10-sinif-tum-dersler","8":"product_cat-egitim","9":"product_cat-lise-yardimci-kitaplari","10":"product_cat-sinavlara-hazirlik-okula-yardimci-kaynaklar","11":"pa_cilt-ciltsiz","12":"pa_tur-kitap","13":"pa_yayinevi-evrensel-iletisim-yayinlari","14":"pa_yazar-evrensel-kolektif","16":"first","17":"instock","18":"sale","19":"shipping-taxable","20":"purchasable","21":"product-type-simple"},"_links":{"self":[{"href":"https:\/\/roveyayinevi.com.tr\/index.php\/wp-json\/wp\/v2\/product\/714662","targetHints":{"allow":["GET"]}}],"collection":[{"href":"https:\/\/roveyayinevi.com.tr\/index.php\/wp-json\/wp\/v2\/product"}],"about":[{"href":"https:\/\/roveyayinevi.com.tr\/index.php\/wp-json\/wp\/v2\/types\/product"}],"wp:attachment":[{"href":"https:\/\/roveyayinevi.com.tr\/index.php\/wp-json\/wp\/v2\/media?parent=714662"}],"wp:term":[{"taxonomy":"product_brand","embeddable":true,"href":"https:\/\/roveyayinevi.com.tr\/index.php\/wp-json\/wp\/v2\/product_brand?post=714662"},{"taxonomy":"product_cat","embeddable":true,"href":"https:\/\/roveyayinevi.com.tr\/index.php\/wp-json\/wp\/v2\/product_cat?post=714662"},{"taxonomy":"product_tag","embeddable":true,"href":"https:\/\/roveyayinevi.com.tr\/index.php\/wp-json\/wp\/v2\/product_tag?post=714662"}],"curies":[{"name":"wp","href":"https:\/\/api.w.org\/{rel}","templated":true}]}}