{"id":714661,"date":"2025-08-27T17:21:27","date_gmt":"2025-08-27T14:21:27","guid":{"rendered":"https:\/\/roveyayinevi.com.tr\/index.php\/urun\/haydi-gel-vazgecme\/"},"modified":"2026-04-16T02:22:55","modified_gmt":"2026-04-15T23:22:55","slug":"haydi-gel-vazgecme","status":"publish","type":"product","link":"https:\/\/roveyayinevi.com.tr\/index.php\/urun\/haydi-gel-vazgecme\/","title":{"rendered":"Haydi Gel Vazge\u00e7me"},"content":{"rendered":"<p>Ya\u015fam bize hik\u00e2ye anlat\u0131r&#8230;  Bu hik\u00e2ye ancak can kula\u011f\u0131  ile dinleyenin i\u015fine yarar. Hik\u00e2ye bazen zorluklar\u0131,  bazen mutluluklar\u0131, bazen ba\u015far\u0131lar\u0131 bazen gidilecek yollar\u0131, bazen kaybolu\u015flar\u0131, bazen kendini bulu\u015flar\u0131, bazen de gizemli s\u0131rlar\u0131 anlat\u0131r. Ama biline ki; her hik\u00e2ye kendi i\u00e7inde ba\u015flar,  kendi i\u00e7inde geli\u015fir ve kendisiyle son bulur. Kendi hik\u00e2yeni yazarken kelimelere tak\u0131l\u0131p kalma. Kelimelerin birlikteli\u011finden olu\u015fan  c\u00fcmlenin \u00f6znesine bak her zaman. YAN\u0130 KEND\u0130NE! HAYD\u0130 GEL, VAZGE\u00c7ME!  \u00c7\u00dcNK\u00dc;  SANA KALB\u0130M GE\u00c7T\u0130.<\/p>\n","protected":false},"excerpt":{"rendered":"<p>Ya\u015fam bize hik\u00e2ye anlat\u0131r&#8230; Bu hik\u00e2ye ancak can kula\u011f\u0131 ile dinleyenin i\u015fine yarar. Hik\u00e2ye bazen zorluklar\u0131, bazen mutluluklar\u0131, bazen ba\u015far\u0131lar\u0131 bazen gidilecek yollar\u0131, bazen kaybolu\u015flar\u0131, bazen<span class=\"excerpt-hellip\"> [\u2026]<\/span><\/p>\n","protected":false},"featured_media":0,"template":"","meta":{"_monsterinsights_skip_tracking":false,"_monsterinsights_sitenote_active":false,"_monsterinsights_sitenote_note":"","_monsterinsights_sitenote_category":0},"product_brand":[],"product_cat":[12777,12291],"product_tag":[],"class_list":{"0":"post-714661","1":"product","2":"type-product","3":"status-publish","5":"product_cat-deneme","6":"product_cat-edebiyat","7":"pa_cilt-ciltsiz","8":"pa_tur-kitap","9":"pa_yayinevi-marti-yayinlari","10":"pa_yazar-tansel-baybara","12":"first","13":"instock","14":"sale","15":"shipping-taxable","16":"purchasable","17":"product-type-simple"},"_links":{"self":[{"href":"https:\/\/roveyayinevi.com.tr\/index.php\/wp-json\/wp\/v2\/product\/714661","targetHints":{"allow":["GET"]}}],"collection":[{"href":"https:\/\/roveyayinevi.com.tr\/index.php\/wp-json\/wp\/v2\/product"}],"about":[{"href":"https:\/\/roveyayinevi.com.tr\/index.php\/wp-json\/wp\/v2\/types\/product"}],"wp:attachment":[{"href":"https:\/\/roveyayinevi.com.tr\/index.php\/wp-json\/wp\/v2\/media?parent=714661"}],"wp:term":[{"taxonomy":"product_brand","embeddable":true,"href":"https:\/\/roveyayinevi.com.tr\/index.php\/wp-json\/wp\/v2\/product_brand?post=714661"},{"taxonomy":"product_cat","embeddable":true,"href":"https:\/\/roveyayinevi.com.tr\/index.php\/wp-json\/wp\/v2\/product_cat?post=714661"},{"taxonomy":"product_tag","embeddable":true,"href":"https:\/\/roveyayinevi.com.tr\/index.php\/wp-json\/wp\/v2\/product_tag?post=714661"}],"curies":[{"name":"wp","href":"https:\/\/api.w.org\/{rel}","templated":true}]}}