{"id":714660,"date":"2025-08-27T17:21:26","date_gmt":"2025-08-27T14:21:26","guid":{"rendered":"https:\/\/roveyayinevi.com.tr\/index.php\/urun\/isyan-ile-itaat-arasinda\/"},"modified":"2026-04-16T02:22:55","modified_gmt":"2026-04-15T23:22:55","slug":"isyan-ile-itaat-arasinda","status":"publish","type":"product","link":"https:\/\/roveyayinevi.com.tr\/index.php\/urun\/isyan-ile-itaat-arasinda\/","title":{"rendered":"\u0130syan \u0130le \u0130taat Aras\u0131nda"},"content":{"rendered":"<p>&#8220;Bu \u00e7al\u0131\u015fma, T\u00fcrkiye\u2019de \u0130slamc\u0131l\u0131\u011f\u0131n ge\u00e7irdi\u011fi d\u00f6n\u00fc\u015f\u00fcmleri ve buradan ortaya \u00e7\u0131kan pratiklerin bir toplumsal hareket bi\u00e7imine d\u00f6n\u00fc\u015fmesini, bu yeni hareketin sendikal alanda (Hak-\u0130\u015f) i\u015f\u00e7ilere sa\u011flad\u0131\u011f\u0131 toplumsal taban\u0131 tart\u0131\u015fmaktad\u0131r. II. Me\u015frutiyet d\u00f6neminden g\u00fcn\u00fcm\u00fcze \u0130slamc\u0131l\u0131\u011f\u0131n ge\u00e7irdi\u011fi evreler olduk\u00e7a dikkat \u00e7ekicidir. \u0130slamc\u0131l\u0131k, Osmanl\u0131\u2019n\u0131n son d\u00f6neminde devleti kurtarma ideolojisi olarak ortaya at\u0131l\u0131rken, erken cumhuriyet d\u00f6neminde toplumsal g\u00fc\u00e7 da\u011f\u0131l\u0131m\u0131na itiraz\u0131n bir taraf\u0131 haline getirmi\u015ftir.\u00c7al\u0131\u015fma, T\u00fcrkiye\u2019de \u0130slamc\u0131l\u0131\u011f\u0131n olu\u015fumunu a\u015fa\u011f\u0131dan yukar\u0131ya ger\u00e7ekle\u015fen bir toplumsal hareket oldu\u011fu iddias\u0131n\u0131 ta\u015f\u0131maktad\u0131r. Bu minvalde hareketin olu\u015fumu s\u0131n\u0131fsal bir perspektiften de\u011ferlendirilmektedir. Bug\u00fcn T\u00fcrkiye\u2019de olu\u015fan siyasal panorama \u0130slamc\u0131l\u0131\u011f\u0131n s\u0131n\u0131fsal bir mesele oldu\u011fu iddias\u0131n\u0131 do\u011frular niteliktedir. \u00c7al\u0131\u015fma, \u0130slamc\u0131l\u0131\u011f\u0131n bug\u00fcnk\u00fc s\u0131n\u0131fsal geli\u015fim s\u00fcrecini tedricen ger\u00e7ekle\u015fti\u011fini \u00f6ne s\u00fcrerken bu toplumsal hareketin siyasal, sosyal ve k\u00fclt\u00fcrel alandaki izd\u00fc\u015f\u00fcmlerini tart\u0131\u015fmaktad\u0131r. Ayr\u0131ca Hak-\u0130\u015f konfederasyonunun T\u00fcrk End\u00fcstri \u0130li\u015fkileri sisteminin hangi ihtiya\u00e7lar\u0131ndan do\u011fdu\u011fu analiz edilerek i\u015fbu sendikal hareketin, \u0130slamc\u0131 hareketin sendikal alana bir yans\u0131mas\u0131 oldu\u011fu ger\u00e7e\u011fi \u0131\u015f\u0131\u011f\u0131nda de\u011ferlendirilmektedir.&#8221;<\/p>\n","protected":false},"excerpt":{"rendered":"<p>&#8220;Bu \u00e7al\u0131\u015fma, T\u00fcrkiye\u2019de \u0130slamc\u0131l\u0131\u011f\u0131n ge\u00e7irdi\u011fi d\u00f6n\u00fc\u015f\u00fcmleri ve buradan ortaya \u00e7\u0131kan pratiklerin bir toplumsal hareket bi\u00e7imine d\u00f6n\u00fc\u015fmesini, bu yeni hareketin sendikal alanda (Hak-\u0130\u015f) i\u015f\u00e7ilere sa\u011flad\u0131\u011f\u0131 toplumsal taban\u0131<span class=\"excerpt-hellip\"> [\u2026]<\/span><\/p>\n","protected":false},"featured_media":0,"template":"","meta":{"_monsterinsights_skip_tracking":false,"_monsterinsights_sitenote_active":false,"_monsterinsights_sitenote_note":"","_monsterinsights_sitenote_category":0},"product_brand":[],"product_cat":[12718,12719],"product_tag":[],"class_list":{"0":"post-714660","1":"product","2":"type-product","3":"status-publish","5":"product_cat-din","6":"product_cat-islam","7":"pa_cilt-ciltsiz","8":"pa_tur-kitap","9":"pa_yayinevi-karakum-yayinevi","10":"pa_yazar-kemal-temel","12":"first","13":"instock","14":"sale","15":"shipping-taxable","16":"purchasable","17":"product-type-simple"},"_links":{"self":[{"href":"https:\/\/roveyayinevi.com.tr\/index.php\/wp-json\/wp\/v2\/product\/714660","targetHints":{"allow":["GET"]}}],"collection":[{"href":"https:\/\/roveyayinevi.com.tr\/index.php\/wp-json\/wp\/v2\/product"}],"about":[{"href":"https:\/\/roveyayinevi.com.tr\/index.php\/wp-json\/wp\/v2\/types\/product"}],"wp:attachment":[{"href":"https:\/\/roveyayinevi.com.tr\/index.php\/wp-json\/wp\/v2\/media?parent=714660"}],"wp:term":[{"taxonomy":"product_brand","embeddable":true,"href":"https:\/\/roveyayinevi.com.tr\/index.php\/wp-json\/wp\/v2\/product_brand?post=714660"},{"taxonomy":"product_cat","embeddable":true,"href":"https:\/\/roveyayinevi.com.tr\/index.php\/wp-json\/wp\/v2\/product_cat?post=714660"},{"taxonomy":"product_tag","embeddable":true,"href":"https:\/\/roveyayinevi.com.tr\/index.php\/wp-json\/wp\/v2\/product_tag?post=714660"}],"curies":[{"name":"wp","href":"https:\/\/api.w.org\/{rel}","templated":true}]}}