{"id":714659,"date":"2025-08-27T17:21:26","date_gmt":"2025-08-27T14:21:26","guid":{"rendered":"https:\/\/roveyayinevi.com.tr\/index.php\/urun\/tarihte-biraktigi-izlerle-hazar-devleti\/"},"modified":"2026-04-16T02:22:55","modified_gmt":"2026-04-15T23:22:55","slug":"tarihte-biraktigi-izlerle-hazar-devleti","status":"publish","type":"product","link":"https:\/\/roveyayinevi.com.tr\/index.php\/urun\/tarihte-biraktigi-izlerle-hazar-devleti\/","title":{"rendered":"Tarihte B\u0131rakt\u0131\u011f\u0131 \u0130zlerle Hazar Devleti"},"content":{"rendered":"<p>Tarihin ilk ve tek Musevi T\u00fcrk Devleti: Hazarlar&#8230;&#8221;Hazarlar, 7. ve 9. y\u00fczy\u0131llar aras\u0131nda d\u00fcnyan\u0131n en g\u00fc\u00e7l\u00fc devletlerinden biri olmu\u015ftur.&#8221;D\u00fcnyan\u0131n en zor co\u011frafyalar\u0131ndan birinde, Araplar ve Bizans Devleti gibi d\u00f6nemin en g\u00fc\u00e7l\u00fc iki devleti ile denk g\u00fc\u00e7te, \u00e7a\u011f\u0131n\u0131n ilerisinde uygulamalar\u0131yla neredeyse her dinden ve bir\u00e7ok farkl\u0131 dilden insan\u0131n kendi dini hukukuna tabi olarak bar\u0131\u015f i\u00e7inde bir arada ya\u015fad\u0131\u011f\u0131, G\u00f6kt\u00fcrklerin devam\u0131, ilk ve tek Musevi T\u00fcrk devleti: Hazarlar.\u00dc\u00e7 y\u00fczy\u0131ldan fazla s\u00fcre varl\u0131\u011f\u0131n\u0131 koruyan, \u0130ranl\u0131larla, Ermenilerle, G\u00fcrc\u00fclerle, Ruslarla, Bizansl\u0131larla, Bulgarlarla ve belki de en \u00f6nemlisi Araplarla m\u00fccadelelerinde tarihin ak\u0131\u015f\u0131na etki eden b\u00fcy\u00fck bir T\u00fcrk devleti.Tan\u0131nmalar\u0131 Musevili\u011fi kabul etmeleriyle s\u0131n\u0131rl\u0131 kalan ve olduk\u00e7a ihmal edilen ancak hukuku, masraflar\u0131n\u0131 zenginlerin kar\u015f\u0131lad\u0131\u011f\u0131 ordusu, uygulad\u0131\u011f\u0131 veraset sistemi ve \u201cikili y\u00f6netimi\u201d ile devrim niteli\u011finde uygulamalara imza atan ilerici, zaman\u0131n \u00e7ok \u00f6tesinde bir devlet.Turgut Demirta\u015f&#8217;\u0131n &#8220;Hazar Devleti&#8221; adl\u0131 bu kitab\u0131; Do\u011fu Avrupa T\u00fcrk tarihine katk\u0131 sa\u011flamak, ileri s\u00fcrd\u00fc\u011f\u00fc tezlerle yeni tart\u0131\u015fmalara \u00f6nc\u00fcl\u00fck etmek ve sonraki \u00e7al\u0131\u015fmalara ilham olmak.<\/p>\n","protected":false},"excerpt":{"rendered":"<p>Tarihin ilk ve tek Musevi T\u00fcrk Devleti: Hazarlar&#8230;&#8221;Hazarlar, 7. ve 9. y\u00fczy\u0131llar aras\u0131nda d\u00fcnyan\u0131n en g\u00fc\u00e7l\u00fc devletlerinden biri olmu\u015ftur.&#8221;D\u00fcnyan\u0131n en zor co\u011frafyalar\u0131ndan birinde, Araplar ve Bizans<span class=\"excerpt-hellip\"> [\u2026]<\/span><\/p>\n","protected":false},"featured_media":0,"template":"","meta":{"_monsterinsights_skip_tracking":false,"_monsterinsights_sitenote_active":false,"_monsterinsights_sitenote_note":"","_monsterinsights_sitenote_category":0},"product_brand":[],"product_cat":[12304,13650],"product_tag":[],"class_list":{"0":"post-714659","1":"product","2":"type-product","3":"status-publish","5":"product_cat-tarih","6":"product_cat-turk-tarihi-arastirmalari","7":"pa_cilt-ciltsiz","8":"pa_tur-kitap","9":"pa_yayinevi-karakum-yayinevi","10":"pa_yazar-turgut-demirtas","12":"first","13":"instock","14":"sale","15":"shipping-taxable","16":"purchasable","17":"product-type-simple"},"_links":{"self":[{"href":"https:\/\/roveyayinevi.com.tr\/index.php\/wp-json\/wp\/v2\/product\/714659","targetHints":{"allow":["GET"]}}],"collection":[{"href":"https:\/\/roveyayinevi.com.tr\/index.php\/wp-json\/wp\/v2\/product"}],"about":[{"href":"https:\/\/roveyayinevi.com.tr\/index.php\/wp-json\/wp\/v2\/types\/product"}],"wp:attachment":[{"href":"https:\/\/roveyayinevi.com.tr\/index.php\/wp-json\/wp\/v2\/media?parent=714659"}],"wp:term":[{"taxonomy":"product_brand","embeddable":true,"href":"https:\/\/roveyayinevi.com.tr\/index.php\/wp-json\/wp\/v2\/product_brand?post=714659"},{"taxonomy":"product_cat","embeddable":true,"href":"https:\/\/roveyayinevi.com.tr\/index.php\/wp-json\/wp\/v2\/product_cat?post=714659"},{"taxonomy":"product_tag","embeddable":true,"href":"https:\/\/roveyayinevi.com.tr\/index.php\/wp-json\/wp\/v2\/product_tag?post=714659"}],"curies":[{"name":"wp","href":"https:\/\/api.w.org\/{rel}","templated":true}]}}