{"id":714657,"date":"2025-08-27T17:21:24","date_gmt":"2025-08-27T14:21:24","guid":{"rendered":"https:\/\/roveyayinevi.com.tr\/index.php\/urun\/unutkanlik-borulari-dalginlik-kanallari\/"},"modified":"2026-04-16T02:22:55","modified_gmt":"2026-04-15T23:22:55","slug":"unutkanlik-borulari-dalginlik-kanallari","status":"publish","type":"product","link":"https:\/\/roveyayinevi.com.tr\/index.php\/urun\/unutkanlik-borulari-dalginlik-kanallari\/","title":{"rendered":"Unutkanl\u0131k Borular\u0131 Dalg\u0131nl\u0131k Kanallar\u0131"},"content":{"rendered":"<p>S\u00fcrekli e\u015fyalar\u0131n\u0131 kaybedenler! Dikkat! Hep e\u015fyalar\u0131n\u0131z m\u0131 kayboluyor? Arad\u0131\u011f\u0131n\u0131z\u0131 bir t\u00fcrl\u00fc bulam\u0131yor musunuz? O zaman bu kitab\u0131 mutlaka okuman\u0131z gerek! Kim bilir, belki sizin de evinizin alt\u0131ndan unutkanl\u0131k borular\u0131 ve dalg\u0131nl\u0131k kanallar\u0131 ge\u00e7iyordur. Ve orada hi\u00e7 tahmin etmedi\u011finiz bir hayat s\u00fcr\u00fcyordur! Nilay \u00d6zer\u2019in \u00e7ok severek okuyaca\u011f\u0131n\u0131z Unutkanl\u0131k Borular\u0131 Dalg\u0131nl\u0131k Kanallar\u0131 kitab\u0131na Eren Caner Polat resimleriyle e\u015flik ediyor. Yazar\u0131n daha \u00f6nce YKY\u2019den \u00e7\u0131kan kitaplar\u0131: Me\u015fe Palamudu Macanda, Yara Band\u0131 Fabrikas\u0131, U\u00e7an Ka\u00e7an Bir Pijama \u00d6yk\u00fcs\u00fc, \u00dc\u00e7 Ejder Masal\u0131. TADIMLIK: \u201cYava\u015f ol bakal\u0131m, masal m\u0131 anlat\u0131yorsun?\u201d dedi R\u00fcya. \u201cUnutkanl\u0131k borular\u0131 dalg\u0131nl\u0131k kanallar\u0131 da neymi\u015f? Neredeymi\u015f bu borular kanallar?\u201d Fare \u00f6nce g\u00fcl\u00fcmsedi, sonra derin bir nefes ald\u0131. \u201cBunu anlatmak hi\u00e7 kolay de\u011fil, asl\u0131nda yan\u0131t\u0131 ben de tam bilmiyorum. Unutkanl\u0131k borular\u0131 dalg\u0131nl\u0131k kanallar\u0131 genellikle belli bir yerde de\u011fildir. Kim nerede bir e\u015fya unutmu\u015fsa orada a\u00e7\u0131l\u0131r. Nerede \u00e7ok ama \u00e7ok da\u011f\u0131n\u0131k bir insan varsa onun \u00e7evresinde olu\u015fuverir\u201d dedi. <\/p>\n","protected":false},"excerpt":{"rendered":"<p>S\u00fcrekli e\u015fyalar\u0131n\u0131 kaybedenler! Dikkat! Hep e\u015fyalar\u0131n\u0131z m\u0131 kayboluyor? Arad\u0131\u011f\u0131n\u0131z\u0131 bir t\u00fcrl\u00fc bulam\u0131yor musunuz? O zaman bu kitab\u0131 mutlaka okuman\u0131z gerek! Kim bilir, belki sizin de evinizin<span class=\"excerpt-hellip\"> [\u2026]<\/span><\/p>\n","protected":false},"featured_media":0,"template":"","meta":{"_monsterinsights_skip_tracking":false,"_monsterinsights_sitenote_active":false,"_monsterinsights_sitenote_note":"","_monsterinsights_sitenote_category":0},"product_brand":[],"product_cat":[12913,12274],"product_tag":[],"class_list":{"0":"post-714657","1":"product","2":"type-product","3":"status-publish","5":"product_cat-3-6-yas-kitaplari","6":"product_cat-cocuk-ve-genclik-kitaplari","7":"pa_cilt-ciltsiz","8":"pa_tur-kitap","9":"pa_yayinevi-yapi-kredi-yayinlari","10":"pa_yazar-nilay-ozer","12":"first","13":"instock","14":"sale","15":"shipping-taxable","16":"purchasable","17":"product-type-simple"},"_links":{"self":[{"href":"https:\/\/roveyayinevi.com.tr\/index.php\/wp-json\/wp\/v2\/product\/714657","targetHints":{"allow":["GET"]}}],"collection":[{"href":"https:\/\/roveyayinevi.com.tr\/index.php\/wp-json\/wp\/v2\/product"}],"about":[{"href":"https:\/\/roveyayinevi.com.tr\/index.php\/wp-json\/wp\/v2\/types\/product"}],"wp:attachment":[{"href":"https:\/\/roveyayinevi.com.tr\/index.php\/wp-json\/wp\/v2\/media?parent=714657"}],"wp:term":[{"taxonomy":"product_brand","embeddable":true,"href":"https:\/\/roveyayinevi.com.tr\/index.php\/wp-json\/wp\/v2\/product_brand?post=714657"},{"taxonomy":"product_cat","embeddable":true,"href":"https:\/\/roveyayinevi.com.tr\/index.php\/wp-json\/wp\/v2\/product_cat?post=714657"},{"taxonomy":"product_tag","embeddable":true,"href":"https:\/\/roveyayinevi.com.tr\/index.php\/wp-json\/wp\/v2\/product_tag?post=714657"}],"curies":[{"name":"wp","href":"https:\/\/api.w.org\/{rel}","templated":true}]}}