{"id":714656,"date":"2025-08-27T17:21:23","date_gmt":"2025-08-27T14:21:23","guid":{"rendered":"https:\/\/roveyayinevi.com.tr\/index.php\/urun\/leonardonun-icatlari\/"},"modified":"2026-04-16T02:22:55","modified_gmt":"2026-04-15T23:22:55","slug":"leonardonun-icatlari","status":"publish","type":"product","link":"https:\/\/roveyayinevi.com.tr\/index.php\/urun\/leonardonun-icatlari\/","title":{"rendered":"Leonardo\u2019nun \u0130catlar\u0131"},"content":{"rendered":"<p>B\u00fct\u00fcn d\u00fcnyada milyonlarca merakl\u0131s\u0131 olan Geronimo Stilton kitaplar\u0131 sizi s\u0131rlarla dolu, soluk solu\u011fa okuyaca\u011f\u0131n\u0131z maceralara g\u00f6t\u00fcrmeye devam ediyor. Peki bu sefer, Geronimo Stilton ve akrabalar\u0131yla R\u00f6nesans d\u00f6nemine gitmeye, d\u00e2hi mucit, ressam, heykelt\u0131ra\u015f, mimar Leonardo da Vinci\u2019yle tan\u0131\u015fmaya haz\u0131r m\u0131s\u0131n\u0131z? Leonardo\u2019nun at\u00f6lyesinde tahta kanatlardan dal\u0131\u015f giysisine, ilgin\u00e7 makineler, gizemler ve daha neler neler ke\u015ffedeceksiniz&#8230; \u0130\u015fte Geronimo Stilton\u2019dan ger\u00e7ekten \u201cfarekulade\u201d bir macera daha! <\/p>\n","protected":false},"excerpt":{"rendered":"<p>B\u00fct\u00fcn d\u00fcnyada milyonlarca merakl\u0131s\u0131 olan Geronimo Stilton kitaplar\u0131 sizi s\u0131rlarla dolu, soluk solu\u011fa okuyaca\u011f\u0131n\u0131z maceralara g\u00f6t\u00fcrmeye devam ediyor. Peki bu sefer, Geronimo Stilton ve akrabalar\u0131yla R\u00f6nesans<span class=\"excerpt-hellip\"> [\u2026]<\/span><\/p>\n","protected":false},"featured_media":0,"template":"","meta":{"_monsterinsights_skip_tracking":false,"_monsterinsights_sitenote_active":false,"_monsterinsights_sitenote_note":"","_monsterinsights_sitenote_category":0},"product_brand":[],"product_cat":[12275,12274],"product_tag":[],"class_list":{"0":"post-714656","1":"product","2":"type-product","3":"status-publish","5":"product_cat-6-12-yas-kitaplari","6":"product_cat-cocuk-ve-genclik-kitaplari","7":"pa_cilt-ciltsiz","8":"pa_tur-kitap","9":"pa_yayinevi-yapi-kredi-yayinlari","10":"pa_yazar-geronimo-stilton","12":"first","13":"instock","14":"sale","15":"shipping-taxable","16":"purchasable","17":"product-type-simple"},"_links":{"self":[{"href":"https:\/\/roveyayinevi.com.tr\/index.php\/wp-json\/wp\/v2\/product\/714656","targetHints":{"allow":["GET"]}}],"collection":[{"href":"https:\/\/roveyayinevi.com.tr\/index.php\/wp-json\/wp\/v2\/product"}],"about":[{"href":"https:\/\/roveyayinevi.com.tr\/index.php\/wp-json\/wp\/v2\/types\/product"}],"wp:attachment":[{"href":"https:\/\/roveyayinevi.com.tr\/index.php\/wp-json\/wp\/v2\/media?parent=714656"}],"wp:term":[{"taxonomy":"product_brand","embeddable":true,"href":"https:\/\/roveyayinevi.com.tr\/index.php\/wp-json\/wp\/v2\/product_brand?post=714656"},{"taxonomy":"product_cat","embeddable":true,"href":"https:\/\/roveyayinevi.com.tr\/index.php\/wp-json\/wp\/v2\/product_cat?post=714656"},{"taxonomy":"product_tag","embeddable":true,"href":"https:\/\/roveyayinevi.com.tr\/index.php\/wp-json\/wp\/v2\/product_tag?post=714656"}],"curies":[{"name":"wp","href":"https:\/\/api.w.org\/{rel}","templated":true}]}}