{"id":714655,"date":"2025-08-27T17:21:23","date_gmt":"2025-08-27T14:21:23","guid":{"rendered":"https:\/\/roveyayinevi.com.tr\/index.php\/urun\/davanin-reddine\/"},"modified":"2026-04-07T02:30:12","modified_gmt":"2026-04-06T23:30:12","slug":"davanin-reddine","status":"publish","type":"product","link":"https:\/\/roveyayinevi.com.tr\/index.php\/urun\/davanin-reddine\/","title":{"rendered":"Davan\u0131n Reddine"},"content":{"rendered":"<p>\u201cBir insan, bir g\u00f6lgenin d\u00fc\u015f\u00fcd\u00fcr.\u201dSaplant\u0131l\u0131 bir koleksiyoncu olan tarih profes\u00f6r\u00fcn\u00fcn beklenmedik \u00f6l\u00fcm\u00fcyle kurmay\u0131 d\u00fc\u015f\u00fcnd\u00fc\u011f\u00fc Sava\u015f M\u00fczesi yar\u0131m kal\u0131r. Ondan geriye kalan karmakar\u0131\u015f\u0131k malzemeyi nas\u0131l bir kurgu i\u00e7inde sergileyece\u011fini d\u00fc\u015f\u00fcnen, siyahi bir baba ile beyaz bir Yahudi annenin k\u0131z\u0131 olan Luisa sadece m\u00fcze kurgusuyla de\u011fil, kendi aile ge\u00e7mi\u015finin de kurgusuyla ba\u015f ba\u015fa kal\u0131r. Ne de olsa, yazar\u0131n dedi\u011fi gibi \u201ctarih kurumu\u015f kand\u0131r\u201d, ayn\u0131 zamanda \u201ctarih bir tapu sicilidir\u201d, \u201cbirbirini \u00f6ld\u00fcren karde\u015flerle doludur\u201d, \u201cbir \u00e7\u00f6pl\u00fckt\u00fcr\u201d ve en nihayetinde \u201ctarih bir elektro\u015foktur\u201d.Leyla Tongu\u00e7 Basmac\u0131\u2019n\u0131n \u00e7evirdi\u011fi Davan\u0131n Reddine roman\u0131, yay\u0131mland\u0131\u011f\u0131 2015 y\u0131l\u0131nda Corriere della sera gazetesi taraf\u0131ndan y\u0131l\u0131n en iyi kitab\u0131, Claudio Magris y\u0131l\u0131n en iyi yazar\u0131 ilan edildi.\u201cClaudio Magris \u00e7a\u011f\u0131m\u0131z\u0131n en b\u00fcy\u00fck yazarlar\u0131ndan biri.\u201d- Mario Vargas Llosa\u201cTarihin bu barbar d\u00f6neminde, Claudio Magris\u2019in yap\u0131tlar\u0131 ve varl\u0131\u011f\u0131 vazge\u00e7ilmezdir.\u201d<\/p>\n","protected":false},"excerpt":{"rendered":"<p>\u201cBir insan, bir g\u00f6lgenin d\u00fc\u015f\u00fcd\u00fcr.\u201dSaplant\u0131l\u0131 bir koleksiyoncu olan tarih profes\u00f6r\u00fcn\u00fcn beklenmedik \u00f6l\u00fcm\u00fcyle kurmay\u0131 d\u00fc\u015f\u00fcnd\u00fc\u011f\u00fc Sava\u015f M\u00fczesi yar\u0131m kal\u0131r. Ondan geriye kalan karmakar\u0131\u015f\u0131k malzemeyi nas\u0131l bir kurgu<span class=\"excerpt-hellip\"> [\u2026]<\/span><\/p>\n","protected":false},"featured_media":0,"template":"","meta":{"_monsterinsights_skip_tracking":false,"_monsterinsights_sitenote_active":false,"_monsterinsights_sitenote_note":"","_monsterinsights_sitenote_category":0},"product_brand":[],"product_cat":[12291,12711],"product_tag":[],"class_list":{"0":"post-714655","1":"product","2":"type-product","3":"status-publish","5":"product_cat-edebiyat","6":"product_cat-roman-oyku","7":"pa_cilt-ciltsiz","8":"pa_tur-kitap","9":"pa_yayinevi-yapi-kredi-yayinlari","10":"pa_yazar-claudio-magris","12":"first","13":"instock","14":"sale","15":"shipping-taxable","16":"purchasable","17":"product-type-simple"},"_links":{"self":[{"href":"https:\/\/roveyayinevi.com.tr\/index.php\/wp-json\/wp\/v2\/product\/714655","targetHints":{"allow":["GET"]}}],"collection":[{"href":"https:\/\/roveyayinevi.com.tr\/index.php\/wp-json\/wp\/v2\/product"}],"about":[{"href":"https:\/\/roveyayinevi.com.tr\/index.php\/wp-json\/wp\/v2\/types\/product"}],"wp:attachment":[{"href":"https:\/\/roveyayinevi.com.tr\/index.php\/wp-json\/wp\/v2\/media?parent=714655"}],"wp:term":[{"taxonomy":"product_brand","embeddable":true,"href":"https:\/\/roveyayinevi.com.tr\/index.php\/wp-json\/wp\/v2\/product_brand?post=714655"},{"taxonomy":"product_cat","embeddable":true,"href":"https:\/\/roveyayinevi.com.tr\/index.php\/wp-json\/wp\/v2\/product_cat?post=714655"},{"taxonomy":"product_tag","embeddable":true,"href":"https:\/\/roveyayinevi.com.tr\/index.php\/wp-json\/wp\/v2\/product_tag?post=714655"}],"curies":[{"name":"wp","href":"https:\/\/api.w.org\/{rel}","templated":true}]}}