{"id":714648,"date":"2025-08-27T17:21:18","date_gmt":"2025-08-27T14:21:18","guid":{"rendered":"https:\/\/roveyayinevi.com.tr\/index.php\/urun\/kafasi-degisikler-atlasi\/"},"modified":"2026-04-16T02:22:55","modified_gmt":"2026-04-15T23:22:55","slug":"kafasi-degisikler-atlasi","status":"publish","type":"product","link":"https:\/\/roveyayinevi.com.tr\/index.php\/urun\/kafasi-degisikler-atlasi\/","title":{"rendered":"Kafas\u0131 De\u011fi\u015fikler Atlas\u0131"},"content":{"rendered":"<p>Cezeri, bundan 850 y\u0131l \u00f6nce su d\u00f6k\u00fcp havlu uzatan robotlar\u0131 nas\u0131l yapt\u0131? Beethoven sa\u011f\u0131r olmas\u0131na ra\u011fmen nas\u0131l senfoniler yazd\u0131? Heysem, bilim adam\u0131 olabilmek i\u00e7in niye deli numaras\u0131 yapt\u0131? Okuldan nefret eden Marconi nas\u0131l Nobel \u00d6d\u00fcl\u00fc ald\u0131? Galileo niye ev hapsine mahkum edildi? G\u00fcnde \u00fc\u00e7 \u00f6\u011f\u00fcn yemek yemeyi, kristal bardaklar\u0131 ve gitar\u0131 icat eden Irakl\u0131 d\u00e2hi kimdi? Hesap makinesini ilk kim buldu? Mikroskobu icat eden ilkokul mezunu kuma\u015f\u00e7\u0131 kimdi? \u0130catlar\u0131n\u0131n \u00e7al\u0131nmas\u0131n\u0131 engellemek i\u00e7in notlar\u0131n\u0131 tersten yazan mucit kimdi? Hypatia yakla\u015f\u0131k 1600 y\u0131l \u00f6nce d\u00fcnyaya matemati\u011fi nas\u0131l sevdirdi?B\u00eer\u00fbn\u00ee, Marx, Shakespeare, \u0130bn Battuta, Lubna, Matrak\u00e7\u0131 Nasuh, Tesla, P\u00eer\u00ee Reis, Marie Curie, Mimar Sinan, Freud, Konf\u00fc\u00e7y\u00fcs, \u0130bn Haldun, Platon, Ar\u015fimet gibi tarih boyu d\u00fcnyan\u0131n farkl\u0131 yerlerinde ya\u015fam\u0131\u015f ve hayat\u0131m\u0131zda iz b\u0131rakm\u0131\u015f, kafas\u0131 de\u011fi\u015fik \u00e7al\u0131\u015fan 52 isim, onlarca icat, y\u00fczlerce eser ve pek \u00e7ok ilgin\u00e7 hik\u00e2ye bu atlasta&#8230;<\/p>\n","protected":false},"excerpt":{"rendered":"<p>Cezeri, bundan 850 y\u0131l \u00f6nce su d\u00f6k\u00fcp havlu uzatan robotlar\u0131 nas\u0131l yapt\u0131? Beethoven sa\u011f\u0131r olmas\u0131na ra\u011fmen nas\u0131l senfoniler yazd\u0131? Heysem, bilim adam\u0131 olabilmek i\u00e7in niye deli<span class=\"excerpt-hellip\"> [\u2026]<\/span><\/p>\n","protected":false},"featured_media":0,"template":"","meta":{"_monsterinsights_skip_tracking":false,"_monsterinsights_sitenote_active":false,"_monsterinsights_sitenote_note":"","_monsterinsights_sitenote_category":0},"product_brand":[],"product_cat":[13829,12274],"product_tag":[],"class_list":{"0":"post-714648","1":"product","2":"type-product","3":"status-publish","5":"product_cat-bilimsel-kitaplar","6":"product_cat-cocuk-ve-genclik-kitaplari","7":"pa_cilt-ciltli","8":"pa_tur-kitap","9":"pa_yayinevi-taze-kitap","10":"pa_yazar-fatih-dikmen-zeynep-sevde","12":"first","13":"instock","14":"sale","15":"shipping-taxable","16":"purchasable","17":"product-type-simple"},"_links":{"self":[{"href":"https:\/\/roveyayinevi.com.tr\/index.php\/wp-json\/wp\/v2\/product\/714648","targetHints":{"allow":["GET"]}}],"collection":[{"href":"https:\/\/roveyayinevi.com.tr\/index.php\/wp-json\/wp\/v2\/product"}],"about":[{"href":"https:\/\/roveyayinevi.com.tr\/index.php\/wp-json\/wp\/v2\/types\/product"}],"wp:attachment":[{"href":"https:\/\/roveyayinevi.com.tr\/index.php\/wp-json\/wp\/v2\/media?parent=714648"}],"wp:term":[{"taxonomy":"product_brand","embeddable":true,"href":"https:\/\/roveyayinevi.com.tr\/index.php\/wp-json\/wp\/v2\/product_brand?post=714648"},{"taxonomy":"product_cat","embeddable":true,"href":"https:\/\/roveyayinevi.com.tr\/index.php\/wp-json\/wp\/v2\/product_cat?post=714648"},{"taxonomy":"product_tag","embeddable":true,"href":"https:\/\/roveyayinevi.com.tr\/index.php\/wp-json\/wp\/v2\/product_tag?post=714648"}],"curies":[{"name":"wp","href":"https:\/\/api.w.org\/{rel}","templated":true}]}}