{"id":714647,"date":"2025-08-27T17:21:17","date_gmt":"2025-08-27T14:21:17","guid":{"rendered":"https:\/\/roveyayinevi.com.tr\/index.php\/urun\/fil-ozofun-doga-gunlugu\/"},"modified":"2026-04-16T02:22:55","modified_gmt":"2026-04-15T23:22:55","slug":"fil-ozofun-doga-gunlugu","status":"publish","type":"product","link":"https:\/\/roveyayinevi.com.tr\/index.php\/urun\/fil-ozofun-doga-gunlugu\/","title":{"rendered":"Fil Ozof&#8217;un Do\u011fa G\u00fcnl\u00fc\u011f\u00fc"},"content":{"rendered":"<p>Bilim G\u00fcnl\u00fc\u011f\u00fc\u2019yle Fil Ozof, orman\u0131n derinliklerindeki laboratuvar\u0131nda yapt\u0131\u011f\u0131 yeni ara\u015ft\u0131rmalar ve deneylerle yine kar\u015f\u0131m\u0131zda! Bu sefer g\u00fcnl\u00fc\u011f\u00fcndeki sorular ve deneyler pek do\u011fal, \u00e7ok taze ve acayip organik! Fil Ozof do\u011fadaki b\u00f6cekler, hayvanlar, da\u011flar ve a\u011fa\u00e7larla ilgili enteresan ara\u015ft\u0131rmalar yap\u0131yor. Mesela \u00f6r\u00fcmcekler a\u011flar\u0131na neden yap\u0131\u015fmaz? Denizat\u0131 yavrular\u0131n\u0131 babalar\u0131 m\u0131 do\u011furur? Yapraklar neden sarar\u0131r? Bal\u0131klar unutkan m\u0131d\u0131r? Tav\u015fanlar hep havu\u00e7 mu yer? Yanarda\u011flar niye patlar? gibi sorulara e\u011flenceli ama ger\u00e7ek cevaplar veren Fil Ozof, birbirinden ilgin\u00e7 ve acayip deneylerini de g\u00fcnl\u00fc\u011f\u00fcne yazmay\u0131 unutmuyor.\u0130stanbul \u00dcniversitesi Biyoloji B\u00f6l\u00fcm\u00fc \u00d6\u011fretim \u00dcyesi Dr. Fatih Dikmen taraf\u0131ndan kaleme al\u0131nan Fil Ozof\u2019un Do\u011fa G\u00fcnl\u00fc\u011f\u00fc, \u00e7ocuklara u\u00e7an ku\u015fun, saklanan b\u00f6ce\u011fin, kuruyan yapra\u011f\u0131n, patlayan volkan\u0131n ve bunlar gibi do\u011fadaki canl\u0131 cans\u0131z her varl\u0131\u011f\u0131n ayr\u0131nt\u0131lar\u0131nda ne kadar e\u011flenceli ve ilgin\u00e7 ger\u00e7ekler yatt\u0131\u011f\u0131n\u0131 anlatmak amac\u0131yla haz\u0131rland\u0131. Komik karikat\u00fcrleri, mizah\u00ee \u00fcslubu ve g\u00fcnl\u00fck \u015feklindeki tasar\u0131m\u0131yla g\u00fcnl\u00fck hayat\u0131n do\u011fas\u0131n\u0131 i\u015fleyen Fil Ozof\u2019un Do\u011fa G\u00fcnl\u00fc\u011f\u00fc, kitap boyunca do\u011fan\u0131n i\u00e7inden 50 soruya cevap veriyor. Ayr\u0131ca evde yap\u0131labilecek 10 tane de deney anlat\u0131yor.Fatih Dikmen kimdir?1980\u2019de \u0130stanbul\u2019da do\u011fdu. \u0130lkokula neredeyse her g\u00fcn a\u011flayarak gitti. Yaz tatillerinin hi\u00e7 bitmemesini diledi. Lisedeyken ilgi duydu\u011fu alan\u0131 ke\u015ffedince birden y\u0131ld\u0131z\u0131 parlad\u0131. \u00d6nce Ulusal Biyoloji Olimpiyatlar\u0131\u2019nda madalya ald\u0131, ard\u0131ndan Hacettepe Biyoloji B\u00f6l\u00fcm\u00fc\u2019n\u00fc kazand\u0131. Bir biyolog olarak da\u011f tepe dola\u015ft\u0131. T\u00fcrkiye\u2019nin d\u00f6rt bir yan\u0131ndan toplad\u0131\u011f\u0131 bitkileri, b\u00f6cekleri mikroskopta tek tek inceledi, ara\u015ft\u0131rd\u0131. Bu konuda bir doktora tezi bile yazd\u0131. Art\u0131k bir b\u00f6cek doktoru. Ama daha yapacak \u00e7ok ara\u015ft\u0131rmas\u0131 var. 2014 y\u0131l\u0131ndan beri \u0130stanbul \u00dcniversitesi Biyoloji B\u00f6l\u00fcm\u00fc\u2019nde Yard\u0131mc\u0131 Do\u00e7ent olarak \u00e7al\u0131\u015f\u0131yor. Bu arada \u00e7e\u015fitli dergilerde bilim yaz\u0131lar\u0131 da yaz\u0131yor. Fil Ozof\u2019un Bilim G\u00fcnl\u00fc\u011f\u00fc, Fil Ozof\u2019un Do\u011fa G\u00fcnl\u00fc\u011f\u00fc, Ye\u015fil G\u00fcnl\u00fck, Hayvan Atlas\u0131, B\u00f6cek Atlas\u0131 kitaplar\u0131n\u0131 yazd\u0131. Evli ve Ali Bahad\u0131r ile Mehmet Mirza\u2019n\u0131n babas\u0131.<\/p>\n","protected":false},"excerpt":{"rendered":"<p>Bilim G\u00fcnl\u00fc\u011f\u00fc\u2019yle Fil Ozof, orman\u0131n derinliklerindeki laboratuvar\u0131nda yapt\u0131\u011f\u0131 yeni ara\u015ft\u0131rmalar ve deneylerle yine kar\u015f\u0131m\u0131zda! Bu sefer g\u00fcnl\u00fc\u011f\u00fcndeki sorular ve deneyler pek do\u011fal, \u00e7ok taze ve acayip<span class=\"excerpt-hellip\"> [\u2026]<\/span><\/p>\n","protected":false},"featured_media":0,"template":"","meta":{"_monsterinsights_skip_tracking":false,"_monsterinsights_sitenote_active":false,"_monsterinsights_sitenote_note":"","_monsterinsights_sitenote_category":0},"product_brand":[],"product_cat":[12274,12284],"product_tag":[],"class_list":{"0":"post-714647","1":"product","2":"type-product","3":"status-publish","5":"product_cat-cocuk-ve-genclik-kitaplari","6":"product_cat-hikayeler","7":"pa_cilt-ciltsiz","8":"pa_tur-kitap","9":"pa_yayinevi-taze-kitap","10":"pa_yazar-fatih-dikmen","12":"first","13":"instock","14":"sale","15":"shipping-taxable","16":"purchasable","17":"product-type-simple"},"_links":{"self":[{"href":"https:\/\/roveyayinevi.com.tr\/index.php\/wp-json\/wp\/v2\/product\/714647","targetHints":{"allow":["GET"]}}],"collection":[{"href":"https:\/\/roveyayinevi.com.tr\/index.php\/wp-json\/wp\/v2\/product"}],"about":[{"href":"https:\/\/roveyayinevi.com.tr\/index.php\/wp-json\/wp\/v2\/types\/product"}],"wp:attachment":[{"href":"https:\/\/roveyayinevi.com.tr\/index.php\/wp-json\/wp\/v2\/media?parent=714647"}],"wp:term":[{"taxonomy":"product_brand","embeddable":true,"href":"https:\/\/roveyayinevi.com.tr\/index.php\/wp-json\/wp\/v2\/product_brand?post=714647"},{"taxonomy":"product_cat","embeddable":true,"href":"https:\/\/roveyayinevi.com.tr\/index.php\/wp-json\/wp\/v2\/product_cat?post=714647"},{"taxonomy":"product_tag","embeddable":true,"href":"https:\/\/roveyayinevi.com.tr\/index.php\/wp-json\/wp\/v2\/product_tag?post=714647"}],"curies":[{"name":"wp","href":"https:\/\/api.w.org\/{rel}","templated":true}]}}