{"id":714646,"date":"2025-08-27T17:21:17","date_gmt":"2025-08-27T14:21:17","guid":{"rendered":"https:\/\/roveyayinevi.com.tr\/index.php\/urun\/bocek-atlasi-ciltli-harita-ve-cikartma-hediyeli\/"},"modified":"2026-04-16T02:22:55","modified_gmt":"2026-04-15T23:22:55","slug":"bocek-atlasi-ciltli-harita-ve-cikartma-hediyeli","status":"publish","type":"product","link":"https:\/\/roveyayinevi.com.tr\/index.php\/urun\/bocek-atlasi-ciltli-harita-ve-cikartma-hediyeli\/","title":{"rendered":"B\u00f6cek Atlas\u0131 (Ciltli-Harita ve \u00c7\u0131kartma Hediyeli)"},"content":{"rendered":"<p>Ukrayna\u2019dan kokusuyla d\u00fc\u015fman ka\u00e7\u0131ran bombard\u0131man b\u00f6ce\u011fi, Sudan\u2019dan \u00e7\u0131lg\u0131n m\u00fchendis dev termit, \u0130rlanda\u2019dan \u015firin mi \u015firin k\u0131rm\u0131z\u0131 popolu bombus ar\u0131s\u0131, Norve\u00e7\u2019ten usta oyunculara ta\u015f \u00e7\u0131karan taklit\u00e7i \u00e7i\u00e7ek sine\u011fi, Bosna-Hersek\u2019ten 20-30 santim havaya s\u0131\u00e7rayabilen takla b\u00f6ce\u011fi, Nikaragua\u2019dan kendinden 850 kat a\u011f\u0131r \u015feyleri kald\u0131ran herk\u00fcl b\u00f6ce\u011fi, Madagaskar\u2019dan kafas\u0131 koca bir vince benzeyen z\u00fcrafa b\u00f6ce\u011fi, Meksika\u2019dan masal perilerine benzeyen cam kanatl\u0131 kelebek, \u015eili\u2019den \u00f6k\u00fczleri bile deviren zehriyle panda kar\u0131ncas\u0131, T\u00fcrkiye\u2019den evcimen ve karizmatik Ka\u00e7kar \u00e7ekirgesi&#8230;. 52 \u00fclkeden, 52 acayip b\u00f6cek B\u00f6cek Atlas\u0131\u2019nda!\u00c7ok sevilen Hayvan Atlas\u0131&#8217;n\u0131n devam kitab\u0131 olan B\u00f6cek Atlas\u0131; d\u00fcnyan\u0131n kendi k\u00fc\u00e7\u00fck anlam\u0131 b\u00fcy\u00fck canl\u0131lar\u0131 b\u00f6cekleriyle tan\u0131\u015fmak, yery\u00fcz\u00fcn\u00fc en uzak noktalar\u0131na kadar ke\u015ffetmek isteyen macerasever ve merakl\u0131 \u00e7ocuklar i\u00e7in yaz\u0131ld\u0131. Bu rengarenk ser\u00fcvenin sonunda ise kitab\u0131n i\u00e7inden \u00e7\u0131kan dev harita ve b\u00f6cek \u00e7\u0131kartmalar\u0131yla kitap boyunca anlat\u0131lan bilgileri peki\u015ftirmek, b\u00f6ceklerin \u00fclkelerini haritada bulup i\u015faretlemek i\u015fin en e\u011flenceli k\u0131sm\u0131!<\/p>\n","protected":false},"excerpt":{"rendered":"<p>Ukrayna\u2019dan kokusuyla d\u00fc\u015fman ka\u00e7\u0131ran bombard\u0131man b\u00f6ce\u011fi, Sudan\u2019dan \u00e7\u0131lg\u0131n m\u00fchendis dev termit, \u0130rlanda\u2019dan \u015firin mi \u015firin k\u0131rm\u0131z\u0131 popolu bombus ar\u0131s\u0131, Norve\u00e7\u2019ten usta oyunculara ta\u015f \u00e7\u0131karan taklit\u00e7i \u00e7i\u00e7ek<span class=\"excerpt-hellip\"> [\u2026]<\/span><\/p>\n","protected":false},"featured_media":0,"template":"","meta":{"_monsterinsights_skip_tracking":false,"_monsterinsights_sitenote_active":false,"_monsterinsights_sitenote_note":"","_monsterinsights_sitenote_category":0},"product_brand":[],"product_cat":[13829,12274],"product_tag":[],"class_list":{"0":"post-714646","1":"product","2":"type-product","3":"status-publish","5":"product_cat-bilimsel-kitaplar","6":"product_cat-cocuk-ve-genclik-kitaplari","7":"pa_cilt-ciltli","8":"pa_tur-kitap","9":"pa_yayinevi-taze-kitap","10":"pa_yazar-fatih-dikmen","12":"first","13":"instock","14":"sale","15":"shipping-taxable","16":"purchasable","17":"product-type-simple"},"_links":{"self":[{"href":"https:\/\/roveyayinevi.com.tr\/index.php\/wp-json\/wp\/v2\/product\/714646","targetHints":{"allow":["GET"]}}],"collection":[{"href":"https:\/\/roveyayinevi.com.tr\/index.php\/wp-json\/wp\/v2\/product"}],"about":[{"href":"https:\/\/roveyayinevi.com.tr\/index.php\/wp-json\/wp\/v2\/types\/product"}],"wp:attachment":[{"href":"https:\/\/roveyayinevi.com.tr\/index.php\/wp-json\/wp\/v2\/media?parent=714646"}],"wp:term":[{"taxonomy":"product_brand","embeddable":true,"href":"https:\/\/roveyayinevi.com.tr\/index.php\/wp-json\/wp\/v2\/product_brand?post=714646"},{"taxonomy":"product_cat","embeddable":true,"href":"https:\/\/roveyayinevi.com.tr\/index.php\/wp-json\/wp\/v2\/product_cat?post=714646"},{"taxonomy":"product_tag","embeddable":true,"href":"https:\/\/roveyayinevi.com.tr\/index.php\/wp-json\/wp\/v2\/product_tag?post=714646"}],"curies":[{"name":"wp","href":"https:\/\/api.w.org\/{rel}","templated":true}]}}