{"id":714643,"date":"2025-08-27T17:21:15","date_gmt":"2025-08-27T14:21:15","guid":{"rendered":"https:\/\/roveyayinevi.com.tr\/index.php\/urun\/bati-aklina-karsi-turkiye\/"},"modified":"2026-04-16T02:22:54","modified_gmt":"2026-04-15T23:22:54","slug":"bati-aklina-karsi-turkiye","status":"publish","type":"product","link":"https:\/\/roveyayinevi.com.tr\/index.php\/urun\/bati-aklina-karsi-turkiye\/","title":{"rendered":"Bat\u0131 Akl\u0131na Kar\u015f\u0131 T\u00fcrkiye"},"content":{"rendered":"<p>Bat\u0131 d\u00fcnyas\u0131ndan gelen amans\u0131z h\u00fccumlar\u0131n as\u0131rlar boyunca bizlere neler getirdi\u011fini ve nelere mal oldu\u011funu ortaya koymak i\u00e7in Bat\u0131&#8217;da h\u00e2kim olan ak\u0131l \u00e7e\u015fitlerinin i\u015fleyi\u015f tarz\u0131n\u0131 yine Bat\u0131&#8217;n\u0131n tan\u0131nm\u0131\u015f filozoflar\u0131n\u0131n ifadeleriyle ortaya koymak gerekir. Biz bu kitapta Bat\u0131&#8217;n\u0131n akl\u0131n\u0131 Descartes&#8217;in Romal\u0131 filozof Seneca&#8217;n\u0131n akl\u0131 i\u00e7in kulland\u0131\u011f\u0131 &#8220;m\u00fc\u015frik ak\u0131l&#8221; nitelemesinden hareketle tasnif edip de\u011ferlendirdik. \u00dc\u00e7l\u00fc tanr\u0131 anlay\u0131\u015f\u0131na ba\u011flananlar\u0131n akl\u0131na &#8220;m\u00fc\u015frik ak\u0131l&#8221; dedik, Alla&#8217;a, dine ve peygambere inanmayanlar\u0131n akl\u0131na &#8220;m\u00fcnkir ak\u0131l&#8221; s\u0131fat\u0131 zaten biliniyordu. Allah&#8217;\u0131n birli\u011fine, peygamberine ve kitab\u0131na inananlar\u0131n akl\u0131n\u0131 da &#8220;m\u00fc&#8217;min ak\u0131l&#8221; \u015feklinde ifade ettik. B\u00fct\u00fcn d\u00fc\u015f\u00fcnceleri ve hareketleri bu \u00fc\u00e7 ak\u0131l anlay\u0131\u015f\u0131na g\u00f6re de\u011ferlendirmeye gayret ettik.<\/p>\n","protected":false},"excerpt":{"rendered":"<p>Bat\u0131 d\u00fcnyas\u0131ndan gelen amans\u0131z h\u00fccumlar\u0131n as\u0131rlar boyunca bizlere neler getirdi\u011fini ve nelere mal oldu\u011funu ortaya koymak i\u00e7in Bat\u0131&#8217;da h\u00e2kim olan ak\u0131l \u00e7e\u015fitlerinin i\u015fleyi\u015f tarz\u0131n\u0131 yine Bat\u0131&#8217;n\u0131n<span class=\"excerpt-hellip\"> [\u2026]<\/span><\/p>\n","protected":false},"featured_media":0,"template":"","meta":{"_monsterinsights_skip_tracking":false,"_monsterinsights_sitenote_active":false,"_monsterinsights_sitenote_note":"","_monsterinsights_sitenote_category":0},"product_brand":[],"product_cat":[12370,12304],"product_tag":[],"class_list":{"0":"post-714643","1":"product","2":"type-product","3":"status-publish","5":"product_cat-arastirma-inceleme","6":"product_cat-tarih","7":"pa_cilt-ciltsiz","8":"pa_tur-kitap","9":"pa_yayinevi-ketebe-yayinlari","10":"pa_yazar-suleyman-hayri-bolay","12":"first","13":"instock","14":"sale","15":"shipping-taxable","16":"purchasable","17":"product-type-simple"},"_links":{"self":[{"href":"https:\/\/roveyayinevi.com.tr\/index.php\/wp-json\/wp\/v2\/product\/714643","targetHints":{"allow":["GET"]}}],"collection":[{"href":"https:\/\/roveyayinevi.com.tr\/index.php\/wp-json\/wp\/v2\/product"}],"about":[{"href":"https:\/\/roveyayinevi.com.tr\/index.php\/wp-json\/wp\/v2\/types\/product"}],"wp:attachment":[{"href":"https:\/\/roveyayinevi.com.tr\/index.php\/wp-json\/wp\/v2\/media?parent=714643"}],"wp:term":[{"taxonomy":"product_brand","embeddable":true,"href":"https:\/\/roveyayinevi.com.tr\/index.php\/wp-json\/wp\/v2\/product_brand?post=714643"},{"taxonomy":"product_cat","embeddable":true,"href":"https:\/\/roveyayinevi.com.tr\/index.php\/wp-json\/wp\/v2\/product_cat?post=714643"},{"taxonomy":"product_tag","embeddable":true,"href":"https:\/\/roveyayinevi.com.tr\/index.php\/wp-json\/wp\/v2\/product_tag?post=714643"}],"curies":[{"name":"wp","href":"https:\/\/api.w.org\/{rel}","templated":true}]}}