{"id":714639,"date":"2025-08-27T17:21:12","date_gmt":"2025-08-27T14:21:12","guid":{"rendered":"https:\/\/roveyayinevi.com.tr\/index.php\/urun\/99-soruda-lozan\/"},"modified":"2026-04-16T02:22:54","modified_gmt":"2026-04-15T23:22:54","slug":"99-soruda-lozan","status":"publish","type":"product","link":"https:\/\/roveyayinevi.com.tr\/index.php\/urun\/99-soruda-lozan\/","title":{"rendered":"99 Soruda Lozan"},"content":{"rendered":"<p>1922-1923 \u015fartlar\u0131n\u0131 d\u00fc\u015f\u00fcnerek ve T\u00fcrkiye&#8217;nin o g\u00fcnk\u00fc uluslararas\u0131 konumunu dikkate alarak bug\u00fcne kadar yap\u0131lan Lozan Konferans\u0131 ve Antla\u015fmas\u0131 de\u011ferlendirmeleri anlay\u0131\u015fla kar\u015f\u0131lanmal\u0131d\u0131r. Art\u0131k Cumhuriyetimizin 100. y\u0131l\u0131na yakla\u015ft\u0131\u011f\u0131m\u0131z bu y\u0131llarda, Lozan Konferans\u0131 ve Antla\u015fmas\u0131, uluslararas\u0131, b\u00f6lgesel ve T\u00fcrkiye a\u00e7\u0131s\u0131ndan yeniden de\u011ferlendirilmelidir.Ar\u015fivlerin \u00e7e\u015fitlili\u011fi, yay\u0131mlanan say\u0131s\u0131z hat\u0131ralar\u0131n varl\u0131\u011f\u0131 ile yap\u0131lan binlerce &#8216; ara\u015ft\u0131rman\u0131n ortaya koydu\u011fu bilimsel ger\u00e7ekler, bu s\u00fcrecin yeniden de\u011ferlendirilmesini m\u00fcmk\u00fcn k\u0131lmaktad\u0131r. Bu kitap, burada ifade etti\u011fimiz g\u00f6r\u00fc\u015fler \u00e7er\u00e7evesinde yeni bir &#8220;Lozan Konferans\u0131 ve Antla\u015fmas\u0131&#8221; okuma \u00f6nerisi getirmektedir. Mevcut de\u011ferlendirmeleri \u00f6nemli bulmakla beraber benim \u00f6nerim, bu s\u00fcrecin uluslararas\u0131 sistem ve ili\u015fkiler a\u00e7\u0131s\u0131ndan \u00e7ok tarafl\u0131 bir \u015fekilde yeniden okunmas\u0131 ve de\u011ferlendirilmesidir. 99 Soruda Lozan, T\u00fcrk kamuoyunun y\u0131llard\u0131r merak ettiklerini &#8216;soru-cevap&#8217; tarz\u0131nda bilimsel bir metotla cevap vermeye \u00e7al\u0131\u015fan bir eserdir.<\/p>\n","protected":false},"excerpt":{"rendered":"<p>1922-1923 \u015fartlar\u0131n\u0131 d\u00fc\u015f\u00fcnerek ve T\u00fcrkiye&#8217;nin o g\u00fcnk\u00fc uluslararas\u0131 konumunu dikkate alarak bug\u00fcne kadar yap\u0131lan Lozan Konferans\u0131 ve Antla\u015fmas\u0131 de\u011ferlendirmeleri anlay\u0131\u015fla kar\u015f\u0131lanmal\u0131d\u0131r. Art\u0131k Cumhuriyetimizin 100. y\u0131l\u0131na yakla\u015ft\u0131\u011f\u0131m\u0131z<span class=\"excerpt-hellip\"> [\u2026]<\/span><\/p>\n","protected":false},"featured_media":0,"template":"","meta":{"_monsterinsights_skip_tracking":false,"_monsterinsights_sitenote_active":false,"_monsterinsights_sitenote_note":"","_monsterinsights_sitenote_category":0},"product_brand":[],"product_cat":[12370,12304],"product_tag":[],"class_list":{"0":"post-714639","1":"product","2":"type-product","3":"status-publish","5":"product_cat-arastirma-inceleme","6":"product_cat-tarih","7":"pa_cilt-ciltsiz","8":"pa_tur-kitap","9":"pa_yayinevi-ketebe-yayinlari","10":"pa_yazar-mustafa-budak","12":"first","13":"instock","14":"sale","15":"shipping-taxable","16":"purchasable","17":"product-type-simple"},"_links":{"self":[{"href":"https:\/\/roveyayinevi.com.tr\/index.php\/wp-json\/wp\/v2\/product\/714639","targetHints":{"allow":["GET"]}}],"collection":[{"href":"https:\/\/roveyayinevi.com.tr\/index.php\/wp-json\/wp\/v2\/product"}],"about":[{"href":"https:\/\/roveyayinevi.com.tr\/index.php\/wp-json\/wp\/v2\/types\/product"}],"wp:attachment":[{"href":"https:\/\/roveyayinevi.com.tr\/index.php\/wp-json\/wp\/v2\/media?parent=714639"}],"wp:term":[{"taxonomy":"product_brand","embeddable":true,"href":"https:\/\/roveyayinevi.com.tr\/index.php\/wp-json\/wp\/v2\/product_brand?post=714639"},{"taxonomy":"product_cat","embeddable":true,"href":"https:\/\/roveyayinevi.com.tr\/index.php\/wp-json\/wp\/v2\/product_cat?post=714639"},{"taxonomy":"product_tag","embeddable":true,"href":"https:\/\/roveyayinevi.com.tr\/index.php\/wp-json\/wp\/v2\/product_tag?post=714639"}],"curies":[{"name":"wp","href":"https:\/\/api.w.org\/{rel}","templated":true}]}}