{"id":714638,"date":"2025-08-27T17:21:11","date_gmt":"2025-08-27T14:21:11","guid":{"rendered":"https:\/\/roveyayinevi.com.tr\/index.php\/urun\/monsieur-teste\/"},"modified":"2026-04-16T02:22:54","modified_gmt":"2026-04-15T23:22:54","slug":"monsieur-teste","status":"publish","type":"product","link":"https:\/\/roveyayinevi.com.tr\/index.php\/urun\/monsieur-teste\/","title":{"rendered":"Monsieur Teste"},"content":{"rendered":"<p>M. Teste ni\u00e7in imkans\u0131zd\u0131r ? bu soru onun ruhudur. M. Teste\u2019e d\u00f6n\u00fc\u015ft\u00fcr\u00fcr sizi. \u00c7\u00fcnk\u00fc o, imk\u00e2n\u0131n ifritinden ba\u015fkas\u0131 de\u011fildir. Yapabilece\u011fi \u015feylerin t\u00fcm\u00fcn\u00fcn endi\u015fesi h\u00e2kimdir ona. Kendisini g\u00f6zlemler, y\u00f6netir ama y\u00f6netilmeye raz\u0131 olmaz. Kendi eylemlerine indirgenmi\u015f bilincin iki de\u011ferini, iki kategorisini bilir yaln\u0131zca: M\u00fcmk\u00fcn ve imk\u00e2ns\u0131z. Felsefeye hi\u00e7 itibar edilmeyen, dilin ise hep san\u0131k durumunda oldu\u011fu bu acayip kafada hi\u00e7bir d\u00fc\u015f\u00fcnce yoktur ki, ge\u00e7icilik duygusundan kurtulmu\u015f olsun; geriye belli i\u015flemlerin beklentisi ve ger\u00e7ekle\u015ftirilmesi kal\u0131yor.<\/p>\n","protected":false},"excerpt":{"rendered":"<p>M. Teste ni\u00e7in imkans\u0131zd\u0131r ? bu soru onun ruhudur. M. Teste\u2019e d\u00f6n\u00fc\u015ft\u00fcr\u00fcr sizi. \u00c7\u00fcnk\u00fc o, imk\u00e2n\u0131n ifritinden ba\u015fkas\u0131 de\u011fildir. Yapabilece\u011fi \u015feylerin t\u00fcm\u00fcn\u00fcn endi\u015fesi h\u00e2kimdir ona. Kendisini<span class=\"excerpt-hellip\"> [\u2026]<\/span><\/p>\n","protected":false},"featured_media":0,"template":"","meta":{"_monsterinsights_skip_tracking":false,"_monsterinsights_sitenote_active":false,"_monsterinsights_sitenote_note":"","_monsterinsights_sitenote_category":0},"product_brand":[],"product_cat":[12291,12711],"product_tag":[],"class_list":{"0":"post-714638","1":"product","2":"type-product","3":"status-publish","5":"product_cat-edebiyat","6":"product_cat-roman-oyku","7":"pa_cilt-ciltli","8":"pa_tur-kitap","9":"pa_yayinevi-ketebe-yayinlari","10":"pa_yazar-paul-valery","12":"first","13":"instock","14":"sale","15":"shipping-taxable","16":"purchasable","17":"product-type-simple"},"_links":{"self":[{"href":"https:\/\/roveyayinevi.com.tr\/index.php\/wp-json\/wp\/v2\/product\/714638","targetHints":{"allow":["GET"]}}],"collection":[{"href":"https:\/\/roveyayinevi.com.tr\/index.php\/wp-json\/wp\/v2\/product"}],"about":[{"href":"https:\/\/roveyayinevi.com.tr\/index.php\/wp-json\/wp\/v2\/types\/product"}],"wp:attachment":[{"href":"https:\/\/roveyayinevi.com.tr\/index.php\/wp-json\/wp\/v2\/media?parent=714638"}],"wp:term":[{"taxonomy":"product_brand","embeddable":true,"href":"https:\/\/roveyayinevi.com.tr\/index.php\/wp-json\/wp\/v2\/product_brand?post=714638"},{"taxonomy":"product_cat","embeddable":true,"href":"https:\/\/roveyayinevi.com.tr\/index.php\/wp-json\/wp\/v2\/product_cat?post=714638"},{"taxonomy":"product_tag","embeddable":true,"href":"https:\/\/roveyayinevi.com.tr\/index.php\/wp-json\/wp\/v2\/product_tag?post=714638"}],"curies":[{"name":"wp","href":"https:\/\/api.w.org\/{rel}","templated":true}]}}