{"id":714636,"date":"2025-08-27T17:20:35","date_gmt":"2025-08-27T14:20:35","guid":{"rendered":"https:\/\/roveyayinevi.com.tr\/index.php\/urun\/highlights-sasirtici-macera-puzzle-2li-set\/"},"modified":"2026-04-16T02:22:54","modified_gmt":"2026-04-15T23:22:54","slug":"highlights-sasirtici-macera-puzzle-2li-set","status":"publish","type":"product","link":"https:\/\/roveyayinevi.com.tr\/index.php\/urun\/highlights-sasirtici-macera-puzzle-2li-set\/","title":{"rendered":"Highlights \u015ea\u015f\u0131rt\u0131c\u0131 Macera Puzzle 2&#8217;li Set"},"content":{"rendered":"<p>Trip ve Scout ile Maceraya Haz\u0131r M\u0131s\u0131n?\u015ea\u015f\u0131rt\u0131c\u0131 macera puzzle (bulmaca) kitab\u0131 ba\u015ftan sona kadar Trip ve Scout&#8217;un maceralar\u0131n\u0131 i\u00e7eriyor.Kitab\u0131n ilk sayfas\u0131ndan son sayfas\u0131na kadar Trip ve Scout yar\u0131\u015f\u0131 kazanmak i\u00e7in birbirinden farkl\u0131 aktiviteler yap\u0131yor.Hidden pictures, labirentler, tuhafl\u0131klar ve iki resim aras\u0131nda fark bulma gibi daha fazla bulmaca aktiviteleri i\u00e7erir.Sayfa Say\u0131s\u0131: Her bir kitap 48 sayfaKitap Adeti: 2 Kitap 2 SeviyeYa\u015f Aral\u0131\u011f\u0131 : 7+<\/p>\n","protected":false},"excerpt":{"rendered":"<p>Trip ve Scout ile Maceraya Haz\u0131r M\u0131s\u0131n?\u015ea\u015f\u0131rt\u0131c\u0131 macera puzzle (bulmaca) kitab\u0131 ba\u015ftan sona kadar Trip ve Scout&#8217;un maceralar\u0131n\u0131 i\u00e7eriyor.Kitab\u0131n ilk sayfas\u0131ndan son sayfas\u0131na kadar Trip ve<span class=\"excerpt-hellip\"> [\u2026]<\/span><\/p>\n","protected":false},"featured_media":0,"template":"","meta":{"_monsterinsights_skip_tracking":false,"_monsterinsights_sitenote_active":false,"_monsterinsights_sitenote_note":"","_monsterinsights_sitenote_category":0},"product_brand":[],"product_cat":[12275,12274],"product_tag":[],"class_list":{"0":"post-714636","1":"product","2":"type-product","3":"status-publish","5":"product_cat-6-12-yas-kitaplari","6":"product_cat-cocuk-ve-genclik-kitaplari","7":"pa_cilt-set","8":"pa_tur-kitap","9":"pa_yayinevi-dikkat-atolyesi-yayinlari","10":"pa_yazar-kolektif","12":"first","13":"instock","14":"sale","15":"shipping-taxable","16":"purchasable","17":"product-type-simple"},"_links":{"self":[{"href":"https:\/\/roveyayinevi.com.tr\/index.php\/wp-json\/wp\/v2\/product\/714636","targetHints":{"allow":["GET"]}}],"collection":[{"href":"https:\/\/roveyayinevi.com.tr\/index.php\/wp-json\/wp\/v2\/product"}],"about":[{"href":"https:\/\/roveyayinevi.com.tr\/index.php\/wp-json\/wp\/v2\/types\/product"}],"wp:attachment":[{"href":"https:\/\/roveyayinevi.com.tr\/index.php\/wp-json\/wp\/v2\/media?parent=714636"}],"wp:term":[{"taxonomy":"product_brand","embeddable":true,"href":"https:\/\/roveyayinevi.com.tr\/index.php\/wp-json\/wp\/v2\/product_brand?post=714636"},{"taxonomy":"product_cat","embeddable":true,"href":"https:\/\/roveyayinevi.com.tr\/index.php\/wp-json\/wp\/v2\/product_cat?post=714636"},{"taxonomy":"product_tag","embeddable":true,"href":"https:\/\/roveyayinevi.com.tr\/index.php\/wp-json\/wp\/v2\/product_tag?post=714636"}],"curies":[{"name":"wp","href":"https:\/\/api.w.org\/{rel}","templated":true}]}}