{"id":714634,"date":"2025-08-27T17:20:34","date_gmt":"2025-08-27T14:20:34","guid":{"rendered":"https:\/\/roveyayinevi.com.tr\/index.php\/urun\/hislerine-guven\/"},"modified":"2026-04-16T02:22:54","modified_gmt":"2026-04-15T23:22:54","slug":"hislerine-guven","status":"publish","type":"product","link":"https:\/\/roveyayinevi.com.tr\/index.php\/urun\/hislerine-guven\/","title":{"rendered":"Hislerine G\u00fcven"},"content":{"rendered":"<p>\u201cSonu gelmeyen sorularla dolu bir d\u00fcnyada, tek cevap sevgidir.\u201d\u015eu anda kalbinizde sonsuz say\u0131da arma\u011fan yer almaktad\u0131r. Hislerine G\u00fcven ile Matt Kahn sizi, g\u00fc\u00e7l\u00fc, yarat\u0131c\u0131 ve mutlu olman\u0131n nas\u0131l da hep yazg\u0131n\u0131zda oldu\u011funu ve buna ula\u015fmak i\u00e7in tek yapman\u0131z gerekenin, t\u00fcm engelleri ebediyen ortadan kald\u0131rmak \u00fczere kalbinizi a\u00e7mak oldu\u011funu ke\u015ffetmeye davet ediyor. D\u00f6n\u00fc\u015f\u00fcm\u00fcn ve \u015eifalanman\u0131n en g\u00fc\u00e7l\u00fc kataliz\u00f6r\u00fc olarak, \u2018sevgi\u2019yle kenetlenmek \u00fczerine \u00e7\u0131\u011f\u0131r a\u00e7an \u00f6\u011fretiler sunuyor.\u201cMatt Kahn ruhun evrimle\u015fmesi i\u00e7in m\u00fckemmel bir yol haritas\u0131 yaratm\u0131\u015f. Bu kitap t\u00fcm gezegeni d\u00f6n\u00fc\u015ft\u00fcrecek g\u00fcce sahip.\u201d<\/p>\n","protected":false},"excerpt":{"rendered":"<p>\u201cSonu gelmeyen sorularla dolu bir d\u00fcnyada, tek cevap sevgidir.\u201d\u015eu anda kalbinizde sonsuz say\u0131da arma\u011fan yer almaktad\u0131r. Hislerine G\u00fcven ile Matt Kahn sizi, g\u00fc\u00e7l\u00fc, yarat\u0131c\u0131 ve mutlu<span class=\"excerpt-hellip\"> [\u2026]<\/span><\/p>\n","protected":false},"featured_media":0,"template":"","meta":{"_monsterinsights_skip_tracking":false,"_monsterinsights_sitenote_active":false,"_monsterinsights_sitenote_note":"","_monsterinsights_sitenote_category":0},"product_brand":[],"product_cat":[12291,12711],"product_tag":[],"class_list":{"0":"post-714634","1":"product","2":"type-product","3":"status-publish","5":"product_cat-edebiyat","6":"product_cat-roman-oyku","7":"pa_cilt-ciltsiz","8":"pa_tur-kitap","9":"pa_yayinevi-sola-unitas","10":"pa_yazar-matt-kahn","12":"first","13":"instock","14":"sale","15":"shipping-taxable","16":"purchasable","17":"product-type-simple"},"_links":{"self":[{"href":"https:\/\/roveyayinevi.com.tr\/index.php\/wp-json\/wp\/v2\/product\/714634","targetHints":{"allow":["GET"]}}],"collection":[{"href":"https:\/\/roveyayinevi.com.tr\/index.php\/wp-json\/wp\/v2\/product"}],"about":[{"href":"https:\/\/roveyayinevi.com.tr\/index.php\/wp-json\/wp\/v2\/types\/product"}],"wp:attachment":[{"href":"https:\/\/roveyayinevi.com.tr\/index.php\/wp-json\/wp\/v2\/media?parent=714634"}],"wp:term":[{"taxonomy":"product_brand","embeddable":true,"href":"https:\/\/roveyayinevi.com.tr\/index.php\/wp-json\/wp\/v2\/product_brand?post=714634"},{"taxonomy":"product_cat","embeddable":true,"href":"https:\/\/roveyayinevi.com.tr\/index.php\/wp-json\/wp\/v2\/product_cat?post=714634"},{"taxonomy":"product_tag","embeddable":true,"href":"https:\/\/roveyayinevi.com.tr\/index.php\/wp-json\/wp\/v2\/product_tag?post=714634"}],"curies":[{"name":"wp","href":"https:\/\/api.w.org\/{rel}","templated":true}]}}