{"id":714631,"date":"2025-08-27T17:20:32","date_gmt":"2025-08-27T14:20:32","guid":{"rendered":"https:\/\/roveyayinevi.com.tr\/index.php\/urun\/bisiklet-dersleri\/"},"modified":"2026-04-16T02:22:54","modified_gmt":"2026-04-15T23:22:54","slug":"bisiklet-dersleri","status":"publish","type":"product","link":"https:\/\/roveyayinevi.com.tr\/index.php\/urun\/bisiklet-dersleri\/","title":{"rendered":"Bisiklet Dersleri"},"content":{"rendered":"<p>Bisiklete binmeyi \u00f6\u011frenmek i\u00e7in ge\u00e7 kalma \u00e7ocuk. B\u00fcy\u00fcy\u00fcp a\u011f\u0131rla\u015ft\u0131k\u00e7a, sana yard\u0131mc\u0131 olacak ki\u015finin bisikleti dengede tutmas\u0131, senin pe\u015finde ko\u015fmas\u0131 ve d\u00fc\u015ferken seni yakalamas\u0131 zorla\u015facak. Bir \u00e7ocukluk olarak g\u00f6r\u00fcp k\u00fc\u00e7\u00fcmseyeceksin belki de bisiklete binmeyi. Yol b\u00fcy\u00fcyecek g\u00f6z\u00fcnde, g\u00fcvenemeyeceksin dizlerine. Vakit varken as\u0131l pedallara. Yol bo\u015fsa h\u0131zl\u0131 da gidebilirsin. Fakat ellerini b\u0131rakma sak\u0131n. Bo\u015flu\u011fa terk edilen ellerde de\u011fil, nereye tutunaca\u011f\u0131n\u0131 bilen ellerde \u00f6zg\u00fcrl\u00fck.<\/p>\n","protected":false},"excerpt":{"rendered":"<p>Bisiklete binmeyi \u00f6\u011frenmek i\u00e7in ge\u00e7 kalma \u00e7ocuk. B\u00fcy\u00fcy\u00fcp a\u011f\u0131rla\u015ft\u0131k\u00e7a, sana yard\u0131mc\u0131 olacak ki\u015finin bisikleti dengede tutmas\u0131, senin pe\u015finde ko\u015fmas\u0131 ve d\u00fc\u015ferken seni yakalamas\u0131 zorla\u015facak. Bir \u00e7ocukluk<span class=\"excerpt-hellip\"> [\u2026]<\/span><\/p>\n","protected":false},"featured_media":0,"template":"","meta":{"_monsterinsights_skip_tracking":false,"_monsterinsights_sitenote_active":false,"_monsterinsights_sitenote_note":"","_monsterinsights_sitenote_category":0},"product_brand":[],"product_cat":[12777,12291],"product_tag":[],"class_list":{"0":"post-714631","1":"product","2":"type-product","3":"status-publish","5":"product_cat-deneme","6":"product_cat-edebiyat","7":"pa_cilt-ciltsiz","8":"pa_tur-kitap","9":"pa_yayinevi-sule-yayinlari","10":"pa_yazar-a-ali-ural","12":"first","13":"instock","14":"sale","15":"shipping-taxable","16":"purchasable","17":"product-type-simple"},"_links":{"self":[{"href":"https:\/\/roveyayinevi.com.tr\/index.php\/wp-json\/wp\/v2\/product\/714631","targetHints":{"allow":["GET"]}}],"collection":[{"href":"https:\/\/roveyayinevi.com.tr\/index.php\/wp-json\/wp\/v2\/product"}],"about":[{"href":"https:\/\/roveyayinevi.com.tr\/index.php\/wp-json\/wp\/v2\/types\/product"}],"wp:attachment":[{"href":"https:\/\/roveyayinevi.com.tr\/index.php\/wp-json\/wp\/v2\/media?parent=714631"}],"wp:term":[{"taxonomy":"product_brand","embeddable":true,"href":"https:\/\/roveyayinevi.com.tr\/index.php\/wp-json\/wp\/v2\/product_brand?post=714631"},{"taxonomy":"product_cat","embeddable":true,"href":"https:\/\/roveyayinevi.com.tr\/index.php\/wp-json\/wp\/v2\/product_cat?post=714631"},{"taxonomy":"product_tag","embeddable":true,"href":"https:\/\/roveyayinevi.com.tr\/index.php\/wp-json\/wp\/v2\/product_tag?post=714631"}],"curies":[{"name":"wp","href":"https:\/\/api.w.org\/{rel}","templated":true}]}}