{"id":714630,"date":"2025-08-27T17:20:31","date_gmt":"2025-08-27T14:20:31","guid":{"rendered":"https:\/\/roveyayinevi.com.tr\/index.php\/urun\/ismail-hakki-bursevi\/"},"modified":"2026-04-16T02:22:54","modified_gmt":"2026-04-15T23:22:54","slug":"ismail-hakki-bursevi","status":"publish","type":"product","link":"https:\/\/roveyayinevi.com.tr\/index.php\/urun\/ismail-hakki-bursevi\/","title":{"rendered":"\u0130smail Hakk\u0131 Bursevi"},"content":{"rendered":"<p>Hakk\u00ee, Arap\u00e7a ve Fars\u00e7adaki t\u00fcm ustal\u0131\u011f\u0131na ra\u011fmen binlerce manzumesini T\u00fcrk\u00e7e kaleme alm\u0131\u015f; T\u00fcrk\u00e7eyi i\u015fleyip, mamur etme gayesindeki bir \u015fiir ustas\u0131d\u0131r. B\u00f6yle olmasayd\u0131, onun \u015fiirinin Y\u00fbnus\u2019unki kadar yal\u0131n, M\u0131sr\u00ee\u2019ninki kadar heyecanl\u0131 ve co\u015fkulu oldu\u011funu fark edemez ve \u015fiirdeki dehas\u0131na hayran kalamazd\u0131k. Her konuda ve y\u00fczden fazla eser vermi\u015f olmas\u0131na ra\u011fmen, bize g\u00f6n\u00fcl d\u00fcnyas\u0131n\u0131n kap\u0131lar\u0131n\u0131 as\u0131l a\u00e7an, s\u0131cakl\u0131\u011f\u0131n\u0131 hissettiren ve kendisini daha \u00e7ok sevdiren onun T\u00fcrk\u00e7e \u015fiirleridir.  Hakk\u00ee\u2019ye g\u00f6re \u015fiir, let\u00e2feti ve tar\u00e2veti de\u011fil, \u015fifay\u0131 ve devay\u0131 gaye edinmelidir. Her bir beyit d\u00fcnya g\u00f6r\u00fc\u015f\u00fcm\u00fcz\u00fc, d\u00fcnya g\u00f6r\u00fc\u015f\u00fcm\u00fcz de hayat tarz\u0131m\u0131z\u0131 belirlemelidir. Bu ilkeden hareketle Hakk\u00ee, d\u00fc\u015f\u00fcnce ve duyguyu en g\u00fczel haliyle ifade edecek \u015fekilde T\u00fcrk\u00e7e \u015fiir dilini bulmu\u015f, bunu da \u015fiirin m\u00fckemmel kal\u0131plar\u0131 i\u00e7inde bizlere sunmu\u015ftur. G\u00fcnl\u00fck konu\u015fma dilinin anlat\u0131m zenginli\u011fi i\u00e7inde, do\u011fal, sade ve zahmetsiz; ancak bir o kadar da tesirli bir \u00fcslup kullanm\u0131\u015ft\u0131r. Bu sayede onun \u015fiiri kurucu metinler aras\u0131nda yer alm\u0131\u015f, kendisi de \u2018\u2019T\u00fcrk\u00e7eyi Kuran\u2018\u2019 \u015fairler aras\u0131nda say\u0131lm\u0131\u015ft\u0131r.<\/p>\n","protected":false},"excerpt":{"rendered":"<p>Hakk\u00ee, Arap\u00e7a ve Fars\u00e7adaki t\u00fcm ustal\u0131\u011f\u0131na ra\u011fmen binlerce manzumesini T\u00fcrk\u00e7e kaleme alm\u0131\u015f; T\u00fcrk\u00e7eyi i\u015fleyip, mamur etme gayesindeki bir \u015fiir ustas\u0131d\u0131r. B\u00f6yle olmasayd\u0131, onun \u015fiirinin Y\u00fbnus\u2019unki kadar<span class=\"excerpt-hellip\"> [\u2026]<\/span><\/p>\n","protected":false},"featured_media":0,"template":"","meta":{"_monsterinsights_skip_tracking":false,"_monsterinsights_sitenote_active":false,"_monsterinsights_sitenote_note":"","_monsterinsights_sitenote_category":0},"product_brand":[],"product_cat":[14009,12291],"product_tag":[],"class_list":{"0":"post-714630","1":"product","2":"type-product","3":"status-publish","5":"product_cat-biyografi-otobiyografi-edebiyat","6":"product_cat-edebiyat","7":"pa_cilt-ciltsiz","8":"pa_tur-kitap","9":"pa_yayinevi-ketebe-yayinlari","10":"pa_yazar-m-murat-yurtsever","12":"first","13":"instock","14":"sale","15":"shipping-taxable","16":"purchasable","17":"product-type-simple"},"_links":{"self":[{"href":"https:\/\/roveyayinevi.com.tr\/index.php\/wp-json\/wp\/v2\/product\/714630","targetHints":{"allow":["GET"]}}],"collection":[{"href":"https:\/\/roveyayinevi.com.tr\/index.php\/wp-json\/wp\/v2\/product"}],"about":[{"href":"https:\/\/roveyayinevi.com.tr\/index.php\/wp-json\/wp\/v2\/types\/product"}],"wp:attachment":[{"href":"https:\/\/roveyayinevi.com.tr\/index.php\/wp-json\/wp\/v2\/media?parent=714630"}],"wp:term":[{"taxonomy":"product_brand","embeddable":true,"href":"https:\/\/roveyayinevi.com.tr\/index.php\/wp-json\/wp\/v2\/product_brand?post=714630"},{"taxonomy":"product_cat","embeddable":true,"href":"https:\/\/roveyayinevi.com.tr\/index.php\/wp-json\/wp\/v2\/product_cat?post=714630"},{"taxonomy":"product_tag","embeddable":true,"href":"https:\/\/roveyayinevi.com.tr\/index.php\/wp-json\/wp\/v2\/product_tag?post=714630"}],"curies":[{"name":"wp","href":"https:\/\/api.w.org\/{rel}","templated":true}]}}