{"id":714629,"date":"2025-08-27T17:20:30","date_gmt":"2025-08-27T14:20:30","guid":{"rendered":"https:\/\/roveyayinevi.com.tr\/index.php\/urun\/ismail-gaspirali-ve-rusya-turklerinde-milli-uyanis-usul-i-cedid-egitim\/"},"modified":"2026-04-16T02:22:54","modified_gmt":"2026-04-15T23:22:54","slug":"ismail-gaspirali-ve-rusya-turklerinde-milli-uyanis-usul-i-cedid-egitim","status":"publish","type":"product","link":"https:\/\/roveyayinevi.com.tr\/index.php\/urun\/ismail-gaspirali-ve-rusya-turklerinde-milli-uyanis-usul-i-cedid-egitim\/","title":{"rendered":"\u0130smail Gasp\u0131ral\u0131 ve Rusya T\u00fcrklerinde Milli Uyan\u0131\u015f Usul-i Cedid E\u011fitim"},"content":{"rendered":"<p>\u0130smail Gasp\u0131ral\u0131, e\u011fitim anlay\u0131\u015f\u0131yla Rusya M\u00fcsl\u00fcmanlar\u0131n\u0131n modernle\u015fmesinde yeni bir kap\u0131 a\u00e7m\u0131\u015ft\u0131r. Okuma-yazma \u00f6\u011fretiminin h\u0131zlanmas\u0131, M\u00fcsl\u00fcmanlar aras\u0131nda yeni bir neslin yeti\u015fmesini sa\u011flam\u0131\u015ft\u0131r. Usul-i Cedid e\u011fitimin yayg\u0131nla\u015fmas\u0131, ilk mektep kitaplar\u0131n\u0131n ortaya \u00e7\u0131kmas\u0131, yeni edeb\u00ee t\u00fcrlerde eserler verilmesi daha geni\u015f bir ifade ile Rusya  T\u00fcrklerinin-M\u00fcsl\u00fcmanlar\u0131n\u0131n d\u00fcnya g\u00f6r\u00fc\u015f\u00fcn\u00fcn de\u011fi\u015fmesinde Gasp\u0131ral\u0131 neredeyse tek ba\u015f\u0131na ba\u015far\u0131l\u0131 olmu\u015ftur. \u0130smail Bey\u2019in s\u0131byan mekteplerinde Usul-i Cedid \u00fczere T\u00fcrk\u00e7e okuma-yazma \u00f6\u011fretimi ba\u015far\u0131l\u0131 bir sonu\u00e7 vermi\u015f, bu e\u011fitim sistemi ba\u015fta K\u0131r\u0131m ve Kafkasya olmak \u00fczere Rusya T\u00fcrkleri aras\u0131nda k\u0131sa zamanda yayg\u0131nla\u015fm\u0131\u015ft\u0131r. Terc\u00fcman gazetesi bir\u00e7ok a\u00e7\u0131dan \u00f6nemli bir ara\u00e7 olman\u0131n yan\u0131nda T\u00fcrk\u00e7e okuma ve yazman\u0131n yayg\u0131nla\u015fmas\u0131nda da b\u00fcy\u00fck rol oynam\u0131\u015ft\u0131r. Usul-i Cedid mekteplerin etkisinin b\u00fct\u00fcn Rusya T\u00fcrkleri aras\u0131nda g\u00f6r\u00fclmesinde ve Do\u011fu T\u00fcrkistan\u2019da Ka\u015fkar gibi \u015fehirlerde dahi uygulanmas\u0131nda \u0130smail Gasp\u0131ral\u0131\u2019n\u0131n bu geni\u015f co\u011frafyada ya\u015fayan T\u00fcrkleri-M\u00fcsl\u00fcmanlar\u0131 bir b\u00fct\u00fcn olarak g\u00f6rmesi \u00f6nemli rol oynam\u0131\u015ft\u0131r.<\/p>\n","protected":false},"excerpt":{"rendered":"<p>\u0130smail Gasp\u0131ral\u0131, e\u011fitim anlay\u0131\u015f\u0131yla Rusya M\u00fcsl\u00fcmanlar\u0131n\u0131n modernle\u015fmesinde yeni bir kap\u0131 a\u00e7m\u0131\u015ft\u0131r. Okuma-yazma \u00f6\u011fretiminin h\u0131zlanmas\u0131, M\u00fcsl\u00fcmanlar aras\u0131nda yeni bir neslin yeti\u015fmesini sa\u011flam\u0131\u015ft\u0131r. Usul-i Cedid e\u011fitimin yayg\u0131nla\u015fmas\u0131, ilk<span class=\"excerpt-hellip\"> [\u2026]<\/span><\/p>\n","protected":false},"featured_media":0,"template":"","meta":{"_monsterinsights_skip_tracking":false,"_monsterinsights_sitenote_active":false,"_monsterinsights_sitenote_note":"","_monsterinsights_sitenote_category":0},"product_brand":[],"product_cat":[13072,12291],"product_tag":[],"class_list":{"0":"post-714629","1":"product","2":"type-product","3":"status-publish","5":"product_cat-arastirma-inceleme-referans","6":"product_cat-edebiyat","7":"pa_cilt-ciltsiz","8":"pa_tur-kitap","9":"pa_yayinevi-ketebe-yayinlari","10":"pa_yazar-selcuk-turkyilmaz","12":"first","13":"instock","14":"sale","15":"shipping-taxable","16":"purchasable","17":"product-type-simple"},"_links":{"self":[{"href":"https:\/\/roveyayinevi.com.tr\/index.php\/wp-json\/wp\/v2\/product\/714629","targetHints":{"allow":["GET"]}}],"collection":[{"href":"https:\/\/roveyayinevi.com.tr\/index.php\/wp-json\/wp\/v2\/product"}],"about":[{"href":"https:\/\/roveyayinevi.com.tr\/index.php\/wp-json\/wp\/v2\/types\/product"}],"wp:attachment":[{"href":"https:\/\/roveyayinevi.com.tr\/index.php\/wp-json\/wp\/v2\/media?parent=714629"}],"wp:term":[{"taxonomy":"product_brand","embeddable":true,"href":"https:\/\/roveyayinevi.com.tr\/index.php\/wp-json\/wp\/v2\/product_brand?post=714629"},{"taxonomy":"product_cat","embeddable":true,"href":"https:\/\/roveyayinevi.com.tr\/index.php\/wp-json\/wp\/v2\/product_cat?post=714629"},{"taxonomy":"product_tag","embeddable":true,"href":"https:\/\/roveyayinevi.com.tr\/index.php\/wp-json\/wp\/v2\/product_tag?post=714629"}],"curies":[{"name":"wp","href":"https:\/\/api.w.org\/{rel}","templated":true}]}}