{"id":714625,"date":"2025-08-27T17:20:28","date_gmt":"2025-08-27T14:20:28","guid":{"rendered":"https:\/\/roveyayinevi.com.tr\/index.php\/urun\/defterimdeki-sehirler\/"},"modified":"2026-04-16T02:22:54","modified_gmt":"2026-04-15T23:22:54","slug":"defterimdeki-sehirler","status":"publish","type":"product","link":"https:\/\/roveyayinevi.com.tr\/index.php\/urun\/defterimdeki-sehirler\/","title":{"rendered":"Defterimdeki \u015eehirler"},"content":{"rendered":"<p>Kalple Ad\u0131mlanan \u015eehirler\u2026\u015eehirler, mahalleler, caddeler, sokaklar ve evler\u2026 Her biri i\u00e7inde say\u0131s\u0131z hik\u00e2yeyi dokuyan, ac\u0131lar\u0131 onaran, huzuru payla\u015fan ve bir olmay\u0131 sa\u011flayan damarlar\u0131 bar\u0131nd\u0131r\u0131r. Bu damarlar insan\u0131n hem maddi hem de manevi havas\u0131n\u0131 zaman zaman de\u011fi\u015ftirir. Etrafa bak\u0131\u015f\u0131n\u0131, sesleri duyu\u015funu, y\u00fcr\u00fcy\u00fc\u015f\u00fcn\u00fc ve d\u00fc\u015f\u00fcncelerini de\u011fi\u015ftirir. Bir \u015fehre uzaktan bakmakla yak\u0131ndan bakmak aras\u0131ndaki fark, yazararak giderilir. Yazma s\u00fcreci, \u015fehrin dehlizlerine dald\u0131k\u00e7a derinle\u015fir. Bu derinlikten benzersiz c\u00fcmleler ortaya \u00e7\u0131kar. Kelimeler bazen bir seyyah\u0131n bazen de bir \u015fairin ya\u015fam ahengini hissettirir.Tar\u0131k Deniz, Defterimdeki \u015eehirler adl\u0131 kitab\u0131yla edebiyat\u0131m\u0131zda daha \u00f6nce benzeri g\u00f6r\u00fclmemi\u015f bir tecr\u00fcbe aktar\u0131m\u0131 yap\u0131yor. Ola\u011fan\u00fcst\u00fc bir emekle ortaya \u00e7\u0131kan metinlerinde arayan, sorgulayan, gezen, g\u00f6ren ve ya\u015fayan bir ruhun izlerini okuyucuya sunuyor. Not alma titizli\u011fini T\u00fcrk\u00e7enin t\u00fcm lezzetiyle \u00f6nce sat\u0131rlara, sonra da sad\u0131rlara d\u00f6k\u00fcyor. Bir \u015fehrin sanki birbiriyle hi\u00e7 ili\u015fkisi olmayan en ufak detaylar\u0131n\u0131 tad\u0131na doyum olmaz bir zihin haritas\u0131yla birle\u015ftiriyor.Gustave Flaubert, Gerard de Nerval, Marco Polo, \u0130bn Batuta, Evliya \u00c7elebi gibi hem \u00fcnl\u00fc yazarlar\u0131n hem de \u00fcnl\u00fc seyyahlar\u0131n, k\u0131sacas\u0131 merakl\u0131 b\u00fcy\u00fck ruhlar\u0131n misafir edildi\u011fi sayfalar; seyahat ve edebiyat aras\u0131ndaki ili\u015fkiyi \u00e7ok zengin bir kaynak\u00e7an\u0131n deste\u011fiyle anlat\u0131yor. Okuyucu bu sayfalar aras\u0131nda gezinirken bazen bir ser\u00fcvenin i\u00e7inde bulabilir kendisini. Bazen de hi\u00e7 bitmesini istemeyece\u011fi bir roman\u0131n. Tar\u0131k Deniz bu her y\u00f6n\u00fcyle \u00f6zg\u00fcn olan eseriyle gezi yaz\u0131n\u0131na \u00e7ok b\u00fcy\u00fck bir de\u011fer katarken her ya\u015ftan ve her kesimden okuyucuya nereyi ad\u0131mlarsa ad\u0131mlas\u0131n kalbinin sesiyle hareket etmesi gerekti\u011fini de m\u00fctevaz\u0131 bir \u00fcslupla nasihat ediyor.Defterimdeki \u015eehirler, T\u00fcrk okuyucusunun daha \u00f6nce kar\u015f\u0131la\u015fmad\u0131\u011f\u0131 tatta, yepyeni bir misafir. Bu misafirli\u011fin t\u00fcm kitapl\u0131klarda \u00e7ok uzun y\u0131llar boyunca s\u00fcrece\u011fini d\u00fc\u015f\u00fcn\u00fcyoruz.<\/p>\n","protected":false},"excerpt":{"rendered":"<p>Kalple Ad\u0131mlanan \u015eehirler\u2026\u015eehirler, mahalleler, caddeler, sokaklar ve evler\u2026 Her biri i\u00e7inde say\u0131s\u0131z hik\u00e2yeyi dokuyan, ac\u0131lar\u0131 onaran, huzuru payla\u015fan ve bir olmay\u0131 sa\u011flayan damarlar\u0131 bar\u0131nd\u0131r\u0131r. Bu damarlar<span class=\"excerpt-hellip\"> [\u2026]<\/span><\/p>\n","protected":false},"featured_media":0,"template":"","meta":{"_monsterinsights_skip_tracking":false,"_monsterinsights_sitenote_active":false,"_monsterinsights_sitenote_note":"","_monsterinsights_sitenote_category":0},"product_brand":[],"product_cat":[12777,12291],"product_tag":[],"class_list":{"0":"post-714625","1":"product","2":"type-product","3":"status-publish","5":"product_cat-deneme","6":"product_cat-edebiyat","7":"pa_cilt-ciltsiz","8":"pa_tur-kitap","9":"pa_yayinevi-karakum-yayinevi","10":"pa_yazar-tarik-deniz","12":"first","13":"instock","14":"sale","15":"shipping-taxable","16":"purchasable","17":"product-type-simple"},"_links":{"self":[{"href":"https:\/\/roveyayinevi.com.tr\/index.php\/wp-json\/wp\/v2\/product\/714625","targetHints":{"allow":["GET"]}}],"collection":[{"href":"https:\/\/roveyayinevi.com.tr\/index.php\/wp-json\/wp\/v2\/product"}],"about":[{"href":"https:\/\/roveyayinevi.com.tr\/index.php\/wp-json\/wp\/v2\/types\/product"}],"wp:attachment":[{"href":"https:\/\/roveyayinevi.com.tr\/index.php\/wp-json\/wp\/v2\/media?parent=714625"}],"wp:term":[{"taxonomy":"product_brand","embeddable":true,"href":"https:\/\/roveyayinevi.com.tr\/index.php\/wp-json\/wp\/v2\/product_brand?post=714625"},{"taxonomy":"product_cat","embeddable":true,"href":"https:\/\/roveyayinevi.com.tr\/index.php\/wp-json\/wp\/v2\/product_cat?post=714625"},{"taxonomy":"product_tag","embeddable":true,"href":"https:\/\/roveyayinevi.com.tr\/index.php\/wp-json\/wp\/v2\/product_tag?post=714625"}],"curies":[{"name":"wp","href":"https:\/\/api.w.org\/{rel}","templated":true}]}}