{"id":714624,"date":"2025-08-27T17:20:27","date_gmt":"2025-08-27T14:20:27","guid":{"rendered":"https:\/\/roveyayinevi.com.tr\/index.php\/urun\/akdeniz-3\/"},"modified":"2026-04-16T02:22:54","modified_gmt":"2026-04-15T23:22:54","slug":"akdeniz-3","status":"publish","type":"product","link":"https:\/\/roveyayinevi.com.tr\/index.php\/urun\/akdeniz-3\/","title":{"rendered":"Akdeniz"},"content":{"rendered":"<p>\u00c7ocuklu\u011fumda, okulda, M\u0131s\u0131r\u2019la ilgili her \u015feyi; firavunlar\u0131, mabetleri, palmiyeleri ve daha neler neleri \u00f6\u011frenmeye can atard\u0131m. O zamanlar Akdeniz \u00fcst\u00fcnde s\u00fcz\u00fclebilmek i\u00e7in bir k\u0131rlang\u0131\u00e7 olmad\u0131\u011f\u0131ma yanard\u0131m. D\u00fc\u015f d\u00fcnyam o kadar s\u0131n\u0131rs\u0131zd\u0131 ki, beni \u0130brail\u2019in uysal bir yurtta\u015f\u0131 h\u00e2line getirmek isteyen annemin isteklerine hep kar\u015f\u0131 geldim. Yan\u0131 ba\u015f\u0131nda g\u00fczelim Tuna Nehri olsa da ya\u015fad\u0131\u011f\u0131m yerler bana dar ve s\u0131k\u0131c\u0131 geliyordu. Bir an \u00f6nce Akdeniz\u2019e ula\u015fmal\u0131yd\u0131m. Adrien, Romanya\u2019n\u0131n bir liman kenti olan \u0130brail\u2019de annesiyle birlikte ya\u015fayan yoksul bir gen\u00e7tir.  Yoksulluk i\u00e7inde ge\u00e7en hayat\u0131ndan b\u0131km\u0131\u015ft\u0131r art\u0131k. Adrien\u2019in en b\u00fcy\u00fck arzusu, Akdeniz\u2019e ula\u015f\u0131p orada zenginlik i\u00e7inde ya\u015famakt\u0131r. Her \u015feyi g\u00f6ze alarak, arkada\u015f\u0131 Mihail\u2019le birlikte, K\u00f6stence\u2019den \u0130skenderiye\u2019ye  giden bir gemiye biner. Gemide yolculuk yaparken Musa isimli bir adamla tan\u0131\u015f\u0131r ve t\u00fcm planlar\u0131 bir anda de\u011fi\u015fir. <\/p>\n","protected":false},"excerpt":{"rendered":"<p>\u00c7ocuklu\u011fumda, okulda, M\u0131s\u0131r\u2019la ilgili her \u015feyi; firavunlar\u0131, mabetleri, palmiyeleri ve daha neler neleri \u00f6\u011frenmeye can atard\u0131m. O zamanlar Akdeniz \u00fcst\u00fcnde s\u00fcz\u00fclebilmek i\u00e7in bir k\u0131rlang\u0131\u00e7 olmad\u0131\u011f\u0131ma yanard\u0131m.<span class=\"excerpt-hellip\"> [\u2026]<\/span><\/p>\n","protected":false},"featured_media":0,"template":"","meta":{"_monsterinsights_skip_tracking":false,"_monsterinsights_sitenote_active":false,"_monsterinsights_sitenote_note":"","_monsterinsights_sitenote_category":0},"product_brand":[],"product_cat":[12274,12284],"product_tag":[],"class_list":{"0":"post-714624","1":"product","2":"type-product","3":"status-publish","5":"product_cat-cocuk-ve-genclik-kitaplari","6":"product_cat-hikayeler","7":"pa_cilt-ciltsiz","8":"pa_tur-kitap","9":"pa_yayinevi-arkadas-yayinlari","10":"pa_yazar-panait-istrati","12":"first","13":"instock","14":"sale","15":"shipping-taxable","16":"purchasable","17":"product-type-simple"},"_links":{"self":[{"href":"https:\/\/roveyayinevi.com.tr\/index.php\/wp-json\/wp\/v2\/product\/714624","targetHints":{"allow":["GET"]}}],"collection":[{"href":"https:\/\/roveyayinevi.com.tr\/index.php\/wp-json\/wp\/v2\/product"}],"about":[{"href":"https:\/\/roveyayinevi.com.tr\/index.php\/wp-json\/wp\/v2\/types\/product"}],"wp:attachment":[{"href":"https:\/\/roveyayinevi.com.tr\/index.php\/wp-json\/wp\/v2\/media?parent=714624"}],"wp:term":[{"taxonomy":"product_brand","embeddable":true,"href":"https:\/\/roveyayinevi.com.tr\/index.php\/wp-json\/wp\/v2\/product_brand?post=714624"},{"taxonomy":"product_cat","embeddable":true,"href":"https:\/\/roveyayinevi.com.tr\/index.php\/wp-json\/wp\/v2\/product_cat?post=714624"},{"taxonomy":"product_tag","embeddable":true,"href":"https:\/\/roveyayinevi.com.tr\/index.php\/wp-json\/wp\/v2\/product_tag?post=714624"}],"curies":[{"name":"wp","href":"https:\/\/api.w.org\/{rel}","templated":true}]}}