{"id":714620,"date":"2025-08-27T17:20:25","date_gmt":"2025-08-27T14:20:25","guid":{"rendered":"https:\/\/roveyayinevi.com.tr\/index.php\/urun\/bk-gibi-hissetmekten-nasil-vazgecilir\/"},"modified":"2026-04-16T02:22:54","modified_gmt":"2026-04-15T23:22:54","slug":"bk-gibi-hissetmekten-nasil-vazgecilir","status":"publish","type":"product","link":"https:\/\/roveyayinevi.com.tr\/index.php\/urun\/bk-gibi-hissetmekten-nasil-vazgecilir\/","title":{"rendered":"B*k Gibi Hissetmekten Nas\u0131l Vazge\u00e7ilir?"},"content":{"rendered":"<p>Mutluluk ve ba\u015far\u0131ya ula\u015fmay\u0131 engelleyen k\u00f6t\u00fc al\u0131\u015fkanl\u0131klar\u0131 b\u0131rakmak i\u00e7in yanl\u0131\u015f yapt\u0131\u011f\u0131n\u0131z \u015feyleri dobra dobra anlatan bir rehber.B*k Gibi Hissetmekten Nas\u0131l Vazge\u00e7ilir, kad\u0131nlar\u0131n ki\u015fisel geli\u015fimi i\u00e7in direkt bir yol \u00e7iziyor. En s\u0131k yap\u0131lan hatalar\u0131 hi\u00e7 \u00e7ekinmeden okurlar\u0131n y\u00fcz\u00fcne vurarak ger\u00e7ekleri anlatan Andrea Owen, Imposter Sendromu\u2019ndan sivri dilli i\u00e7 ele\u015ftirmeninize ve ba\u015fkalar\u0131n\u0131 devaml\u0131 mutlu etmeye \u00e7al\u0131\u015fmaya kadar, bu her zaman fark\u0131nda olunmayan al\u0131\u015fkanl\u0131klara dikkat \u00e7ekiyor. Her b\u00f6l\u00fcmde kad\u0131nlar\u0131n i\u00e7inde bulundu\u011fu otopilotu kapat\u0131p hayat kalitelerinin d\u00fc\u015fmesine sebep olan eylemlerin \u00fcst\u00fcnde bir h\u00e2kimiyet sa\u011flamalar\u0131na yard\u0131mc\u0131 oluyor.\u201cOwens dobra bir \u015fekilde ger\u00e7ekleri anlat\u0131yor ve hayat\u0131n\u0131zdaki pisliklerden ar\u0131n\u0131p i\u00e7inizdeki g\u00fcce odaklanman\u0131z\u0131 sa\u011fl\u0131yor.\u201d \u2014Jen Sincero, You Are A Badass\u2019in \u00e7oksatan yazar\u0131\u201cAndrea Owen yine i\u00e7tenli\u011fini ve dobral\u0131\u011f\u0131n\u0131 konu\u015fturmu\u015f. Zeki ve yetenekli kad\u0131nlar\u0131 strese sokan ve beklenti sarho\u015flu\u011fuyla ya\u015famalar\u0131na neden olan yayg\u0131n davran\u0131\u015flara parmak bas\u0131yor.\u201d \u2014Christine Hassler, Expectation Hangover\u2019\u0131n yazar\u0131\u201cKitab\u0131 okurken s\u00fcrekli ba\u015f\u0131m\u0131 sallayarak onaylad\u0131\u011f\u0131m\u0131 ve kitab\u0131n i\u00e7indeki \u2018komplikasyonlar\u2019dan baz\u0131lar\u0131na benim de sahip oldu\u011fumu fark ettim. Bu sorunlar\u0131n bir \u00e7\u00f6z\u00fcm\u00fc oldu\u011funu \u00f6\u011frendi\u011fimde daha da heyecanland\u0131m. Bu, somut ve yap\u0131lmas\u0131 m\u00fcmk\u00fcn bir \u00e7\u00f6z\u00fcm. B*k Gibi Hissetmekten Nas\u0131l Vazge\u00e7ilir\u2019i kad\u0131n arkada\u015flar\u0131ma \u00f6nermeyi sab\u0131rs\u0131zl\u0131kla bekliyorum!\u201d \u2014Rachel DeAlto, Flirt Fearlessly: The A to Z Guide to Getting Your Flirt On\u2019un yazar\u0131\u201cBu kitab\u0131 okuduktan sonra b*k gibi hissetmekten vazge\u00e7tim! Felaket senaryolar\u0131 yaratmay\u0131 b\u0131rakmak, hayat\u0131n\u0131zdaki mutluluk kaynaklar\u0131n\u0131 kabul etmek, hayat\u0131 kendi de\u011ferlerinize g\u00f6re ya\u015famak istiyorsan\u0131z bu kitap tam size g\u00f6re.\u201d \u2014Dr. Eris Huemer, La Shrinks oyuncusu ve The Break-Up Emergency\u2019nin yazar\u0131<\/p>\n","protected":false},"excerpt":{"rendered":"<p>Mutluluk ve ba\u015far\u0131ya ula\u015fmay\u0131 engelleyen k\u00f6t\u00fc al\u0131\u015fkanl\u0131klar\u0131 b\u0131rakmak i\u00e7in yanl\u0131\u015f yapt\u0131\u011f\u0131n\u0131z \u015feyleri dobra dobra anlatan bir rehber.B*k Gibi Hissetmekten Nas\u0131l Vazge\u00e7ilir, kad\u0131nlar\u0131n ki\u015fisel geli\u015fimi i\u00e7in direkt<span class=\"excerpt-hellip\"> [\u2026]<\/span><\/p>\n","protected":false},"featured_media":0,"template":"","meta":{"_monsterinsights_skip_tracking":false,"_monsterinsights_sitenote_active":false,"_monsterinsights_sitenote_note":"","_monsterinsights_sitenote_category":0},"product_brand":[],"product_cat":[12364,12376],"product_tag":[],"class_list":{"0":"post-714620","1":"product","2":"type-product","3":"status-publish","5":"product_cat-genel-konular","6":"product_cat-kisisel-gelisim","7":"pa_cilt-ciltsiz","8":"pa_tur-kitap","9":"pa_yayinevi-yabanci-yayinevi","10":"pa_yazar-andrea-owen","12":"first","13":"instock","14":"sale","15":"shipping-taxable","16":"purchasable","17":"product-type-simple"},"_links":{"self":[{"href":"https:\/\/roveyayinevi.com.tr\/index.php\/wp-json\/wp\/v2\/product\/714620","targetHints":{"allow":["GET"]}}],"collection":[{"href":"https:\/\/roveyayinevi.com.tr\/index.php\/wp-json\/wp\/v2\/product"}],"about":[{"href":"https:\/\/roveyayinevi.com.tr\/index.php\/wp-json\/wp\/v2\/types\/product"}],"wp:attachment":[{"href":"https:\/\/roveyayinevi.com.tr\/index.php\/wp-json\/wp\/v2\/media?parent=714620"}],"wp:term":[{"taxonomy":"product_brand","embeddable":true,"href":"https:\/\/roveyayinevi.com.tr\/index.php\/wp-json\/wp\/v2\/product_brand?post=714620"},{"taxonomy":"product_cat","embeddable":true,"href":"https:\/\/roveyayinevi.com.tr\/index.php\/wp-json\/wp\/v2\/product_cat?post=714620"},{"taxonomy":"product_tag","embeddable":true,"href":"https:\/\/roveyayinevi.com.tr\/index.php\/wp-json\/wp\/v2\/product_tag?post=714620"}],"curies":[{"name":"wp","href":"https:\/\/api.w.org\/{rel}","templated":true}]}}