{"id":714619,"date":"2025-08-27T17:20:24","date_gmt":"2025-08-27T14:20:24","guid":{"rendered":"https:\/\/roveyayinevi.com.tr\/index.php\/urun\/imparatorlugun-cokusu\/"},"modified":"2026-04-16T02:22:54","modified_gmt":"2026-04-15T23:22:54","slug":"imparatorlugun-cokusu","status":"publish","type":"product","link":"https:\/\/roveyayinevi.com.tr\/index.php\/urun\/imparatorlugun-cokusu\/","title":{"rendered":"\u0130mparatorlu\u011fun \u00c7\u00f6k\u00fc\u015f\u00fc"},"content":{"rendered":"<p>Ya\u015fl\u0131 Adam\u0131n Sava\u015f\u0131 ve K\u0131rm\u0131z\u0131 \u00dcniformal\u0131lar kitaplar\u0131n\u0131n \u00f6d\u00fcll\u00fc yazar\u0131 John Scalzi\u2019den soluk solu\u011fa, yepyeni bir uzay maceras\u0131!Ak\u0131m ke\u015ffedilene kadar \u0131\u015f\u0131k h\u0131z\u0131ndan daha h\u0131zl\u0131 yolculuk etmek, fizik kurallar\u0131na g\u00f6re m\u00fcmk\u00fcn de\u011fildi. Ak\u0131m\u2019dan sonra ise insanl\u0131k onu kullanarak birbirlerine milyonlarca \u0131\u015f\u0131k y\u0131l\u0131 uzakl\u0131ktaki farkl\u0131 y\u0131ld\u0131z sistemlerine yerle\u015fmeye ba\u015flad\u0131 ve art\u0131k bin y\u0131ll\u0131k olan imparatorluklar\u0131 Ba\u011fl\u0131l\u0131k\u2019\u0131 kurdu. \u0130mparatorlu\u011fun ayakta kalabilmesi i\u00e7in de ba\u011flant\u0131y\u0131 sa\u011flayan Ak\u0131m nehirleri \u015fartt\u0131; bu sayede hem birbirlerine ihtiya\u00e7 duyuyor hem sistemleraras\u0131 sava\u015f engelleniyor hem de imparatorun tek g\u00fc\u00e7 sahibi olarak kalmas\u0131 sa\u011flan\u0131yordu.Ak\u0131m nehirlerinin sebebi tam olarak anla\u015f\u0131lamam\u0131\u015f yok olma s\u00fcreci ba\u015flad\u0131\u011f\u0131nda ise \u0130mparatorluk ve b\u00fct\u00fcn sistemleri risk alt\u0131na girdi. Bu durumu fark eden bir Ak\u0131m fizik\u00e7isi, bir uzay gemisi kaptan\u0131 ve Ba\u011fl\u0131l\u0131k \u0130mparatori\u00e7esi, \u00e7\u00f6k\u00fc\u015f\u00fcn\u00fcn e\u015fi\u011finde olan imparatorlu\u011fu, daha da \u00f6nemlisi soyutlanacak olan sistemlerdeki insanlar\u0131 kurtarmak i\u00e7in ellerinden geleni yapacaklard\u0131.\u201cTaht Oyunlar\u0131 ve Dune hayranlar\u0131 bu m\u00fcstehcen, ac\u0131mas\u0131z ve zek\u00e2 dolu romana bay\u0131lacaklar.\u201d \u2013Booklist\u201cScalzi, kendi tarz\u0131 olan g\u00fcld\u00fcr\u00fcrken d\u00fc\u015f\u00fcnd\u00fcren bilimkurgu aksiyonunu yazmakta kar\u015f\u0131 konulamayacak kadar iyi olmaya devam ediyor.\u201d \u2013Kirkus Reviews\u201c\u0130nan\u0131lmaz e\u011flenceli bir roman. Bitti diye \u00e7ok \u00fcz\u00fcld\u00fcm.\u201d \u2013Roxane Gay\u201c\u0130mparatorlu\u011fun \u00c7\u00f6k\u00fc\u015f\u00fc muazzam bir bilimkurgu maceras\u0131.\u201d \u2013Will Wheaton\u201cJohn Scalzi \u00e7a\u011f\u0131m\u0131z\u0131n en \u00e7ok e\u011flendiren bilimkurgu yazar\u0131.\u201d \u2013Joe Hill<\/p>\n","protected":false},"excerpt":{"rendered":"<p>Ya\u015fl\u0131 Adam\u0131n Sava\u015f\u0131 ve K\u0131rm\u0131z\u0131 \u00dcniformal\u0131lar kitaplar\u0131n\u0131n \u00f6d\u00fcll\u00fc yazar\u0131 John Scalzi\u2019den soluk solu\u011fa, yepyeni bir uzay maceras\u0131!Ak\u0131m ke\u015ffedilene kadar \u0131\u015f\u0131k h\u0131z\u0131ndan daha h\u0131zl\u0131 yolculuk etmek, fizik<span class=\"excerpt-hellip\"> [\u2026]<\/span><\/p>\n","protected":false},"featured_media":0,"template":"","meta":{"_monsterinsights_skip_tracking":false,"_monsterinsights_sitenote_active":false,"_monsterinsights_sitenote_note":"","_monsterinsights_sitenote_category":0},"product_brand":[],"product_cat":[12540,12291],"product_tag":[],"class_list":{"0":"post-714619","1":"product","2":"type-product","3":"status-publish","5":"product_cat-bilim-kurgu","6":"product_cat-edebiyat","7":"pa_cilt-ciltsiz","8":"pa_tur-kitap","9":"pa_yayinevi-ithaki-yayinlari","10":"pa_yazar-john-scalzi","12":"first","13":"instock","14":"sale","15":"shipping-taxable","16":"purchasable","17":"product-type-simple"},"_links":{"self":[{"href":"https:\/\/roveyayinevi.com.tr\/index.php\/wp-json\/wp\/v2\/product\/714619","targetHints":{"allow":["GET"]}}],"collection":[{"href":"https:\/\/roveyayinevi.com.tr\/index.php\/wp-json\/wp\/v2\/product"}],"about":[{"href":"https:\/\/roveyayinevi.com.tr\/index.php\/wp-json\/wp\/v2\/types\/product"}],"wp:attachment":[{"href":"https:\/\/roveyayinevi.com.tr\/index.php\/wp-json\/wp\/v2\/media?parent=714619"}],"wp:term":[{"taxonomy":"product_brand","embeddable":true,"href":"https:\/\/roveyayinevi.com.tr\/index.php\/wp-json\/wp\/v2\/product_brand?post=714619"},{"taxonomy":"product_cat","embeddable":true,"href":"https:\/\/roveyayinevi.com.tr\/index.php\/wp-json\/wp\/v2\/product_cat?post=714619"},{"taxonomy":"product_tag","embeddable":true,"href":"https:\/\/roveyayinevi.com.tr\/index.php\/wp-json\/wp\/v2\/product_tag?post=714619"}],"curies":[{"name":"wp","href":"https:\/\/api.w.org\/{rel}","templated":true}]}}