{"id":714617,"date":"2025-08-27T17:20:23","date_gmt":"2025-08-27T14:20:23","guid":{"rendered":"https:\/\/roveyayinevi.com.tr\/index.php\/urun\/motivasyon-rehberi\/"},"modified":"2026-04-13T02:28:36","modified_gmt":"2026-04-12T23:28:36","slug":"motivasyon-rehberi","status":"publish","type":"product","link":"https:\/\/roveyayinevi.com.tr\/index.php\/urun\/motivasyon-rehberi\/","title":{"rendered":"Motivasyon Rehberi"},"content":{"rendered":"<p>Motivasyon nedir? Neden baz\u0131 \u015feyleri yaparken kendimizi tutulmu\u015f gibi hissediyoruz ve baz\u0131lar\u0131n\u0131 ise b\u0131rakamayaca\u011f\u0131m\u0131z\u0131 d\u00fc\u015f\u00fcn\u00fcyoruz?Bir\u00e7ok insan yanl\u0131\u015f olarak kendilerinin sadece tembel olduklar\u0131n\u0131 veya iradeli olmad\u0131klar\u0131n\u0131 d\u00fc\u015f\u00fcnmektedir. Ancak eksik olduklar\u0131 nokta kendi zihinlerini, motivasyonlar\u0131n\u0131 ve i\u015fleyi\u015f bi\u00e7imlerini do\u011fru bir \u015fekilde anlamamalar\u0131d\u0131r.Bu kitapta a\u015fa\u011f\u0131dakileri \u00f6\u011freneceksiniz:En derin psikolojik seviyedeki motivasyonun do\u011fas\u0131 nedir?Ba\u011f\u0131ml\u0131l\u0131k ve erteleme neden ayn\u0131 madalyonun iki y\u00fcz\u00fcd\u00fcr?Fiziksel ve psikolojik ba\u011f\u0131ml\u0131l\u0131k aras\u0131nda neden temel bir fark yoktur?\u0130rade g\u00fcc\u00fc neden nadiren bir \u00e7\u00f6z\u00fcmd\u00fcr?Duygular neden ve nas\u0131l motive olur?<\/p>\n","protected":false},"excerpt":{"rendered":"<p>Motivasyon nedir? Neden baz\u0131 \u015feyleri yaparken kendimizi tutulmu\u015f gibi hissediyoruz ve baz\u0131lar\u0131n\u0131 ise b\u0131rakamayaca\u011f\u0131m\u0131z\u0131 d\u00fc\u015f\u00fcn\u00fcyoruz?Bir\u00e7ok insan yanl\u0131\u015f olarak kendilerinin sadece tembel olduklar\u0131n\u0131 veya iradeli olmad\u0131klar\u0131n\u0131 d\u00fc\u015f\u00fcnmektedir.<span class=\"excerpt-hellip\"> [\u2026]<\/span><\/p>\n","protected":false},"featured_media":0,"template":"","meta":{"_monsterinsights_skip_tracking":false,"_monsterinsights_sitenote_active":false,"_monsterinsights_sitenote_note":"","_monsterinsights_sitenote_category":0},"product_brand":[],"product_cat":[12364,12376],"product_tag":[],"class_list":{"0":"post-714617","1":"product","2":"type-product","3":"status-publish","5":"product_cat-genel-konular","6":"product_cat-kisisel-gelisim","7":"pa_cilt-ciltsiz","8":"pa_tur-kitap","9":"pa_yayinevi-psikonet-yayinlari","10":"pa_yazar-roman-gelperin","12":"first","13":"instock","14":"sale","15":"shipping-taxable","16":"purchasable","17":"product-type-simple"},"_links":{"self":[{"href":"https:\/\/roveyayinevi.com.tr\/index.php\/wp-json\/wp\/v2\/product\/714617","targetHints":{"allow":["GET"]}}],"collection":[{"href":"https:\/\/roveyayinevi.com.tr\/index.php\/wp-json\/wp\/v2\/product"}],"about":[{"href":"https:\/\/roveyayinevi.com.tr\/index.php\/wp-json\/wp\/v2\/types\/product"}],"wp:attachment":[{"href":"https:\/\/roveyayinevi.com.tr\/index.php\/wp-json\/wp\/v2\/media?parent=714617"}],"wp:term":[{"taxonomy":"product_brand","embeddable":true,"href":"https:\/\/roveyayinevi.com.tr\/index.php\/wp-json\/wp\/v2\/product_brand?post=714617"},{"taxonomy":"product_cat","embeddable":true,"href":"https:\/\/roveyayinevi.com.tr\/index.php\/wp-json\/wp\/v2\/product_cat?post=714617"},{"taxonomy":"product_tag","embeddable":true,"href":"https:\/\/roveyayinevi.com.tr\/index.php\/wp-json\/wp\/v2\/product_tag?post=714617"}],"curies":[{"name":"wp","href":"https:\/\/api.w.org\/{rel}","templated":true}]}}