{"id":714615,"date":"2025-08-27T17:20:21","date_gmt":"2025-08-27T14:20:21","guid":{"rendered":"https:\/\/roveyayinevi.com.tr\/index.php\/urun\/kayip-kalpler-diger-hayalet-hikayeleri\/"},"modified":"2026-04-16T02:22:54","modified_gmt":"2026-04-15T23:22:54","slug":"kayip-kalpler-diger-hayalet-hikayeleri","status":"publish","type":"product","link":"https:\/\/roveyayinevi.com.tr\/index.php\/urun\/kayip-kalpler-diger-hayalet-hikayeleri\/","title":{"rendered":"Kay\u0131p Kalpler &amp; Di\u011fer Hayalet Hikayeleri"},"content":{"rendered":"<p>Klasik \u0130ngiliz Edebiyat\u0131\u2019na yapt\u0131\u011f\u0131 katk\u0131lar nedeniyle \u00e7ok sevilen; etkileyici \u00f6yk\u00fcleriyle, iz b\u0131rakan karakterleriyle ve d\u00f6nemine damgas\u0131n\u0131 vurmu\u015f Dr.Montague Rhodes James (M.R.JAMES), 1 A\u011fustos 1862 tarihinde Goodnestone\u2019da do\u011fmu\u015ftur. Erken ya\u015fta okuma al\u0131\u015fkanl\u0131\u011f\u0131 geli\u015ftirmi\u015f ve k\u00fct\u00fcphanede kalmay\u0131, arkada\u015flar\u0131yla vakit ge\u00e7irmeye tercih etmi\u015ftir.1876\u2019da Eton Kraliyet Akademisine, 1882\u2019de Cambridge Kraliyet Kolejine girmi\u015ftir. Cambridge, Fitzwilliam M\u00fczesine 1886\u2019da asistan, 1893\u2019de M\u00fcd\u00fcr olarak atanm\u0131\u015ft\u0131r. 1913\u2019te Cambridge \u00dcniversitesi Rekt\u00f6r Yard\u0131mc\u0131l\u0131\u011f\u0131na getirilmi\u015ftir.\u00dcnl\u00fc \u0130ngiliz yazar Charles Dickens\u2019dan etkilenen Dr.Montague Rhodes James, 1895\u2019de \u2018Canon Alberic\u2019 ve \u2018Lost Hearts\u2019i yay\u0131mlam\u0131\u015ft\u0131r.Biyografiler, antikalar, incelemeler ve paleografya \u00e7al\u0131\u015fmalar\u0131 ile tan\u0131nmas\u0131na ra\u011fmen, hayal g\u00fcc\u00fcn\u00fc ustal\u0131kla kulland\u0131\u011f\u0131 hayalet ve korku hikayeleriyle haf\u0131zalarda kalm\u0131\u015ft\u0131r. Eserlerinde bilimkurgu ile korkuyu birle\u015ftiren \u00fcnl\u00fc yazar Howard Phillips Lovecraft\u2019a ilham kayna\u011f\u0131 olmu\u015ftur. Kendinden sonra gelen b\u00fct\u00fcn edebiyat\u00e7\u0131lar\u0131n \u00fczerinde derin ve evrensel bir etki b\u0131rakm\u0131\u015ft\u0131r.\u0130ngiliz Edebiyat\u0131\u2019n\u0131n sevilen hik\u00e2yelerinden \u2018Kay\u0131p Kalpler\u2019, (M.R. James\u2019in Dublin\u2019deki St. Michan kilisesini ziyaret etti\u011fi) 1892 y\u0131l\u0131 Haziran ay\u0131nda \u2018Canon Alberic\u2019in G\u00fcnl\u00fc\u011f\u00fc\u2019 ile birlikte Chitchat Cemiyeti \u00f6n\u00fcnde okundu\u011fu 1893 y\u0131l\u0131 Ekim ay\u0131 aras\u0131nda kaleme al\u0131nm\u0131\u015ft\u0131r. \u0130lk olarak Aral\u0131k 1895\u2019te Pall Mall 7\/32 Magazininde yay\u0131mland\u0131. M\u00fcteakiben Ghost Stories of an Antiquary (GSA)\u2019da yay\u0131mlanm\u0131\u015ft\u0131r. \u0130ngiliz Sinemas\u0131 taraf\u0131ndan beyaz perdeye aktar\u0131lm\u0131\u015ft\u0131r.Ayr\u0131ca, kitapta yer alan; \u2018A\u011flayan Kuyu\u2019, ilk olarak 27 Temmuz 1927 tarihinde Dorset, Warbarrow Koyu\u2019nda Eton \u0130zcilik kamp\u0131nda okunmu\u015ftur. Eton Kolej G\u00fcnl\u00fc\u011f\u00fcnde (18 Haziran 1936) Dr.Montague Rhodes James\u2019in \u00f6l\u00fcm ilan\u0131nda, hik\u00e2yeyi dinledikten sonra \u2018hik\u00e2yenin ge\u00e7ti\u011fi yerlerin Kampa \u00e7ok yak\u0131n olmas\u0131ndan dolay\u0131 birka\u00e7 \u00e7ocu\u011fun o geceyi s\u0131k\u0131nt\u0131l\u0131 ge\u00e7irdi\u011fi\u2019 ifade edilmektedir. \u0130lk olarak ayr\u0131 bir hik\u00e2ye \u015feklinde yay\u0131mlanm\u0131\u015ft\u0131r (Mill House Yay\u0131nlar\u0131, 1928; 153 kopya bas\u0131lm\u0131\u015ft\u0131r); The Collected Ghost Stories of M.R.James\u2019de yeniden bas\u0131lm\u0131\u015ft\u0131r. \u2018Deney (Bir Y\u0131lba\u015f\u0131 Gecesi Hayalet Hik\u00e2yesi) isimli eseri de ilk olarak 31 Aral\u0131k 1931 tarihinde Morning Post gazetesinde yay\u0131mlanm\u0131\u015ft\u0131r.Dr.Montague Rhodes James, 12 Haziran 1936 tarihinde \u00f6lm\u00fc\u015ft\u00fcr.<\/p>\n","protected":false},"excerpt":{"rendered":"<p>Klasik \u0130ngiliz Edebiyat\u0131\u2019na yapt\u0131\u011f\u0131 katk\u0131lar nedeniyle \u00e7ok sevilen; etkileyici \u00f6yk\u00fcleriyle, iz b\u0131rakan karakterleriyle ve d\u00f6nemine damgas\u0131n\u0131 vurmu\u015f Dr.Montague Rhodes James (M.R.JAMES), 1 A\u011fustos 1862 tarihinde Goodnestone\u2019da<span class=\"excerpt-hellip\"> [\u2026]<\/span><\/p>\n","protected":false},"featured_media":0,"template":"","meta":{"_monsterinsights_skip_tracking":false,"_monsterinsights_sitenote_active":false,"_monsterinsights_sitenote_note":"","_monsterinsights_sitenote_category":0},"product_brand":[],"product_cat":[12291,12711],"product_tag":[],"class_list":{"0":"post-714615","1":"product","2":"type-product","3":"status-publish","5":"product_cat-edebiyat","6":"product_cat-roman-oyku","7":"pa_cilt-ciltsiz","8":"pa_tur-kitap","9":"pa_yayinevi-kozmostar","10":"pa_yazar-montague-rhodes-james","12":"first","13":"instock","14":"sale","15":"shipping-taxable","16":"purchasable","17":"product-type-simple"},"_links":{"self":[{"href":"https:\/\/roveyayinevi.com.tr\/index.php\/wp-json\/wp\/v2\/product\/714615","targetHints":{"allow":["GET"]}}],"collection":[{"href":"https:\/\/roveyayinevi.com.tr\/index.php\/wp-json\/wp\/v2\/product"}],"about":[{"href":"https:\/\/roveyayinevi.com.tr\/index.php\/wp-json\/wp\/v2\/types\/product"}],"wp:attachment":[{"href":"https:\/\/roveyayinevi.com.tr\/index.php\/wp-json\/wp\/v2\/media?parent=714615"}],"wp:term":[{"taxonomy":"product_brand","embeddable":true,"href":"https:\/\/roveyayinevi.com.tr\/index.php\/wp-json\/wp\/v2\/product_brand?post=714615"},{"taxonomy":"product_cat","embeddable":true,"href":"https:\/\/roveyayinevi.com.tr\/index.php\/wp-json\/wp\/v2\/product_cat?post=714615"},{"taxonomy":"product_tag","embeddable":true,"href":"https:\/\/roveyayinevi.com.tr\/index.php\/wp-json\/wp\/v2\/product_tag?post=714615"}],"curies":[{"name":"wp","href":"https:\/\/api.w.org\/{rel}","templated":true}]}}