{"id":714614,"date":"2025-08-27T17:20:21","date_gmt":"2025-08-27T14:20:21","guid":{"rendered":"https:\/\/roveyayinevi.com.tr\/index.php\/urun\/kont-magnus-diger-hayalet-hikayeleri\/"},"modified":"2026-04-16T02:22:54","modified_gmt":"2026-04-15T23:22:54","slug":"kont-magnus-diger-hayalet-hikayeleri","status":"publish","type":"product","link":"https:\/\/roveyayinevi.com.tr\/index.php\/urun\/kont-magnus-diger-hayalet-hikayeleri\/","title":{"rendered":"Kont Magnus &amp; Di\u011fer Hayalet Hikayeleri"},"content":{"rendered":"<p>Klasik \u0130ngiliz Edebiyat\u0131\u2019na yapt\u0131\u011f\u0131 katk\u0131lar nedeniyle \u00e7ok sevilen; etkileyici \u00f6yk\u00fcleriyle, iz b\u0131rakan karakterleriyle ve d\u00f6nemine damgas\u0131n\u0131 vurmu\u015f Dr.Montague Rhodes James (M.R.JAMES), 1 A\u011fustos 1862 tarihinde Goodnestone\u2019da do\u011fmu\u015ftur. Erken ya\u015fta okuma al\u0131\u015fkanl\u0131\u011f\u0131 geli\u015ftirmi\u015f ve k\u00fct\u00fcphanede kalmay\u0131, arkada\u015flar\u0131yla vakit ge\u00e7irmeye tercih etmi\u015ftir.1876\u2019da Eton Kraliyet Akademisine, 1882\u2019de Cambridge Kraliyet Kolejine girmi\u015ftir. Cambridge, Fitzwilliam M\u00fczesine 1886\u2019da asistan, 1893\u2019de M\u00fcd\u00fcr olarak atanm\u0131\u015ft\u0131r. 1913\u2019te Cambridge \u00dcniversitesi Rekt\u00f6r Yard\u0131mc\u0131l\u0131\u011f\u0131na getirilmi\u015ftir.\u00dcnl\u00fc \u0130ngiliz yazar Charles Dickens\u2019dan etkilenen Dr.Montague Rhodes James, 1895\u2019de \u2018Canon Alberic\u2019 ve \u2018Lost Hearts\u2019i yay\u0131mlam\u0131\u015ft\u0131r.Biyografiler, antikalar, incelemeler ve paleografya \u00e7al\u0131\u015fmalar\u0131 ile tan\u0131nmas\u0131na ra\u011fmen, hayal g\u00fcc\u00fcn\u00fc ustal\u0131kla kulland\u0131\u011f\u0131 hayalet ve korku hikayeleriyle haf\u0131zalarda kalm\u0131\u015ft\u0131r. Eserlerinde bilimkurgu ile korkuyu birle\u015ftiren \u00fcnl\u00fc yazar Howard Phillips Lovecraft\u2019a ilham kayna\u011f\u0131 olmu\u015ftur. Kendinden sonra gelen b\u00fct\u00fcn edebiyat\u00e7\u0131lar\u0131n \u00fczerinde derin ve evrensel bir etki b\u0131rakm\u0131\u015ft\u0131r.\u0130ngiliz Edebiyat\u0131\u2019n\u0131n sevilen \u00f6yk\u00fclerinden \u2018Kont Magnus\u2019 1901 veya 1902 y\u0131l\u0131nda yaz\u0131lm\u0131\u015ft\u0131r; ilk olarak Ghost Stories of an Antiquary (GSA)\u2019da yay\u0131mlanm\u0131\u015ft\u0131r; m\u00fcteakiben, The Collectied Ghost Stories (CGS)\u2019de yeniden bas\u0131lm\u0131\u015ft\u0131r.Ayr\u0131ca, kitapta yer alan; \u2018Bir An\u0131\u2019 Eton\u2019un M\u00fcd\u00fcr\u00fc Dr.Montague Rhodes James taraf\u0131ndan yaz\u0131lm\u0131\u015f son hayalet hik\u00e2yesidir ve muhtemelen de bas\u0131lmas\u0131 i\u00e7in planlad\u0131\u011f\u0131 son yaz\u0131s\u0131d\u0131r. Bu \u015fekliyle kaleme al\u0131nm\u0131\u015f bir hik\u00e2yedir. \u00d6l\u00fcm\u00fcnden sonra Kas\u0131m 1936 London Mercury\u2019de yay\u0131mlanm\u0131\u015ft\u0131r. \u2018Cans\u0131z E\u015fyalar\u0131n \u00d6fkesi\u2019 isimli eseri de ilk olarak Haziran 1932\u2019de The Masquerade isimli Eton dergisinde yay\u0131mlanm\u0131\u015ft\u0131r.Dr.Montague Rhodes James, 12 Haziran 1936 tarihinde \u00f6lm\u00fc\u015ft\u00fcr.  <\/p>\n","protected":false},"excerpt":{"rendered":"<p>Klasik \u0130ngiliz Edebiyat\u0131\u2019na yapt\u0131\u011f\u0131 katk\u0131lar nedeniyle \u00e7ok sevilen; etkileyici \u00f6yk\u00fcleriyle, iz b\u0131rakan karakterleriyle ve d\u00f6nemine damgas\u0131n\u0131 vurmu\u015f Dr.Montague Rhodes James (M.R.JAMES), 1 A\u011fustos 1862 tarihinde Goodnestone\u2019da<span class=\"excerpt-hellip\"> [\u2026]<\/span><\/p>\n","protected":false},"featured_media":0,"template":"","meta":{"_monsterinsights_skip_tracking":false,"_monsterinsights_sitenote_active":false,"_monsterinsights_sitenote_note":"","_monsterinsights_sitenote_category":0},"product_brand":[],"product_cat":[12291,12711],"product_tag":[],"class_list":{"0":"post-714614","1":"product","2":"type-product","3":"status-publish","5":"product_cat-edebiyat","6":"product_cat-roman-oyku","7":"pa_cilt-ciltsiz","8":"pa_tur-kitap","9":"pa_yayinevi-kozmostar","10":"pa_yazar-montague-rhodes-james","12":"first","13":"instock","14":"sale","15":"shipping-taxable","16":"purchasable","17":"product-type-simple"},"_links":{"self":[{"href":"https:\/\/roveyayinevi.com.tr\/index.php\/wp-json\/wp\/v2\/product\/714614","targetHints":{"allow":["GET"]}}],"collection":[{"href":"https:\/\/roveyayinevi.com.tr\/index.php\/wp-json\/wp\/v2\/product"}],"about":[{"href":"https:\/\/roveyayinevi.com.tr\/index.php\/wp-json\/wp\/v2\/types\/product"}],"wp:attachment":[{"href":"https:\/\/roveyayinevi.com.tr\/index.php\/wp-json\/wp\/v2\/media?parent=714614"}],"wp:term":[{"taxonomy":"product_brand","embeddable":true,"href":"https:\/\/roveyayinevi.com.tr\/index.php\/wp-json\/wp\/v2\/product_brand?post=714614"},{"taxonomy":"product_cat","embeddable":true,"href":"https:\/\/roveyayinevi.com.tr\/index.php\/wp-json\/wp\/v2\/product_cat?post=714614"},{"taxonomy":"product_tag","embeddable":true,"href":"https:\/\/roveyayinevi.com.tr\/index.php\/wp-json\/wp\/v2\/product_tag?post=714614"}],"curies":[{"name":"wp","href":"https:\/\/api.w.org\/{rel}","templated":true}]}}