{"id":714612,"date":"2025-08-27T17:20:19","date_gmt":"2025-08-27T14:20:19","guid":{"rendered":"https:\/\/roveyayinevi.com.tr\/index.php\/urun\/babaya-mektup-6\/"},"modified":"2026-04-08T02:29:46","modified_gmt":"2026-04-07T23:29:46","slug":"babaya-mektup-6","status":"publish","type":"product","link":"https:\/\/roveyayinevi.com.tr\/index.php\/urun\/babaya-mektup-6\/","title":{"rendered":"Babaya Mektup"},"content":{"rendered":"<p>&#8220;Ge\u00e7enlerde senden neden bu kadar korktu\u011fumu sormu\u015ftun. Her zamanki gibi ne cevap verece\u011fimi bilmiyorum; k\u0131smen senden korktu\u011fum i\u00e7in uygun bir konu\u015fma yapmaya ba\u015flamamdan daha fazla detay gerektirdi\u011finden. Yaz\u0131l\u0131 olarak cevap versem de hep bir yeri eksik kalacak, \u00e7\u00fcnk\u00fc korkumu ve sonu\u00e7lar\u0131n\u0131 yazmak bile aram\u0131zda bir engelin y\u00fckselmesine neden olacak, \u00e7\u00fcnk\u00fc sorunun b\u00fcy\u00fckl\u00fc\u011f\u00fc haf\u0131zam\u0131n ve akl\u0131m\u0131n s\u0131n\u0131rlar\u0131n\u0131 epey a\u015f\u0131yor.&#8221;Kafka, dinlenmek i\u00e7in gitti\u011fi Schlesen&#8217;de Julie Wohryzek ad\u0131nda bir k\u0131zla tan\u0131\u015f\u0131p ni\u015fanlan\u0131r ancak babas\u0131 bu evlili\u011fe kar\u015f\u0131 \u00e7\u0131kar. \u0130\u015fte Kafka&#8217;n\u0131n babas\u0131na yazd\u0131\u011f\u0131 ama asla sahibine ulu\u015famad\u0131\u011f\u0131 mektubu&#8230;<\/p>\n","protected":false},"excerpt":{"rendered":"<p>&#8220;Ge\u00e7enlerde senden neden bu kadar korktu\u011fumu sormu\u015ftun. Her zamanki gibi ne cevap verece\u011fimi bilmiyorum; k\u0131smen senden korktu\u011fum i\u00e7in uygun bir konu\u015fma yapmaya ba\u015flamamdan daha fazla detay<span class=\"excerpt-hellip\"> [\u2026]<\/span><\/p>\n","protected":false},"featured_media":0,"template":"","meta":{"_monsterinsights_skip_tracking":false,"_monsterinsights_sitenote_active":false,"_monsterinsights_sitenote_note":"","_monsterinsights_sitenote_category":0},"product_brand":[],"product_cat":[13701,12291],"product_tag":[],"class_list":{"0":"post-714612","1":"product","2":"type-product","3":"status-publish","5":"product_cat-ani-mektup-gunluk","6":"product_cat-edebiyat","7":"pa_cilt-ciltsiz","8":"pa_tur-kitap","9":"pa_yayinevi-vaveyla-yayincilik","10":"pa_yazar-franz-kafka","12":"first","13":"instock","14":"sale","15":"shipping-taxable","16":"purchasable","17":"product-type-simple"},"_links":{"self":[{"href":"https:\/\/roveyayinevi.com.tr\/index.php\/wp-json\/wp\/v2\/product\/714612","targetHints":{"allow":["GET"]}}],"collection":[{"href":"https:\/\/roveyayinevi.com.tr\/index.php\/wp-json\/wp\/v2\/product"}],"about":[{"href":"https:\/\/roveyayinevi.com.tr\/index.php\/wp-json\/wp\/v2\/types\/product"}],"wp:attachment":[{"href":"https:\/\/roveyayinevi.com.tr\/index.php\/wp-json\/wp\/v2\/media?parent=714612"}],"wp:term":[{"taxonomy":"product_brand","embeddable":true,"href":"https:\/\/roveyayinevi.com.tr\/index.php\/wp-json\/wp\/v2\/product_brand?post=714612"},{"taxonomy":"product_cat","embeddable":true,"href":"https:\/\/roveyayinevi.com.tr\/index.php\/wp-json\/wp\/v2\/product_cat?post=714612"},{"taxonomy":"product_tag","embeddable":true,"href":"https:\/\/roveyayinevi.com.tr\/index.php\/wp-json\/wp\/v2\/product_tag?post=714612"}],"curies":[{"name":"wp","href":"https:\/\/api.w.org\/{rel}","templated":true}]}}