{"id":714609,"date":"2025-08-27T17:20:17","date_gmt":"2025-08-27T14:20:17","guid":{"rendered":"https:\/\/roveyayinevi.com.tr\/index.php\/urun\/bacaksiz-macera-pesinde\/"},"modified":"2026-04-16T02:22:54","modified_gmt":"2026-04-15T23:22:54","slug":"bacaksiz-macera-pesinde","status":"publish","type":"product","link":"https:\/\/roveyayinevi.com.tr\/index.php\/urun\/bacaksiz-macera-pesinde\/","title":{"rendered":"Bacaks\u0131z Macera Pe\u015finde"},"content":{"rendered":"<p>\u201cYa polis gene g\u00f6r\u00fcrse bizi?\u201dBacaks\u0131z Bahri\u2019nin, \u00e7e\u015fme ba\u015f\u0131nda kovalar\u0131n\u0131 doldurmaya \u00e7al\u0131\u015fan G\u00fclten\u2019e yard\u0131m etmek i\u00e7in yine parlak bir fikri var: \u00c7e\u015fmeye takt\u0131\u011f\u0131 hortumu G\u00fclten\u2019in evine kadar uzatmak. Ancak i\u015fler planlad\u0131\u011f\u0131 gibi gitmez. Ba\u015f\u0131na gelenlerden kurtulmaya \u00e7al\u0131\u015f\u0131rken Paytak Y\u0131lmaz\u2019la kar\u015f\u0131la\u015f\u0131r ve bu iki kafadar kendilerini b\u00fcy\u00fcklerin d\u00fcnyas\u0131nda bir maceran\u0131n i\u00e7inde bulur.R\u0131fat Ilgaz\u2019\u0131n Bacaks\u0131z\u2019\u0131n ba\u015f\u0131ndan ge\u00e7enleri anlatt\u0131\u011f\u0131 Bacaks\u0131z Kamyon S\u00fcr\u00fcc\u00fcs\u00fc, Bacaks\u0131z Okulda, Bacaks\u0131z Paral\u0131 Atlet ve Bacaks\u0131z Tatil K\u00f6y\u00fcnde adl\u0131 di\u011fer kitaplar\u0131 da b\u00fcy\u00fck keyifle okuyacaks\u0131n\u0131z.<\/p>\n","protected":false},"excerpt":{"rendered":"<p>\u201cYa polis gene g\u00f6r\u00fcrse bizi?\u201dBacaks\u0131z Bahri\u2019nin, \u00e7e\u015fme ba\u015f\u0131nda kovalar\u0131n\u0131 doldurmaya \u00e7al\u0131\u015fan G\u00fclten\u2019e yard\u0131m etmek i\u00e7in yine parlak bir fikri var: \u00c7e\u015fmeye takt\u0131\u011f\u0131 hortumu G\u00fclten\u2019in evine kadar<span class=\"excerpt-hellip\"> [\u2026]<\/span><\/p>\n","protected":false},"featured_media":0,"template":"","meta":{"_monsterinsights_skip_tracking":false,"_monsterinsights_sitenote_active":false,"_monsterinsights_sitenote_note":"","_monsterinsights_sitenote_category":0},"product_brand":[],"product_cat":[12274,12284],"product_tag":[],"class_list":{"0":"post-714609","1":"product","2":"type-product","3":"status-publish","5":"product_cat-cocuk-ve-genclik-kitaplari","6":"product_cat-hikayeler","7":"pa_cilt-ciltsiz","8":"pa_tur-kitap","9":"pa_yayinevi-cinar-yayinlari","10":"pa_yazar-rifat-ilgaz","12":"first","13":"instock","14":"sale","15":"shipping-taxable","16":"purchasable","17":"product-type-simple"},"_links":{"self":[{"href":"https:\/\/roveyayinevi.com.tr\/index.php\/wp-json\/wp\/v2\/product\/714609","targetHints":{"allow":["GET"]}}],"collection":[{"href":"https:\/\/roveyayinevi.com.tr\/index.php\/wp-json\/wp\/v2\/product"}],"about":[{"href":"https:\/\/roveyayinevi.com.tr\/index.php\/wp-json\/wp\/v2\/types\/product"}],"wp:attachment":[{"href":"https:\/\/roveyayinevi.com.tr\/index.php\/wp-json\/wp\/v2\/media?parent=714609"}],"wp:term":[{"taxonomy":"product_brand","embeddable":true,"href":"https:\/\/roveyayinevi.com.tr\/index.php\/wp-json\/wp\/v2\/product_brand?post=714609"},{"taxonomy":"product_cat","embeddable":true,"href":"https:\/\/roveyayinevi.com.tr\/index.php\/wp-json\/wp\/v2\/product_cat?post=714609"},{"taxonomy":"product_tag","embeddable":true,"href":"https:\/\/roveyayinevi.com.tr\/index.php\/wp-json\/wp\/v2\/product_tag?post=714609"}],"curies":[{"name":"wp","href":"https:\/\/api.w.org\/{rel}","templated":true}]}}